{"id":7019,"date":"2024-05-23T09:06:10","date_gmt":"2024-05-23T07:06:10","guid":{"rendered":"https:\/\/grupoalcazar.net\/services\/restructuration-de-lentreprise\/"},"modified":"2026-02-18T18:27:44","modified_gmt":"2026-02-18T17:27:44","slug":"restructuration-de-lentreprise","status":"publish","type":"page","link":"https:\/\/grupoalcazar.net\/fr\/services\/restructuration-de-lentreprise\/","title":{"rendered":"Restructuration de l&rsquo;entreprise"},"content":{"rendered":"\n<h3 class=\"wp-block-heading\">Conduite et efficacit\u00e9 vont de pair<\/h3>\n\n<h3 class=\"wp-block-heading\">Que faisons-nous ?<\/h3>\n\n<p>Le d\u00e9partement fournit des services juridiques et financiers pour faciliter la croissance des entreprises en mettant en place des structures d&rsquo;entreprise efficaces.\nIl s&rsquo;agit notamment d&rsquo;assurer la continuit\u00e9 des activit\u00e9s, de pr\u00e9parer les investissements dans de nouveaux projets et de g\u00e9rer l&rsquo;entr\u00e9e et la sortie des partenaires. <\/p>\n\n<p>Ces caract\u00e9ristiques de nos services visent sp\u00e9cifiquement \u00e0 atteindre les objectifs suivants<\/p>\n\n<ul class=\"wp-block-list\">\n<li>Protection du patrimoine et diversification des risques.<\/li>\n\n\n\n<li>Planifier le processus de succession afin d&rsquo;assurer la continuit\u00e9 de l&rsquo;entreprise et l&rsquo;optimisation de sa charge fiscale (droits de succession et de donation).<\/li>\n\n\n\n<li>Optimisation fiscale de l&rsquo;imp\u00f4t sur la fortune pour les propri\u00e9taires de soci\u00e9t\u00e9s.<\/li>\n\n\n\n<li>Utiliser au maximum les avantages fiscaux de la consolidation fiscale (imp\u00f4t sur les soci\u00e9t\u00e9s et TVA) de toutes les soci\u00e9t\u00e9s du groupe.<\/li>\n\n\n\n<li>L&rsquo;entr\u00e9e de nouveaux partenaires dans les diff\u00e9rentes activit\u00e9s de l&rsquo;entreprise.<\/li>\n\n\n\n<li>Optimiser les co\u00fbts salariaux de l&rsquo;entreprise en appliquant les diff\u00e9rentes conventions collectives.<\/li>\n\n\n\n<li>La pr\u00e9paration et l&rsquo;optimisation fiscale de l&rsquo;entreprise en vue de sa vente ou d&rsquo;une partie de celle-ci<\/li>\n<\/ul>\n","protected":false},"excerpt":{"rendered":"<p>Conduite et efficacit\u00e9 vont de pair Que faisons-nous ? Le d\u00e9partement fournit des services juridiques et financiers pour faciliter la croissance des entreprises en mettant en place des structures d&rsquo;entreprise efficaces. Il s&rsquo;agit notamment d&rsquo;assurer la continuit\u00e9 des activit\u00e9s, de pr\u00e9parer les investissements dans de nouveaux projets et de g\u00e9rer l&rsquo;entr\u00e9e et la sortie des [&hellip;]<\/p>\n","protected":false},"author":1,"featured_media":7003,"parent":6959,"menu_order":0,"comment_status":"closed","ping_status":"closed","template":"","meta":{"footnotes":""},"tipo-de-pagina":[1091],"class_list":["post-7019","page","type-page","status-publish","has-post-thumbnail","hentry"],"yoast_head":"<!-- This site is optimized with the Yoast SEO plugin v27.3 - https:\/\/yoast.com\/product\/yoast-seo-wordpress\/ -->\n<title>Restructuration de l\u2019entreprise : conseils juridiques<\/title>\n<meta name=\"description\" content=\"Nos experts accompagnent les entreprises dans leur restructuration pour optimiser organisation, prot\u00e9ger actifs et s\u00e9curiser d\u00e9cisions strat\u00e9giques.\" \/>\n<meta name=\"robots\" content=\"index, follow, max-snippet:-1, max-image-preview:large, max-video-preview:-1\" \/>\n<link rel=\"canonical\" href=\"https:\/\/grupoalcazar.net\/fr\/services\/restructuration-de-lentreprise\/\" \/>\n<meta property=\"og:locale\" content=\"fr_FR\" \/>\n<meta property=\"og:type\" content=\"article\" \/>\n<meta property=\"og:title\" content=\"Restructuration de l\u2019entreprise : conseils juridiques\" \/>\n<meta property=\"og:description\" content=\"Nos experts accompagnent les entreprises dans leur restructuration pour optimiser organisation, prot\u00e9ger actifs et s\u00e9curiser d\u00e9cisions strat\u00e9giques.\" \/>\n<meta property=\"og:url\" content=\"https:\/\/grupoalcazar.net\/fr\/services\/restructuration-de-lentreprise\/\" \/>\n<meta property=\"og:site_name\" content=\"Alc\u00e1zar Abogados - Grupo Alc\u00e1zar\" \/>\n<meta property=\"article:modified_time\" content=\"2026-02-18T17:27:44+00:00\" \/>\n<meta property=\"og:image\" content=\"https:\/\/grupoalcazar.net\/wp-content\/uploads\/2024\/06\/Escudo-Grupo-Alcazar.webp\" \/>\n\t<meta property=\"og:image:width\" content=\"674\" \/>\n\t<meta property=\"og:image:height\" content=\"916\" \/>\n\t<meta property=\"og:image:type\" content=\"image\/webp\" \/>\n<meta name=\"twitter:card\" content=\"summary_large_image\" \/>\n<meta name=\"twitter:label1\" content=\"Dur\u00e9e de lecture estim\u00e9e\" \/>\n\t<meta name=\"twitter:data1\" content=\"1 minute\" \/>\n<script type=\"application\/ld+json\" class=\"yoast-schema-graph\">{\"@context\":\"https:\\\/\\\/schema.org\",\"@graph\":[{\"@type\":\"WebPage\",\"@id\":\"https:\\\/\\\/grupoalcazar.net\\\/fr\\\/services\\\/restructuration-de-lentreprise\\\/\",\"url\":\"https:\\\/\\\/grupoalcazar.net\\\/fr\\\/services\\\/restructuration-de-lentreprise\\\/\",\"name\":\"Restructuration de l\u2019entreprise : conseils juridiques\",\"isPartOf\":{\"@id\":\"https:\\\/\\\/grupoalcazar.net\\\/fr\\\/#website\"},\"primaryImageOfPage\":{\"@id\":\"https:\\\/\\\/grupoalcazar.net\\\/fr\\\/services\\\/restructuration-de-lentreprise\\\/#primaryimage\"},\"image\":{\"@id\":\"https:\\\/\\\/grupoalcazar.net\\\/fr\\\/services\\\/restructuration-de-lentreprise\\\/#primaryimage\"},\"thumbnailUrl\":\"https:\\\/\\\/grupoalcazar.net\\\/wp-content\\\/uploads\\\/2024\\\/06\\\/Escudo-Grupo-Alcazar.webp\",\"datePublished\":\"2024-05-23T07:06:10+00:00\",\"dateModified\":\"2026-02-18T17:27:44+00:00\",\"description\":\"Nos experts accompagnent les entreprises dans leur restructuration pour optimiser organisation, prot\u00e9ger actifs et s\u00e9curiser d\u00e9cisions strat\u00e9giques.\",\"breadcrumb\":{\"@id\":\"https:\\\/\\\/grupoalcazar.net\\\/fr\\\/services\\\/restructuration-de-lentreprise\\\/#breadcrumb\"},\"inLanguage\":\"fr-FR\",\"potentialAction\":[{\"@type\":\"ReadAction\",\"target\":[\"https:\\\/\\\/grupoalcazar.net\\\/fr\\\/services\\\/restructuration-de-lentreprise\\\/\"]}]},{\"@type\":\"ImageObject\",\"inLanguage\":\"fr-FR\",\"@id\":\"https:\\\/\\\/grupoalcazar.net\\\/fr\\\/services\\\/restructuration-de-lentreprise\\\/#primaryimage\",\"url\":\"https:\\\/\\\/grupoalcazar.net\\\/wp-content\\\/uploads\\\/2024\\\/06\\\/Escudo-Grupo-Alcazar.webp\",\"contentUrl\":\"https:\\\/\\\/grupoalcazar.net\\\/wp-content\\\/uploads\\\/2024\\\/06\\\/Escudo-Grupo-Alcazar.webp\",\"width\":674,\"height\":916},{\"@type\":\"BreadcrumbList\",\"@id\":\"https:\\\/\\\/grupoalcazar.net\\\/fr\\\/services\\\/restructuration-de-lentreprise\\\/#breadcrumb\",\"itemListElement\":[{\"@type\":\"ListItem\",\"position\":1,\"name\":\"Portada\",\"item\":\"https:\\\/\\\/grupoalcazar.net\\\/fr\\\/\"},{\"@type\":\"ListItem\",\"position\":2,\"name\":\"Services\",\"item\":\"https:\\\/\\\/grupoalcazar.net\\\/fr\\\/services\\\/\"},{\"@type\":\"ListItem\",\"position\":3,\"name\":\"Restructuration de l&#8217;entreprise\"}]},{\"@type\":\"WebSite\",\"@id\":\"https:\\\/\\\/grupoalcazar.net\\\/fr\\\/#website\",\"url\":\"https:\\\/\\\/grupoalcazar.net\\\/fr\\\/\",\"name\":\"Alc\u00e1zar Abogados - Grupo Alc\u00e1zar\",\"description\":\"\",\"potentialAction\":[{\"@type\":\"SearchAction\",\"target\":{\"@type\":\"EntryPoint\",\"urlTemplate\":\"https:\\\/\\\/grupoalcazar.net\\\/fr\\\/?s={search_term_string}\"},\"query-input\":{\"@type\":\"PropertyValueSpecification\",\"valueRequired\":true,\"valueName\":\"search_term_string\"}}],\"inLanguage\":\"fr-FR\"}]}<\/script>\n<!-- \/ Yoast SEO plugin. -->","yoast_head_json":{"title":"Restructuration de l\u2019entreprise : conseils juridiques","description":"Nos experts accompagnent les entreprises dans leur restructuration pour optimiser organisation, prot\u00e9ger actifs et s\u00e9curiser d\u00e9cisions strat\u00e9giques.","robots":{"index":"index","follow":"follow","max-snippet":"max-snippet:-1","max-image-preview":"max-image-preview:large","max-video-preview":"max-video-preview:-1"},"canonical":"https:\/\/grupoalcazar.net\/fr\/services\/restructuration-de-lentreprise\/","og_locale":"fr_FR","og_type":"article","og_title":"Restructuration de l\u2019entreprise : conseils juridiques","og_description":"Nos experts accompagnent les entreprises dans leur restructuration pour optimiser organisation, prot\u00e9ger actifs et s\u00e9curiser d\u00e9cisions strat\u00e9giques.","og_url":"https:\/\/grupoalcazar.net\/fr\/services\/restructuration-de-lentreprise\/","og_site_name":"Alc\u00e1zar Abogados - Grupo Alc\u00e1zar","article_modified_time":"2026-02-18T17:27:44+00:00","og_image":[{"width":674,"height":916,"url":"https:\/\/grupoalcazar.net\/wp-content\/uploads\/2024\/06\/Escudo-Grupo-Alcazar.webp","type":"image\/webp"}],"twitter_card":"summary_large_image","twitter_misc":{"Dur\u00e9e de lecture estim\u00e9e":"1 minute"},"schema":{"@context":"https:\/\/schema.org","@graph":[{"@type":"WebPage","@id":"https:\/\/grupoalcazar.net\/fr\/services\/restructuration-de-lentreprise\/","url":"https:\/\/grupoalcazar.net\/fr\/services\/restructuration-de-lentreprise\/","name":"Restructuration de l\u2019entreprise : conseils juridiques","isPartOf":{"@id":"https:\/\/grupoalcazar.net\/fr\/#website"},"primaryImageOfPage":{"@id":"https:\/\/grupoalcazar.net\/fr\/services\/restructuration-de-lentreprise\/#primaryimage"},"image":{"@id":"https:\/\/grupoalcazar.net\/fr\/services\/restructuration-de-lentreprise\/#primaryimage"},"thumbnailUrl":"https:\/\/grupoalcazar.net\/wp-content\/uploads\/2024\/06\/Escudo-Grupo-Alcazar.webp","datePublished":"2024-05-23T07:06:10+00:00","dateModified":"2026-02-18T17:27:44+00:00","description":"Nos experts accompagnent les entreprises dans leur restructuration pour optimiser organisation, prot\u00e9ger actifs et s\u00e9curiser d\u00e9cisions strat\u00e9giques.","breadcrumb":{"@id":"https:\/\/grupoalcazar.net\/fr\/services\/restructuration-de-lentreprise\/#breadcrumb"},"inLanguage":"fr-FR","potentialAction":[{"@type":"ReadAction","target":["https:\/\/grupoalcazar.net\/fr\/services\/restructuration-de-lentreprise\/"]}]},{"@type":"ImageObject","inLanguage":"fr-FR","@id":"https:\/\/grupoalcazar.net\/fr\/services\/restructuration-de-lentreprise\/#primaryimage","url":"https:\/\/grupoalcazar.net\/wp-content\/uploads\/2024\/06\/Escudo-Grupo-Alcazar.webp","contentUrl":"https:\/\/grupoalcazar.net\/wp-content\/uploads\/2024\/06\/Escudo-Grupo-Alcazar.webp","width":674,"height":916},{"@type":"BreadcrumbList","@id":"https:\/\/grupoalcazar.net\/fr\/services\/restructuration-de-lentreprise\/#breadcrumb","itemListElement":[{"@type":"ListItem","position":1,"name":"Portada","item":"https:\/\/grupoalcazar.net\/fr\/"},{"@type":"ListItem","position":2,"name":"Services","item":"https:\/\/grupoalcazar.net\/fr\/services\/"},{"@type":"ListItem","position":3,"name":"Restructuration de l&#8217;entreprise"}]},{"@type":"WebSite","@id":"https:\/\/grupoalcazar.net\/fr\/#website","url":"https:\/\/grupoalcazar.net\/fr\/","name":"Alc\u00e1zar Abogados - Grupo Alc\u00e1zar","description":"","potentialAction":[{"@type":"SearchAction","target":{"@type":"EntryPoint","urlTemplate":"https:\/\/grupoalcazar.net\/fr\/?s={search_term_string}"},"query-input":{"@type":"PropertyValueSpecification","valueRequired":true,"valueName":"search_term_string"}}],"inLanguage":"fr-FR"}]}},"_links":{"self":[{"href":"https:\/\/grupoalcazar.net\/fr\/wp-json\/wp\/v2\/pages\/7019","targetHints":{"allow":["GET"]}}],"collection":[{"href":"https:\/\/grupoalcazar.net\/fr\/wp-json\/wp\/v2\/pages"}],"about":[{"href":"https:\/\/grupoalcazar.net\/fr\/wp-json\/wp\/v2\/types\/page"}],"author":[{"embeddable":true,"href":"https:\/\/grupoalcazar.net\/fr\/wp-json\/wp\/v2\/users\/1"}],"replies":[{"embeddable":true,"href":"https:\/\/grupoalcazar.net\/fr\/wp-json\/wp\/v2\/comments?post=7019"}],"version-history":[{"count":1,"href":"https:\/\/grupoalcazar.net\/fr\/wp-json\/wp\/v2\/pages\/7019\/revisions"}],"predecessor-version":[{"id":7020,"href":"https:\/\/grupoalcazar.net\/fr\/wp-json\/wp\/v2\/pages\/7019\/revisions\/7020"}],"up":[{"embeddable":true,"href":"https:\/\/grupoalcazar.net\/fr\/wp-json\/wp\/v2\/pages\/6959"}],"wp:featuredmedia":[{"embeddable":true,"href":"https:\/\/grupoalcazar.net\/fr\/wp-json\/wp\/v2\/media\/7003"}],"wp:attachment":[{"href":"https:\/\/grupoalcazar.net\/fr\/wp-json\/wp\/v2\/media?parent=7019"}],"wp:term":[{"taxonomy":"tipo-de-pagina","embeddable":true,"href":"https:\/\/grupoalcazar.net\/fr\/wp-json\/wp\/v2\/tipo-de-pagina?post=7019"}],"curies":[{"name":"wp","href":"https:\/\/api.w.org\/{rel}","templated":true}]}}