{"id":7017,"date":"2024-05-23T10:03:51","date_gmt":"2024-05-23T08:03:51","guid":{"rendered":"https:\/\/grupoalcazar.net\/services\/penalites-economiques\/"},"modified":"2026-02-18T18:26:46","modified_gmt":"2026-02-18T17:26:46","slug":"penalites-economiques","status":"publish","type":"page","link":"https:\/\/grupoalcazar.net\/fr\/services\/penalites-economiques\/","title":{"rendered":"P\u00e9nalit\u00e9s \u00e9conomiques"},"content":{"rendered":"\n<h3 class=\"wp-block-heading\"><strong>Des strat\u00e9gies juridiques solides pour prot\u00e9ger vos int\u00e9r\u00eats<\/strong><\/h3>\n\n<p>\u00c9tant donn\u00e9 que l&rsquo;une des principales forces de notre cabinet r\u00e9side dans les probl\u00e8mes qui se posent au sein d&rsquo;une entreprise, nous avons acquis une grande exp\u00e9rience dans l&rsquo;identification, la pr\u00e9vention, la protection et la d\u00e9fense des proc\u00e9dures li\u00e9es \u00e0 la commission de d\u00e9lits \u00e9conomiques.<\/p>\n\n<p>L&rsquo;approche d&rsquo;ALC\u00c1ZAR dans ce type d&rsquo;affaires n&rsquo;est pas seulement ax\u00e9e sur l&rsquo;\u00e9tude de l&rsquo;aspect p\u00e9nal, mais implique \u00e9galement des professionnels sp\u00e9cialis\u00e9s dans la fiscalit\u00e9, l&rsquo;analyse financi\u00e8re et le contentieux, afin d&rsquo;obtenir l&rsquo;approche multidisciplinaire requise.\nLa d\u00e9fense des proc\u00e9dures p\u00e9nales financi\u00e8res n\u00e9cessite l&rsquo;appui d&rsquo;experts ind\u00e9pendants pour analyser les moyens de d\u00e9fense ou d&rsquo;accusation sur lesquels se fondent les proc\u00e9dures judiciaires. <\/p>\n","protected":false},"excerpt":{"rendered":"<p>Des strat\u00e9gies juridiques solides pour prot\u00e9ger vos int\u00e9r\u00eats \u00c9tant donn\u00e9 que l&rsquo;une des principales forces de notre cabinet r\u00e9side dans les probl\u00e8mes qui se posent au sein d&rsquo;une entreprise, nous avons acquis une grande exp\u00e9rience dans l&rsquo;identification, la pr\u00e9vention, la protection et la d\u00e9fense des proc\u00e9dures li\u00e9es \u00e0 la commission de d\u00e9lits \u00e9conomiques. L&rsquo;approche d&rsquo;ALC\u00c1ZAR [&hellip;]<\/p>\n","protected":false},"author":1,"featured_media":7009,"parent":6959,"menu_order":0,"comment_status":"closed","ping_status":"closed","template":"","meta":{"footnotes":""},"tipo-de-pagina":[1091],"class_list":["post-7017","page","type-page","status-publish","has-post-thumbnail","hentry"],"yoast_head":"<!-- This site is optimized with the Yoast SEO plugin v27.3 - https:\/\/yoast.com\/product\/yoast-seo-wordpress\/ -->\n<title>P\u00e9nalit\u00e9s \u00e9conomiques : conseils juridiques experts<\/title>\n<meta name=\"description\" content=\"Nos experts accompagnent entreprises et dirigeants pour g\u00e9rer p\u00e9nalit\u00e9s \u00e9conomiques, pr\u00e9venir risques et s\u00e9curiser d\u00e9cisions et strat\u00e9gies juridiques.\" \/>\n<meta name=\"robots\" content=\"index, follow, max-snippet:-1, max-image-preview:large, max-video-preview:-1\" \/>\n<link rel=\"canonical\" href=\"https:\/\/grupoalcazar.net\/fr\/services\/penalites-economiques\/\" \/>\n<meta property=\"og:locale\" content=\"fr_FR\" \/>\n<meta property=\"og:type\" content=\"article\" \/>\n<meta property=\"og:title\" content=\"P\u00e9nalit\u00e9s \u00e9conomiques : conseils juridiques experts\" \/>\n<meta property=\"og:description\" content=\"Nos experts accompagnent entreprises et dirigeants pour g\u00e9rer p\u00e9nalit\u00e9s \u00e9conomiques, pr\u00e9venir risques et s\u00e9curiser d\u00e9cisions et strat\u00e9gies juridiques.\" \/>\n<meta property=\"og:url\" content=\"https:\/\/grupoalcazar.net\/fr\/services\/penalites-economiques\/\" \/>\n<meta property=\"og:site_name\" content=\"Alc\u00e1zar Abogados - Grupo Alc\u00e1zar\" \/>\n<meta property=\"article:modified_time\" content=\"2026-02-18T17:26:46+00:00\" \/>\n<meta property=\"og:image\" content=\"https:\/\/grupoalcazar.net\/wp-content\/uploads\/2024\/06\/5.webp\" \/>\n\t<meta property=\"og:image:width\" content=\"674\" \/>\n\t<meta property=\"og:image:height\" content=\"916\" \/>\n\t<meta property=\"og:image:type\" content=\"image\/webp\" \/>\n<meta name=\"twitter:card\" content=\"summary_large_image\" \/>\n<meta name=\"twitter:label1\" content=\"Dur\u00e9e de lecture estim\u00e9e\" \/>\n\t<meta name=\"twitter:data1\" content=\"1 minute\" \/>\n<script type=\"application\/ld+json\" class=\"yoast-schema-graph\">{\"@context\":\"https:\\\/\\\/schema.org\",\"@graph\":[{\"@type\":\"WebPage\",\"@id\":\"https:\\\/\\\/grupoalcazar.net\\\/fr\\\/services\\\/penalites-economiques\\\/\",\"url\":\"https:\\\/\\\/grupoalcazar.net\\\/fr\\\/services\\\/penalites-economiques\\\/\",\"name\":\"P\u00e9nalit\u00e9s \u00e9conomiques : conseils juridiques experts\",\"isPartOf\":{\"@id\":\"https:\\\/\\\/grupoalcazar.net\\\/fr\\\/#website\"},\"primaryImageOfPage\":{\"@id\":\"https:\\\/\\\/grupoalcazar.net\\\/fr\\\/services\\\/penalites-economiques\\\/#primaryimage\"},\"image\":{\"@id\":\"https:\\\/\\\/grupoalcazar.net\\\/fr\\\/services\\\/penalites-economiques\\\/#primaryimage\"},\"thumbnailUrl\":\"https:\\\/\\\/grupoalcazar.net\\\/wp-content\\\/uploads\\\/2024\\\/06\\\/5.webp\",\"datePublished\":\"2024-05-23T08:03:51+00:00\",\"dateModified\":\"2026-02-18T17:26:46+00:00\",\"description\":\"Nos experts accompagnent entreprises et dirigeants pour g\u00e9rer p\u00e9nalit\u00e9s \u00e9conomiques, pr\u00e9venir risques et s\u00e9curiser d\u00e9cisions et strat\u00e9gies juridiques.\",\"breadcrumb\":{\"@id\":\"https:\\\/\\\/grupoalcazar.net\\\/fr\\\/services\\\/penalites-economiques\\\/#breadcrumb\"},\"inLanguage\":\"fr-FR\",\"potentialAction\":[{\"@type\":\"ReadAction\",\"target\":[\"https:\\\/\\\/grupoalcazar.net\\\/fr\\\/services\\\/penalites-economiques\\\/\"]}]},{\"@type\":\"ImageObject\",\"inLanguage\":\"fr-FR\",\"@id\":\"https:\\\/\\\/grupoalcazar.net\\\/fr\\\/services\\\/penalites-economiques\\\/#primaryimage\",\"url\":\"https:\\\/\\\/grupoalcazar.net\\\/wp-content\\\/uploads\\\/2024\\\/06\\\/5.webp\",\"contentUrl\":\"https:\\\/\\\/grupoalcazar.net\\\/wp-content\\\/uploads\\\/2024\\\/06\\\/5.webp\",\"width\":674,\"height\":916},{\"@type\":\"BreadcrumbList\",\"@id\":\"https:\\\/\\\/grupoalcazar.net\\\/fr\\\/services\\\/penalites-economiques\\\/#breadcrumb\",\"itemListElement\":[{\"@type\":\"ListItem\",\"position\":1,\"name\":\"Portada\",\"item\":\"https:\\\/\\\/grupoalcazar.net\\\/fr\\\/\"},{\"@type\":\"ListItem\",\"position\":2,\"name\":\"Services\",\"item\":\"https:\\\/\\\/grupoalcazar.net\\\/fr\\\/services\\\/\"},{\"@type\":\"ListItem\",\"position\":3,\"name\":\"P\u00e9nalit\u00e9s \u00e9conomiques\"}]},{\"@type\":\"WebSite\",\"@id\":\"https:\\\/\\\/grupoalcazar.net\\\/fr\\\/#website\",\"url\":\"https:\\\/\\\/grupoalcazar.net\\\/fr\\\/\",\"name\":\"Alc\u00e1zar Abogados - Grupo Alc\u00e1zar\",\"description\":\"\",\"potentialAction\":[{\"@type\":\"SearchAction\",\"target\":{\"@type\":\"EntryPoint\",\"urlTemplate\":\"https:\\\/\\\/grupoalcazar.net\\\/fr\\\/?s={search_term_string}\"},\"query-input\":{\"@type\":\"PropertyValueSpecification\",\"valueRequired\":true,\"valueName\":\"search_term_string\"}}],\"inLanguage\":\"fr-FR\"}]}<\/script>\n<!-- \/ Yoast SEO plugin. -->","yoast_head_json":{"title":"P\u00e9nalit\u00e9s \u00e9conomiques : conseils juridiques experts","description":"Nos experts accompagnent entreprises et dirigeants pour g\u00e9rer p\u00e9nalit\u00e9s \u00e9conomiques, pr\u00e9venir risques et s\u00e9curiser d\u00e9cisions et strat\u00e9gies juridiques.","robots":{"index":"index","follow":"follow","max-snippet":"max-snippet:-1","max-image-preview":"max-image-preview:large","max-video-preview":"max-video-preview:-1"},"canonical":"https:\/\/grupoalcazar.net\/fr\/services\/penalites-economiques\/","og_locale":"fr_FR","og_type":"article","og_title":"P\u00e9nalit\u00e9s \u00e9conomiques : conseils juridiques experts","og_description":"Nos experts accompagnent entreprises et dirigeants pour g\u00e9rer p\u00e9nalit\u00e9s \u00e9conomiques, pr\u00e9venir risques et s\u00e9curiser d\u00e9cisions et strat\u00e9gies juridiques.","og_url":"https:\/\/grupoalcazar.net\/fr\/services\/penalites-economiques\/","og_site_name":"Alc\u00e1zar Abogados - Grupo Alc\u00e1zar","article_modified_time":"2026-02-18T17:26:46+00:00","og_image":[{"width":674,"height":916,"url":"https:\/\/grupoalcazar.net\/wp-content\/uploads\/2024\/06\/5.webp","type":"image\/webp"}],"twitter_card":"summary_large_image","twitter_misc":{"Dur\u00e9e de lecture estim\u00e9e":"1 minute"},"schema":{"@context":"https:\/\/schema.org","@graph":[{"@type":"WebPage","@id":"https:\/\/grupoalcazar.net\/fr\/services\/penalites-economiques\/","url":"https:\/\/grupoalcazar.net\/fr\/services\/penalites-economiques\/","name":"P\u00e9nalit\u00e9s \u00e9conomiques : conseils juridiques experts","isPartOf":{"@id":"https:\/\/grupoalcazar.net\/fr\/#website"},"primaryImageOfPage":{"@id":"https:\/\/grupoalcazar.net\/fr\/services\/penalites-economiques\/#primaryimage"},"image":{"@id":"https:\/\/grupoalcazar.net\/fr\/services\/penalites-economiques\/#primaryimage"},"thumbnailUrl":"https:\/\/grupoalcazar.net\/wp-content\/uploads\/2024\/06\/5.webp","datePublished":"2024-05-23T08:03:51+00:00","dateModified":"2026-02-18T17:26:46+00:00","description":"Nos experts accompagnent entreprises et dirigeants pour g\u00e9rer p\u00e9nalit\u00e9s \u00e9conomiques, pr\u00e9venir risques et s\u00e9curiser d\u00e9cisions et strat\u00e9gies juridiques.","breadcrumb":{"@id":"https:\/\/grupoalcazar.net\/fr\/services\/penalites-economiques\/#breadcrumb"},"inLanguage":"fr-FR","potentialAction":[{"@type":"ReadAction","target":["https:\/\/grupoalcazar.net\/fr\/services\/penalites-economiques\/"]}]},{"@type":"ImageObject","inLanguage":"fr-FR","@id":"https:\/\/grupoalcazar.net\/fr\/services\/penalites-economiques\/#primaryimage","url":"https:\/\/grupoalcazar.net\/wp-content\/uploads\/2024\/06\/5.webp","contentUrl":"https:\/\/grupoalcazar.net\/wp-content\/uploads\/2024\/06\/5.webp","width":674,"height":916},{"@type":"BreadcrumbList","@id":"https:\/\/grupoalcazar.net\/fr\/services\/penalites-economiques\/#breadcrumb","itemListElement":[{"@type":"ListItem","position":1,"name":"Portada","item":"https:\/\/grupoalcazar.net\/fr\/"},{"@type":"ListItem","position":2,"name":"Services","item":"https:\/\/grupoalcazar.net\/fr\/services\/"},{"@type":"ListItem","position":3,"name":"P\u00e9nalit\u00e9s \u00e9conomiques"}]},{"@type":"WebSite","@id":"https:\/\/grupoalcazar.net\/fr\/#website","url":"https:\/\/grupoalcazar.net\/fr\/","name":"Alc\u00e1zar Abogados - Grupo Alc\u00e1zar","description":"","potentialAction":[{"@type":"SearchAction","target":{"@type":"EntryPoint","urlTemplate":"https:\/\/grupoalcazar.net\/fr\/?s={search_term_string}"},"query-input":{"@type":"PropertyValueSpecification","valueRequired":true,"valueName":"search_term_string"}}],"inLanguage":"fr-FR"}]}},"_links":{"self":[{"href":"https:\/\/grupoalcazar.net\/fr\/wp-json\/wp\/v2\/pages\/7017","targetHints":{"allow":["GET"]}}],"collection":[{"href":"https:\/\/grupoalcazar.net\/fr\/wp-json\/wp\/v2\/pages"}],"about":[{"href":"https:\/\/grupoalcazar.net\/fr\/wp-json\/wp\/v2\/types\/page"}],"author":[{"embeddable":true,"href":"https:\/\/grupoalcazar.net\/fr\/wp-json\/wp\/v2\/users\/1"}],"replies":[{"embeddable":true,"href":"https:\/\/grupoalcazar.net\/fr\/wp-json\/wp\/v2\/comments?post=7017"}],"version-history":[{"count":1,"href":"https:\/\/grupoalcazar.net\/fr\/wp-json\/wp\/v2\/pages\/7017\/revisions"}],"predecessor-version":[{"id":7018,"href":"https:\/\/grupoalcazar.net\/fr\/wp-json\/wp\/v2\/pages\/7017\/revisions\/7018"}],"up":[{"embeddable":true,"href":"https:\/\/grupoalcazar.net\/fr\/wp-json\/wp\/v2\/pages\/6959"}],"wp:featuredmedia":[{"embeddable":true,"href":"https:\/\/grupoalcazar.net\/fr\/wp-json\/wp\/v2\/media\/7009"}],"wp:attachment":[{"href":"https:\/\/grupoalcazar.net\/fr\/wp-json\/wp\/v2\/media?parent=7017"}],"wp:term":[{"taxonomy":"tipo-de-pagina","embeddable":true,"href":"https:\/\/grupoalcazar.net\/fr\/wp-json\/wp\/v2\/tipo-de-pagina?post=7017"}],"curies":[{"name":"wp","href":"https:\/\/api.w.org\/{rel}","templated":true}]}}