{"id":7015,"date":"2024-05-23T10:00:52","date_gmt":"2024-05-23T08:00:52","guid":{"rendered":"https:\/\/grupoalcazar.net\/services\/pacte-de-partenariat-et-protocole-familial\/"},"modified":"2026-02-19T13:44:11","modified_gmt":"2026-02-19T12:44:11","slug":"pacte-de-partenariat-et-protocole-familial","status":"publish","type":"page","link":"https:\/\/grupoalcazar.net\/fr\/services\/pacte-de-partenariat-et-protocole-familial\/","title":{"rendered":"Pacte de partenariat et protocole familial"},"content":{"rendered":"\n<p><strong>Fixer des r\u00e8gles pour prot\u00e9ger votre entreprise<\/strong><\/p>\n\n<p>Le pacte d&rsquo;actionnaires est l&rsquo;outil qui permet d&rsquo;\u00e9tablir les r\u00e8gles d&rsquo;organisation d&rsquo;une entreprise dans ses principaux domaines \u00e9conomiques et d\u00e9cisionnels, afin de prot\u00e9ger l&rsquo;entreprise des situations de crise et de conflit.\nLa r\u00e9daction et la signature d&rsquo;un pacte d&rsquo;actionnaires ont plusieurs objectifs : confirmer que chacun des associ\u00e9s comprend les obligations qu&rsquo;il assume en d\u00e9marrant la nouvelle entreprise, et \u00e9tablir les r\u00e8gles de fonctionnement ou, \u00e0 d\u00e9faut, r\u00e9gler la mani\u00e8re de r\u00e9soudre les conflits qui peuvent survenir. <\/p>\n\n<p>Dans un pacte d&rsquo;actionnaires, la forme d&rsquo;action est pr\u00e9\u00e9tablie dans la majorit\u00e9 des cas :<\/p>\n\n<ul class=\"wp-block-list\">\n<li>Situations de blocage dans l&rsquo;entreprise en raison d&rsquo;un conflit d&rsquo;associ\u00e9s.<\/li>\n\n\n\n<li>Vente d&rsquo;actifs sans le consentement des associ\u00e9s.<\/li>\n\n\n\n<li>Embauche de personnes li\u00e9es aux administrateurs sans le consentement des actionnaires.<\/li>\n\n\n\n<li>Information des partenaires.<\/li>\n\n\n\n<li>Mise \u00e0 disposition des fonds n\u00e9cessaires \u00e0 la poursuite des activit\u00e9s de l&rsquo;entreprise.<\/li>\n\n\n\n<li>Distribution de dividendes.<\/li>\n\n\n\n<li>Dissolution du mariage des associ\u00e9s, afin d&rsquo;\u00e9viter que les ex-conjoints ne soient associ\u00e9s dans la soci\u00e9t\u00e9.<\/li>\n\n\n\n<li>D\u00e9c\u00e8s ou incapacit\u00e9, afin d&rsquo;\u00e9viter que les biens ne soient transmis \u00e0 des tiers ext\u00e9rieurs \u00e0 l&rsquo;entreprise.<\/li>\n\n\n\n<li>D\u00e9tournement de portefeuilles de clients vers d&rsquo;autres entreprises par les administrations.<\/li>\n\n\n\n<li>Transferts de propri\u00e9t\u00e9 d&rsquo;actions \u00e0 des concurrents.<\/li>\n<\/ul>\n","protected":false},"excerpt":{"rendered":"<p>Fixer des r\u00e8gles pour prot\u00e9ger votre entreprise Le pacte d&rsquo;actionnaires est l&rsquo;outil qui permet d&rsquo;\u00e9tablir les r\u00e8gles d&rsquo;organisation d&rsquo;une entreprise dans ses principaux domaines \u00e9conomiques et d\u00e9cisionnels, afin de prot\u00e9ger l&rsquo;entreprise des situations de crise et de conflit. La r\u00e9daction et la signature d&rsquo;un pacte d&rsquo;actionnaires ont plusieurs objectifs : confirmer que chacun des associ\u00e9s [&hellip;]<\/p>\n","protected":false},"author":1,"featured_media":7007,"parent":6959,"menu_order":0,"comment_status":"closed","ping_status":"closed","template":"","meta":{"footnotes":""},"tipo-de-pagina":[1091],"class_list":["post-7015","page","type-page","status-publish","has-post-thumbnail","hentry"],"yoast_head":"<!-- This site is optimized with the Yoast SEO plugin v27.3 - https:\/\/yoast.com\/product\/yoast-seo-wordpress\/ -->\n<title>Pacte de partenariat et protocole familial : conseils<\/title>\n<meta name=\"description\" content=\"Conseil juridique pour la r\u00e9daction de pactes d&#039;associ\u00e9s et protocoles familiaux. Assurez la continuit\u00e9 et la stabilit\u00e9 de votre entreprise en Espagne.\" \/>\n<meta name=\"robots\" content=\"index, follow, max-snippet:-1, max-image-preview:large, max-video-preview:-1\" \/>\n<link rel=\"canonical\" href=\"https:\/\/grupoalcazar.net\/fr\/services\/pacte-de-partenariat-et-protocole-familial\/\" \/>\n<meta property=\"og:locale\" content=\"fr_FR\" \/>\n<meta property=\"og:type\" content=\"article\" \/>\n<meta property=\"og:title\" content=\"Pacte de partenariat et protocole familial : conseils\" \/>\n<meta property=\"og:description\" content=\"Conseil juridique pour la r\u00e9daction de pactes d&#039;associ\u00e9s et protocoles familiaux. Assurez la continuit\u00e9 et la stabilit\u00e9 de votre entreprise en Espagne.\" \/>\n<meta property=\"og:url\" content=\"https:\/\/grupoalcazar.net\/fr\/services\/pacte-de-partenariat-et-protocole-familial\/\" \/>\n<meta property=\"og:site_name\" content=\"Alc\u00e1zar Abogados - Grupo Alc\u00e1zar\" \/>\n<meta property=\"article:modified_time\" content=\"2026-02-19T12:44:11+00:00\" \/>\n<meta property=\"og:image\" content=\"https:\/\/grupoalcazar.net\/wp-content\/uploads\/2024\/06\/Reestructuracion-Empresas.webp\" \/>\n\t<meta property=\"og:image:width\" content=\"674\" \/>\n\t<meta property=\"og:image:height\" content=\"916\" \/>\n\t<meta property=\"og:image:type\" content=\"image\/webp\" \/>\n<meta name=\"twitter:card\" content=\"summary_large_image\" \/>\n<meta name=\"twitter:label1\" content=\"Dur\u00e9e de lecture estim\u00e9e\" \/>\n\t<meta name=\"twitter:data1\" content=\"2 minutes\" \/>\n<script type=\"application\/ld+json\" class=\"yoast-schema-graph\">{\"@context\":\"https:\\\/\\\/schema.org\",\"@graph\":[{\"@type\":\"WebPage\",\"@id\":\"https:\\\/\\\/grupoalcazar.net\\\/fr\\\/services\\\/pacte-de-partenariat-et-protocole-familial\\\/\",\"url\":\"https:\\\/\\\/grupoalcazar.net\\\/fr\\\/services\\\/pacte-de-partenariat-et-protocole-familial\\\/\",\"name\":\"Pacte de partenariat et protocole familial : conseils\",\"isPartOf\":{\"@id\":\"https:\\\/\\\/grupoalcazar.net\\\/fr\\\/#website\"},\"primaryImageOfPage\":{\"@id\":\"https:\\\/\\\/grupoalcazar.net\\\/fr\\\/services\\\/pacte-de-partenariat-et-protocole-familial\\\/#primaryimage\"},\"image\":{\"@id\":\"https:\\\/\\\/grupoalcazar.net\\\/fr\\\/services\\\/pacte-de-partenariat-et-protocole-familial\\\/#primaryimage\"},\"thumbnailUrl\":\"https:\\\/\\\/grupoalcazar.net\\\/wp-content\\\/uploads\\\/2024\\\/06\\\/Reestructuracion-Empresas.webp\",\"datePublished\":\"2024-05-23T08:00:52+00:00\",\"dateModified\":\"2026-02-19T12:44:11+00:00\",\"description\":\"Conseil juridique pour la r\u00e9daction de pactes d'associ\u00e9s et protocoles familiaux. Assurez la continuit\u00e9 et la stabilit\u00e9 de votre entreprise en Espagne.\",\"breadcrumb\":{\"@id\":\"https:\\\/\\\/grupoalcazar.net\\\/fr\\\/services\\\/pacte-de-partenariat-et-protocole-familial\\\/#breadcrumb\"},\"inLanguage\":\"fr-FR\",\"potentialAction\":[{\"@type\":\"ReadAction\",\"target\":[\"https:\\\/\\\/grupoalcazar.net\\\/fr\\\/services\\\/pacte-de-partenariat-et-protocole-familial\\\/\"]}]},{\"@type\":\"ImageObject\",\"inLanguage\":\"fr-FR\",\"@id\":\"https:\\\/\\\/grupoalcazar.net\\\/fr\\\/services\\\/pacte-de-partenariat-et-protocole-familial\\\/#primaryimage\",\"url\":\"https:\\\/\\\/grupoalcazar.net\\\/wp-content\\\/uploads\\\/2024\\\/06\\\/Reestructuracion-Empresas.webp\",\"contentUrl\":\"https:\\\/\\\/grupoalcazar.net\\\/wp-content\\\/uploads\\\/2024\\\/06\\\/Reestructuracion-Empresas.webp\",\"width\":674,\"height\":916},{\"@type\":\"BreadcrumbList\",\"@id\":\"https:\\\/\\\/grupoalcazar.net\\\/fr\\\/services\\\/pacte-de-partenariat-et-protocole-familial\\\/#breadcrumb\",\"itemListElement\":[{\"@type\":\"ListItem\",\"position\":1,\"name\":\"Portada\",\"item\":\"https:\\\/\\\/grupoalcazar.net\\\/fr\\\/\"},{\"@type\":\"ListItem\",\"position\":2,\"name\":\"Services\",\"item\":\"https:\\\/\\\/grupoalcazar.net\\\/fr\\\/services\\\/\"},{\"@type\":\"ListItem\",\"position\":3,\"name\":\"Pacte de partenariat et protocole familial\"}]},{\"@type\":\"WebSite\",\"@id\":\"https:\\\/\\\/grupoalcazar.net\\\/fr\\\/#website\",\"url\":\"https:\\\/\\\/grupoalcazar.net\\\/fr\\\/\",\"name\":\"Alc\u00e1zar Abogados - Grupo Alc\u00e1zar\",\"description\":\"\",\"potentialAction\":[{\"@type\":\"SearchAction\",\"target\":{\"@type\":\"EntryPoint\",\"urlTemplate\":\"https:\\\/\\\/grupoalcazar.net\\\/fr\\\/?s={search_term_string}\"},\"query-input\":{\"@type\":\"PropertyValueSpecification\",\"valueRequired\":true,\"valueName\":\"search_term_string\"}}],\"inLanguage\":\"fr-FR\"}]}<\/script>\n<!-- \/ Yoast SEO plugin. -->","yoast_head_json":{"title":"Pacte de partenariat et protocole familial : conseils","description":"Conseil juridique pour la r\u00e9daction de pactes d'associ\u00e9s et protocoles familiaux. Assurez la continuit\u00e9 et la stabilit\u00e9 de votre entreprise en Espagne.","robots":{"index":"index","follow":"follow","max-snippet":"max-snippet:-1","max-image-preview":"max-image-preview:large","max-video-preview":"max-video-preview:-1"},"canonical":"https:\/\/grupoalcazar.net\/fr\/services\/pacte-de-partenariat-et-protocole-familial\/","og_locale":"fr_FR","og_type":"article","og_title":"Pacte de partenariat et protocole familial : conseils","og_description":"Conseil juridique pour la r\u00e9daction de pactes d'associ\u00e9s et protocoles familiaux. Assurez la continuit\u00e9 et la stabilit\u00e9 de votre entreprise en Espagne.","og_url":"https:\/\/grupoalcazar.net\/fr\/services\/pacte-de-partenariat-et-protocole-familial\/","og_site_name":"Alc\u00e1zar Abogados - Grupo Alc\u00e1zar","article_modified_time":"2026-02-19T12:44:11+00:00","og_image":[{"width":674,"height":916,"url":"https:\/\/grupoalcazar.net\/wp-content\/uploads\/2024\/06\/Reestructuracion-Empresas.webp","type":"image\/webp"}],"twitter_card":"summary_large_image","twitter_misc":{"Dur\u00e9e de lecture estim\u00e9e":"2 minutes"},"schema":{"@context":"https:\/\/schema.org","@graph":[{"@type":"WebPage","@id":"https:\/\/grupoalcazar.net\/fr\/services\/pacte-de-partenariat-et-protocole-familial\/","url":"https:\/\/grupoalcazar.net\/fr\/services\/pacte-de-partenariat-et-protocole-familial\/","name":"Pacte de partenariat et protocole familial : conseils","isPartOf":{"@id":"https:\/\/grupoalcazar.net\/fr\/#website"},"primaryImageOfPage":{"@id":"https:\/\/grupoalcazar.net\/fr\/services\/pacte-de-partenariat-et-protocole-familial\/#primaryimage"},"image":{"@id":"https:\/\/grupoalcazar.net\/fr\/services\/pacte-de-partenariat-et-protocole-familial\/#primaryimage"},"thumbnailUrl":"https:\/\/grupoalcazar.net\/wp-content\/uploads\/2024\/06\/Reestructuracion-Empresas.webp","datePublished":"2024-05-23T08:00:52+00:00","dateModified":"2026-02-19T12:44:11+00:00","description":"Conseil juridique pour la r\u00e9daction de pactes d'associ\u00e9s et protocoles familiaux. Assurez la continuit\u00e9 et la stabilit\u00e9 de votre entreprise en Espagne.","breadcrumb":{"@id":"https:\/\/grupoalcazar.net\/fr\/services\/pacte-de-partenariat-et-protocole-familial\/#breadcrumb"},"inLanguage":"fr-FR","potentialAction":[{"@type":"ReadAction","target":["https:\/\/grupoalcazar.net\/fr\/services\/pacte-de-partenariat-et-protocole-familial\/"]}]},{"@type":"ImageObject","inLanguage":"fr-FR","@id":"https:\/\/grupoalcazar.net\/fr\/services\/pacte-de-partenariat-et-protocole-familial\/#primaryimage","url":"https:\/\/grupoalcazar.net\/wp-content\/uploads\/2024\/06\/Reestructuracion-Empresas.webp","contentUrl":"https:\/\/grupoalcazar.net\/wp-content\/uploads\/2024\/06\/Reestructuracion-Empresas.webp","width":674,"height":916},{"@type":"BreadcrumbList","@id":"https:\/\/grupoalcazar.net\/fr\/services\/pacte-de-partenariat-et-protocole-familial\/#breadcrumb","itemListElement":[{"@type":"ListItem","position":1,"name":"Portada","item":"https:\/\/grupoalcazar.net\/fr\/"},{"@type":"ListItem","position":2,"name":"Services","item":"https:\/\/grupoalcazar.net\/fr\/services\/"},{"@type":"ListItem","position":3,"name":"Pacte de partenariat et protocole familial"}]},{"@type":"WebSite","@id":"https:\/\/grupoalcazar.net\/fr\/#website","url":"https:\/\/grupoalcazar.net\/fr\/","name":"Alc\u00e1zar Abogados - Grupo Alc\u00e1zar","description":"","potentialAction":[{"@type":"SearchAction","target":{"@type":"EntryPoint","urlTemplate":"https:\/\/grupoalcazar.net\/fr\/?s={search_term_string}"},"query-input":{"@type":"PropertyValueSpecification","valueRequired":true,"valueName":"search_term_string"}}],"inLanguage":"fr-FR"}]}},"_links":{"self":[{"href":"https:\/\/grupoalcazar.net\/fr\/wp-json\/wp\/v2\/pages\/7015","targetHints":{"allow":["GET"]}}],"collection":[{"href":"https:\/\/grupoalcazar.net\/fr\/wp-json\/wp\/v2\/pages"}],"about":[{"href":"https:\/\/grupoalcazar.net\/fr\/wp-json\/wp\/v2\/types\/page"}],"author":[{"embeddable":true,"href":"https:\/\/grupoalcazar.net\/fr\/wp-json\/wp\/v2\/users\/1"}],"replies":[{"embeddable":true,"href":"https:\/\/grupoalcazar.net\/fr\/wp-json\/wp\/v2\/comments?post=7015"}],"version-history":[{"count":1,"href":"https:\/\/grupoalcazar.net\/fr\/wp-json\/wp\/v2\/pages\/7015\/revisions"}],"predecessor-version":[{"id":7016,"href":"https:\/\/grupoalcazar.net\/fr\/wp-json\/wp\/v2\/pages\/7015\/revisions\/7016"}],"up":[{"embeddable":true,"href":"https:\/\/grupoalcazar.net\/fr\/wp-json\/wp\/v2\/pages\/6959"}],"wp:featuredmedia":[{"embeddable":true,"href":"https:\/\/grupoalcazar.net\/fr\/wp-json\/wp\/v2\/media\/7007"}],"wp:attachment":[{"href":"https:\/\/grupoalcazar.net\/fr\/wp-json\/wp\/v2\/media?parent=7015"}],"wp:term":[{"taxonomy":"tipo-de-pagina","embeddable":true,"href":"https:\/\/grupoalcazar.net\/fr\/wp-json\/wp\/v2\/tipo-de-pagina?post=7015"}],"curies":[{"name":"wp","href":"https:\/\/api.w.org\/{rel}","templated":true}]}}