{"id":7012,"date":"2024-05-23T14:30:37","date_gmt":"2024-05-23T12:30:37","guid":{"rendered":"https:\/\/grupoalcazar.net\/services\/travail\/"},"modified":"2026-02-18T18:28:22","modified_gmt":"2026-02-18T17:28:22","slug":"travail","status":"publish","type":"page","link":"https:\/\/grupoalcazar.net\/fr\/services\/travail\/","title":{"rendered":"Travail"},"content":{"rendered":"\t\t<div data-elementor-type=\"wp-page\" data-elementor-id=\"7012\" class=\"elementor elementor-7012 elementor-327\" data-elementor-post-type=\"page\">\n\t\t\t\t<div class=\"elementor-element elementor-element-4839690e e-flex e-con-boxed e-con e-parent\" data-id=\"4839690e\" data-element_type=\"container\" data-e-type=\"container\" data-settings=\"{&quot;jet_parallax_layout_list&quot;:[]}\">\n\t\t\t\t\t<div class=\"e-con-inner\">\n\t\t\t\t<div class=\"elementor-element elementor-element-1c76933f elementor-widget elementor-widget-text-editor\" data-id=\"1c76933f\" data-element_type=\"widget\" data-e-type=\"widget\" data-widget_type=\"text-editor.default\">\n\t\t\t\t\t\t\t\t\t\n<h3 class=\"wp-block-heading\">L&rsquo;agilit\u00e9 de votre personnel pour aller de l&rsquo;avant<\/h3>\n\n<p>Les entreprises travaillent dans un environnement qui \u00e9volue rapidement (voir la crise du coronavirus) et doivent donc faire preuve d&rsquo;agilit\u00e9 pour adapter leurs effectifs aux besoins du moment.\nToutefois, avant de prendre des d\u00e9cisions concernant les ressources humaines de l&rsquo;entreprise, il convient d&rsquo;effectuer une \u00e9tude approfondie afin d&rsquo;am\u00e9liorer la productivit\u00e9 tant au niveau op\u00e9rationnel qu&rsquo;au niveau des ressources humaines. <\/p>\n\n<p>QUE FAIRE DANS DE TELS CAS ?<\/p>\n\n<p>L&rsquo;essentiel est de disposer de conseils personnalis\u00e9s et complets \u00e0 tous les stades de la proc\u00e9dure de restructuration et d&rsquo;adaptation du personnel.\nChez ALC\u00c1ZAR, vous trouverez l&rsquo;\u00e9quipe professionnelle qui vous offrira des garanties dans toutes les phases du processus d&rsquo;adaptation du personnel, \u00e9tant donn\u00e9 qu&rsquo;il est n\u00e9cessaire d&rsquo;effectuer une consultation strat\u00e9gique pour prendre la d\u00e9cision la plus appropri\u00e9e. <\/p>\n\t\t\t\t\t\t\t\t<\/div>\n\t\t\t\t\t<\/div>\n\t\t\t\t<\/div>\n\t\t\t\t<\/div>\n\t\t","protected":false},"excerpt":{"rendered":"<p>L&rsquo;agilit\u00e9 de votre personnel pour aller de l&rsquo;avant Les entreprises travaillent dans un environnement qui \u00e9volue rapidement (voir la crise du coronavirus) et doivent donc faire preuve d&rsquo;agilit\u00e9 pour adapter leurs effectifs aux besoins du moment. Toutefois, avant de prendre des d\u00e9cisions concernant les ressources humaines de l&rsquo;entreprise, il convient d&rsquo;effectuer une \u00e9tude approfondie afin [&hellip;]<\/p>\n","protected":false},"author":1,"featured_media":7013,"parent":6959,"menu_order":0,"comment_status":"closed","ping_status":"closed","template":"","meta":{"footnotes":""},"tipo-de-pagina":[1091],"class_list":["post-7012","page","type-page","status-publish","has-post-thumbnail","hentry"],"yoast_head":"<!-- This site is optimized with the Yoast SEO plugin v27.3 - https:\/\/yoast.com\/product\/yoast-seo-wordpress\/ -->\n<title>Droit du travail : conseils juridiques pour entreprises<\/title>\n<meta name=\"description\" content=\"Nos experts en droit du travail accompagnent entreprises et salari\u00e9s pour g\u00e9rer contrats, litiges et conformit\u00e9 tout en prot\u00e9geant int\u00e9r\u00eats strat\u00e9giques.\" \/>\n<meta name=\"robots\" content=\"index, follow, max-snippet:-1, max-image-preview:large, max-video-preview:-1\" \/>\n<link rel=\"canonical\" href=\"https:\/\/grupoalcazar.net\/fr\/services\/travail\/\" \/>\n<meta property=\"og:locale\" content=\"fr_FR\" \/>\n<meta property=\"og:type\" content=\"article\" \/>\n<meta property=\"og:title\" content=\"Droit du travail : conseils juridiques pour entreprises\" \/>\n<meta property=\"og:description\" content=\"Nos experts en droit du travail accompagnent entreprises et salari\u00e9s pour g\u00e9rer contrats, litiges et conformit\u00e9 tout en prot\u00e9geant int\u00e9r\u00eats strat\u00e9giques.\" \/>\n<meta property=\"og:url\" content=\"https:\/\/grupoalcazar.net\/fr\/services\/travail\/\" \/>\n<meta property=\"og:site_name\" content=\"Alc\u00e1zar Abogados - Grupo Alc\u00e1zar\" \/>\n<meta property=\"article:modified_time\" content=\"2026-02-18T17:28:22+00:00\" \/>\n<meta property=\"og:image\" content=\"https:\/\/grupoalcazar.net\/wp-content\/uploads\/2024\/06\/Competencia-desleal-Propiedad-Intelectual-patentes-y-marcas.webp\" \/>\n\t<meta property=\"og:image:width\" content=\"674\" \/>\n\t<meta property=\"og:image:height\" content=\"916\" \/>\n\t<meta property=\"og:image:type\" content=\"image\/webp\" \/>\n<meta name=\"twitter:card\" content=\"summary_large_image\" \/>\n<meta name=\"twitter:label1\" content=\"Dur\u00e9e de lecture estim\u00e9e\" \/>\n\t<meta name=\"twitter:data1\" content=\"1 minute\" \/>\n<script type=\"application\/ld+json\" class=\"yoast-schema-graph\">{\"@context\":\"https:\\\/\\\/schema.org\",\"@graph\":[{\"@type\":\"WebPage\",\"@id\":\"https:\\\/\\\/grupoalcazar.net\\\/fr\\\/services\\\/travail\\\/\",\"url\":\"https:\\\/\\\/grupoalcazar.net\\\/fr\\\/services\\\/travail\\\/\",\"name\":\"Droit du travail : conseils juridiques pour entreprises\",\"isPartOf\":{\"@id\":\"https:\\\/\\\/grupoalcazar.net\\\/fr\\\/#website\"},\"primaryImageOfPage\":{\"@id\":\"https:\\\/\\\/grupoalcazar.net\\\/fr\\\/services\\\/travail\\\/#primaryimage\"},\"image\":{\"@id\":\"https:\\\/\\\/grupoalcazar.net\\\/fr\\\/services\\\/travail\\\/#primaryimage\"},\"thumbnailUrl\":\"https:\\\/\\\/grupoalcazar.net\\\/wp-content\\\/uploads\\\/2024\\\/06\\\/Competencia-desleal-Propiedad-Intelectual-patentes-y-marcas.webp\",\"datePublished\":\"2024-05-23T12:30:37+00:00\",\"dateModified\":\"2026-02-18T17:28:22+00:00\",\"description\":\"Nos experts en droit du travail accompagnent entreprises et salari\u00e9s pour g\u00e9rer contrats, litiges et conformit\u00e9 tout en prot\u00e9geant int\u00e9r\u00eats strat\u00e9giques.\",\"breadcrumb\":{\"@id\":\"https:\\\/\\\/grupoalcazar.net\\\/fr\\\/services\\\/travail\\\/#breadcrumb\"},\"inLanguage\":\"fr-FR\",\"potentialAction\":[{\"@type\":\"ReadAction\",\"target\":[\"https:\\\/\\\/grupoalcazar.net\\\/fr\\\/services\\\/travail\\\/\"]}]},{\"@type\":\"ImageObject\",\"inLanguage\":\"fr-FR\",\"@id\":\"https:\\\/\\\/grupoalcazar.net\\\/fr\\\/services\\\/travail\\\/#primaryimage\",\"url\":\"https:\\\/\\\/grupoalcazar.net\\\/wp-content\\\/uploads\\\/2024\\\/06\\\/Competencia-desleal-Propiedad-Intelectual-patentes-y-marcas.webp\",\"contentUrl\":\"https:\\\/\\\/grupoalcazar.net\\\/wp-content\\\/uploads\\\/2024\\\/06\\\/Competencia-desleal-Propiedad-Intelectual-patentes-y-marcas.webp\",\"width\":674,\"height\":916},{\"@type\":\"BreadcrumbList\",\"@id\":\"https:\\\/\\\/grupoalcazar.net\\\/fr\\\/services\\\/travail\\\/#breadcrumb\",\"itemListElement\":[{\"@type\":\"ListItem\",\"position\":1,\"name\":\"Portada\",\"item\":\"https:\\\/\\\/grupoalcazar.net\\\/fr\\\/\"},{\"@type\":\"ListItem\",\"position\":2,\"name\":\"Services\",\"item\":\"https:\\\/\\\/grupoalcazar.net\\\/fr\\\/services\\\/\"},{\"@type\":\"ListItem\",\"position\":3,\"name\":\"Travail\"}]},{\"@type\":\"WebSite\",\"@id\":\"https:\\\/\\\/grupoalcazar.net\\\/fr\\\/#website\",\"url\":\"https:\\\/\\\/grupoalcazar.net\\\/fr\\\/\",\"name\":\"Alc\u00e1zar Abogados - Grupo Alc\u00e1zar\",\"description\":\"\",\"potentialAction\":[{\"@type\":\"SearchAction\",\"target\":{\"@type\":\"EntryPoint\",\"urlTemplate\":\"https:\\\/\\\/grupoalcazar.net\\\/fr\\\/?s={search_term_string}\"},\"query-input\":{\"@type\":\"PropertyValueSpecification\",\"valueRequired\":true,\"valueName\":\"search_term_string\"}}],\"inLanguage\":\"fr-FR\"}]}<\/script>\n<!-- \/ Yoast SEO plugin. -->","yoast_head_json":{"title":"Droit du travail : conseils juridiques pour entreprises","description":"Nos experts en droit du travail accompagnent entreprises et salari\u00e9s pour g\u00e9rer contrats, litiges et conformit\u00e9 tout en prot\u00e9geant int\u00e9r\u00eats strat\u00e9giques.","robots":{"index":"index","follow":"follow","max-snippet":"max-snippet:-1","max-image-preview":"max-image-preview:large","max-video-preview":"max-video-preview:-1"},"canonical":"https:\/\/grupoalcazar.net\/fr\/services\/travail\/","og_locale":"fr_FR","og_type":"article","og_title":"Droit du travail : conseils juridiques pour entreprises","og_description":"Nos experts en droit du travail accompagnent entreprises et salari\u00e9s pour g\u00e9rer contrats, litiges et conformit\u00e9 tout en prot\u00e9geant int\u00e9r\u00eats strat\u00e9giques.","og_url":"https:\/\/grupoalcazar.net\/fr\/services\/travail\/","og_site_name":"Alc\u00e1zar Abogados - Grupo Alc\u00e1zar","article_modified_time":"2026-02-18T17:28:22+00:00","og_image":[{"width":674,"height":916,"url":"https:\/\/grupoalcazar.net\/wp-content\/uploads\/2024\/06\/Competencia-desleal-Propiedad-Intelectual-patentes-y-marcas.webp","type":"image\/webp"}],"twitter_card":"summary_large_image","twitter_misc":{"Dur\u00e9e de lecture estim\u00e9e":"1 minute"},"schema":{"@context":"https:\/\/schema.org","@graph":[{"@type":"WebPage","@id":"https:\/\/grupoalcazar.net\/fr\/services\/travail\/","url":"https:\/\/grupoalcazar.net\/fr\/services\/travail\/","name":"Droit du travail : conseils juridiques pour entreprises","isPartOf":{"@id":"https:\/\/grupoalcazar.net\/fr\/#website"},"primaryImageOfPage":{"@id":"https:\/\/grupoalcazar.net\/fr\/services\/travail\/#primaryimage"},"image":{"@id":"https:\/\/grupoalcazar.net\/fr\/services\/travail\/#primaryimage"},"thumbnailUrl":"https:\/\/grupoalcazar.net\/wp-content\/uploads\/2024\/06\/Competencia-desleal-Propiedad-Intelectual-patentes-y-marcas.webp","datePublished":"2024-05-23T12:30:37+00:00","dateModified":"2026-02-18T17:28:22+00:00","description":"Nos experts en droit du travail accompagnent entreprises et salari\u00e9s pour g\u00e9rer contrats, litiges et conformit\u00e9 tout en prot\u00e9geant int\u00e9r\u00eats strat\u00e9giques.","breadcrumb":{"@id":"https:\/\/grupoalcazar.net\/fr\/services\/travail\/#breadcrumb"},"inLanguage":"fr-FR","potentialAction":[{"@type":"ReadAction","target":["https:\/\/grupoalcazar.net\/fr\/services\/travail\/"]}]},{"@type":"ImageObject","inLanguage":"fr-FR","@id":"https:\/\/grupoalcazar.net\/fr\/services\/travail\/#primaryimage","url":"https:\/\/grupoalcazar.net\/wp-content\/uploads\/2024\/06\/Competencia-desleal-Propiedad-Intelectual-patentes-y-marcas.webp","contentUrl":"https:\/\/grupoalcazar.net\/wp-content\/uploads\/2024\/06\/Competencia-desleal-Propiedad-Intelectual-patentes-y-marcas.webp","width":674,"height":916},{"@type":"BreadcrumbList","@id":"https:\/\/grupoalcazar.net\/fr\/services\/travail\/#breadcrumb","itemListElement":[{"@type":"ListItem","position":1,"name":"Portada","item":"https:\/\/grupoalcazar.net\/fr\/"},{"@type":"ListItem","position":2,"name":"Services","item":"https:\/\/grupoalcazar.net\/fr\/services\/"},{"@type":"ListItem","position":3,"name":"Travail"}]},{"@type":"WebSite","@id":"https:\/\/grupoalcazar.net\/fr\/#website","url":"https:\/\/grupoalcazar.net\/fr\/","name":"Alc\u00e1zar Abogados - Grupo Alc\u00e1zar","description":"","potentialAction":[{"@type":"SearchAction","target":{"@type":"EntryPoint","urlTemplate":"https:\/\/grupoalcazar.net\/fr\/?s={search_term_string}"},"query-input":{"@type":"PropertyValueSpecification","valueRequired":true,"valueName":"search_term_string"}}],"inLanguage":"fr-FR"}]}},"_links":{"self":[{"href":"https:\/\/grupoalcazar.net\/fr\/wp-json\/wp\/v2\/pages\/7012","targetHints":{"allow":["GET"]}}],"collection":[{"href":"https:\/\/grupoalcazar.net\/fr\/wp-json\/wp\/v2\/pages"}],"about":[{"href":"https:\/\/grupoalcazar.net\/fr\/wp-json\/wp\/v2\/types\/page"}],"author":[{"embeddable":true,"href":"https:\/\/grupoalcazar.net\/fr\/wp-json\/wp\/v2\/users\/1"}],"replies":[{"embeddable":true,"href":"https:\/\/grupoalcazar.net\/fr\/wp-json\/wp\/v2\/comments?post=7012"}],"version-history":[{"count":1,"href":"https:\/\/grupoalcazar.net\/fr\/wp-json\/wp\/v2\/pages\/7012\/revisions"}],"predecessor-version":[{"id":7014,"href":"https:\/\/grupoalcazar.net\/fr\/wp-json\/wp\/v2\/pages\/7012\/revisions\/7014"}],"up":[{"embeddable":true,"href":"https:\/\/grupoalcazar.net\/fr\/wp-json\/wp\/v2\/pages\/6959"}],"wp:featuredmedia":[{"embeddable":true,"href":"https:\/\/grupoalcazar.net\/fr\/wp-json\/wp\/v2\/media\/7013"}],"wp:attachment":[{"href":"https:\/\/grupoalcazar.net\/fr\/wp-json\/wp\/v2\/media?parent=7012"}],"wp:term":[{"taxonomy":"tipo-de-pagina","embeddable":true,"href":"https:\/\/grupoalcazar.net\/fr\/wp-json\/wp\/v2\/tipo-de-pagina?post=7012"}],"curies":[{"name":"wp","href":"https:\/\/api.w.org\/{rel}","templated":true}]}}