{"id":7002,"date":"2024-05-23T08:17:17","date_gmt":"2024-05-23T06:17:17","guid":{"rendered":"https:\/\/grupoalcazar.net\/services\/incitations-economiques-a-la-rdi\/"},"modified":"2026-02-18T18:24:13","modified_gmt":"2026-02-18T17:24:13","slug":"incitations-economiques-a-la-rdi","status":"publish","type":"page","link":"https:\/\/grupoalcazar.net\/fr\/services\/incitations-economiques-a-la-rdi\/","title":{"rendered":"Incitations \u00e9conomiques \u00e0 la RDI"},"content":{"rendered":"\n<h3 class=\"wp-block-heading\">La collaboration dont votre d\u00e9partement a besoin<\/h3>\n\n<p>ALC\u00c1ZAR, est un cabinet bas\u00e9 sur un service adapt\u00e9 au client.\nLa mission de ce cabinet est de prot\u00e9ger, g\u00e9rer, optimiser et d\u00e9velopper les int\u00e9r\u00eats de nos clients. <\/p>\n\n<p>1. D\u00c9DUCTIONS FISCALES POUR LA R&amp;D&amp;I<\/p>\n\n<p>Ces d\u00e9ductions de l&rsquo;imp\u00f4t sur les soci\u00e9t\u00e9s, qui peuvent atteindre jusqu&rsquo;\u00e0 42 % des d\u00e9penses li\u00e9es aux projets de recherche et de d\u00e9veloppement, s&rsquo;appliquent directement au montant total de cet imp\u00f4t, dans les entreprises qui r\u00e9alisent et d\u00e9veloppent une activit\u00e9 consid\u00e9r\u00e9e comme de la recherche et du d\u00e9veloppement ou, le cas \u00e9ch\u00e9ant, de l&rsquo;innovation technologique.\nIls sont accessibles \u00e0 tous les types d&rsquo;entreprises. <\/p>\n\n<p><strong>Recherche et d\u00e9veloppement :<\/strong><\/p>\n\n<p>Les activit\u00e9s de recherche visent \u00e0 d\u00e9couvrir de nouvelles connaissances ayant un potentiel technologique.\nLa d\u00e9duction fiscale est bas\u00e9e sur les d\u00e9penses imputables \u00e0 la recherche et au d\u00e9veloppement, \u00e0 un taux g\u00e9n\u00e9ral de 25 %, qui peut \u00eatre port\u00e9 \u00e0 42 % dans des cas sp\u00e9cifiques.\nCette incitation vise \u00e0 encourager l&rsquo;innovation et le progr\u00e8s scientifique.  <\/p>\n","protected":false},"excerpt":{"rendered":"<p>La collaboration dont votre d\u00e9partement a besoin ALC\u00c1ZAR, est un cabinet bas\u00e9 sur un service adapt\u00e9 au client. La mission de ce cabinet est de prot\u00e9ger, g\u00e9rer, optimiser et d\u00e9velopper les int\u00e9r\u00eats de nos clients. 1. D\u00c9DUCTIONS FISCALES POUR LA R&amp;D&amp;I Ces d\u00e9ductions de l&rsquo;imp\u00f4t sur les soci\u00e9t\u00e9s, qui peuvent atteindre jusqu&rsquo;\u00e0 42 % des [&hellip;]<\/p>\n","protected":false},"author":1,"featured_media":7010,"parent":6959,"menu_order":0,"comment_status":"closed","ping_status":"closed","template":"","meta":{"footnotes":""},"tipo-de-pagina":[1091],"class_list":["post-7002","page","type-page","status-publish","has-post-thumbnail","hentry"],"yoast_head":"<!-- This site is optimized with the Yoast SEO plugin v27.3 - https:\/\/yoast.com\/product\/yoast-seo-wordpress\/ -->\n<title>Incitations \u00e9conomiques \u00e0 la RDI : conseils experts<\/title>\n<meta name=\"description\" content=\"Nos experts accompagnent les entreprises pour b\u00e9n\u00e9ficier des incitations \u00e9conomiques \u00e0 la RDI, optimisant financements, cr\u00e9dits et avantages fiscaux.\" \/>\n<meta name=\"robots\" content=\"index, follow, max-snippet:-1, max-image-preview:large, max-video-preview:-1\" \/>\n<link rel=\"canonical\" href=\"https:\/\/grupoalcazar.net\/fr\/services\/incitations-economiques-a-la-rdi\/\" \/>\n<meta property=\"og:locale\" content=\"fr_FR\" \/>\n<meta property=\"og:type\" content=\"article\" \/>\n<meta property=\"og:title\" content=\"Incitations \u00e9conomiques \u00e0 la RDI : conseils experts\" \/>\n<meta property=\"og:description\" content=\"Nos experts accompagnent les entreprises pour b\u00e9n\u00e9ficier des incitations \u00e9conomiques \u00e0 la RDI, optimisant financements, cr\u00e9dits et avantages fiscaux.\" \/>\n<meta property=\"og:url\" content=\"https:\/\/grupoalcazar.net\/fr\/services\/incitations-economiques-a-la-rdi\/\" \/>\n<meta property=\"og:site_name\" content=\"Alc\u00e1zar Abogados - Grupo Alc\u00e1zar\" \/>\n<meta property=\"article:modified_time\" content=\"2026-02-18T17:24:13+00:00\" \/>\n<meta property=\"og:image\" content=\"https:\/\/grupoalcazar.net\/wp-content\/uploads\/2024\/06\/1.webp\" \/>\n\t<meta property=\"og:image:width\" content=\"674\" \/>\n\t<meta property=\"og:image:height\" content=\"916\" \/>\n\t<meta property=\"og:image:type\" content=\"image\/webp\" \/>\n<meta name=\"twitter:card\" content=\"summary_large_image\" \/>\n<meta name=\"twitter:label1\" content=\"Dur\u00e9e de lecture estim\u00e9e\" \/>\n\t<meta name=\"twitter:data1\" content=\"1 minute\" \/>\n<script type=\"application\/ld+json\" class=\"yoast-schema-graph\">{\"@context\":\"https:\\\/\\\/schema.org\",\"@graph\":[{\"@type\":\"WebPage\",\"@id\":\"https:\\\/\\\/grupoalcazar.net\\\/fr\\\/services\\\/incitations-economiques-a-la-rdi\\\/\",\"url\":\"https:\\\/\\\/grupoalcazar.net\\\/fr\\\/services\\\/incitations-economiques-a-la-rdi\\\/\",\"name\":\"Incitations \u00e9conomiques \u00e0 la RDI : conseils experts\",\"isPartOf\":{\"@id\":\"https:\\\/\\\/grupoalcazar.net\\\/fr\\\/#website\"},\"primaryImageOfPage\":{\"@id\":\"https:\\\/\\\/grupoalcazar.net\\\/fr\\\/services\\\/incitations-economiques-a-la-rdi\\\/#primaryimage\"},\"image\":{\"@id\":\"https:\\\/\\\/grupoalcazar.net\\\/fr\\\/services\\\/incitations-economiques-a-la-rdi\\\/#primaryimage\"},\"thumbnailUrl\":\"https:\\\/\\\/grupoalcazar.net\\\/wp-content\\\/uploads\\\/2024\\\/06\\\/1.webp\",\"datePublished\":\"2024-05-23T06:17:17+00:00\",\"dateModified\":\"2026-02-18T17:24:13+00:00\",\"description\":\"Nos experts accompagnent les entreprises pour b\u00e9n\u00e9ficier des incitations \u00e9conomiques \u00e0 la RDI, optimisant financements, cr\u00e9dits et avantages fiscaux.\",\"breadcrumb\":{\"@id\":\"https:\\\/\\\/grupoalcazar.net\\\/fr\\\/services\\\/incitations-economiques-a-la-rdi\\\/#breadcrumb\"},\"inLanguage\":\"fr-FR\",\"potentialAction\":[{\"@type\":\"ReadAction\",\"target\":[\"https:\\\/\\\/grupoalcazar.net\\\/fr\\\/services\\\/incitations-economiques-a-la-rdi\\\/\"]}]},{\"@type\":\"ImageObject\",\"inLanguage\":\"fr-FR\",\"@id\":\"https:\\\/\\\/grupoalcazar.net\\\/fr\\\/services\\\/incitations-economiques-a-la-rdi\\\/#primaryimage\",\"url\":\"https:\\\/\\\/grupoalcazar.net\\\/wp-content\\\/uploads\\\/2024\\\/06\\\/1.webp\",\"contentUrl\":\"https:\\\/\\\/grupoalcazar.net\\\/wp-content\\\/uploads\\\/2024\\\/06\\\/1.webp\",\"width\":674,\"height\":916},{\"@type\":\"BreadcrumbList\",\"@id\":\"https:\\\/\\\/grupoalcazar.net\\\/fr\\\/services\\\/incitations-economiques-a-la-rdi\\\/#breadcrumb\",\"itemListElement\":[{\"@type\":\"ListItem\",\"position\":1,\"name\":\"Portada\",\"item\":\"https:\\\/\\\/grupoalcazar.net\\\/fr\\\/\"},{\"@type\":\"ListItem\",\"position\":2,\"name\":\"Services\",\"item\":\"https:\\\/\\\/grupoalcazar.net\\\/fr\\\/services\\\/\"},{\"@type\":\"ListItem\",\"position\":3,\"name\":\"Incitations \u00e9conomiques \u00e0 la RDI\"}]},{\"@type\":\"WebSite\",\"@id\":\"https:\\\/\\\/grupoalcazar.net\\\/fr\\\/#website\",\"url\":\"https:\\\/\\\/grupoalcazar.net\\\/fr\\\/\",\"name\":\"Alc\u00e1zar Abogados - Grupo Alc\u00e1zar\",\"description\":\"\",\"potentialAction\":[{\"@type\":\"SearchAction\",\"target\":{\"@type\":\"EntryPoint\",\"urlTemplate\":\"https:\\\/\\\/grupoalcazar.net\\\/fr\\\/?s={search_term_string}\"},\"query-input\":{\"@type\":\"PropertyValueSpecification\",\"valueRequired\":true,\"valueName\":\"search_term_string\"}}],\"inLanguage\":\"fr-FR\"}]}<\/script>\n<!-- \/ Yoast SEO plugin. -->","yoast_head_json":{"title":"Incitations \u00e9conomiques \u00e0 la RDI : conseils experts","description":"Nos experts accompagnent les entreprises pour b\u00e9n\u00e9ficier des incitations \u00e9conomiques \u00e0 la RDI, optimisant financements, cr\u00e9dits et avantages fiscaux.","robots":{"index":"index","follow":"follow","max-snippet":"max-snippet:-1","max-image-preview":"max-image-preview:large","max-video-preview":"max-video-preview:-1"},"canonical":"https:\/\/grupoalcazar.net\/fr\/services\/incitations-economiques-a-la-rdi\/","og_locale":"fr_FR","og_type":"article","og_title":"Incitations \u00e9conomiques \u00e0 la RDI : conseils experts","og_description":"Nos experts accompagnent les entreprises pour b\u00e9n\u00e9ficier des incitations \u00e9conomiques \u00e0 la RDI, optimisant financements, cr\u00e9dits et avantages fiscaux.","og_url":"https:\/\/grupoalcazar.net\/fr\/services\/incitations-economiques-a-la-rdi\/","og_site_name":"Alc\u00e1zar Abogados - Grupo Alc\u00e1zar","article_modified_time":"2026-02-18T17:24:13+00:00","og_image":[{"width":674,"height":916,"url":"https:\/\/grupoalcazar.net\/wp-content\/uploads\/2024\/06\/1.webp","type":"image\/webp"}],"twitter_card":"summary_large_image","twitter_misc":{"Dur\u00e9e de lecture estim\u00e9e":"1 minute"},"schema":{"@context":"https:\/\/schema.org","@graph":[{"@type":"WebPage","@id":"https:\/\/grupoalcazar.net\/fr\/services\/incitations-economiques-a-la-rdi\/","url":"https:\/\/grupoalcazar.net\/fr\/services\/incitations-economiques-a-la-rdi\/","name":"Incitations \u00e9conomiques \u00e0 la RDI : conseils experts","isPartOf":{"@id":"https:\/\/grupoalcazar.net\/fr\/#website"},"primaryImageOfPage":{"@id":"https:\/\/grupoalcazar.net\/fr\/services\/incitations-economiques-a-la-rdi\/#primaryimage"},"image":{"@id":"https:\/\/grupoalcazar.net\/fr\/services\/incitations-economiques-a-la-rdi\/#primaryimage"},"thumbnailUrl":"https:\/\/grupoalcazar.net\/wp-content\/uploads\/2024\/06\/1.webp","datePublished":"2024-05-23T06:17:17+00:00","dateModified":"2026-02-18T17:24:13+00:00","description":"Nos experts accompagnent les entreprises pour b\u00e9n\u00e9ficier des incitations \u00e9conomiques \u00e0 la RDI, optimisant financements, cr\u00e9dits et avantages fiscaux.","breadcrumb":{"@id":"https:\/\/grupoalcazar.net\/fr\/services\/incitations-economiques-a-la-rdi\/#breadcrumb"},"inLanguage":"fr-FR","potentialAction":[{"@type":"ReadAction","target":["https:\/\/grupoalcazar.net\/fr\/services\/incitations-economiques-a-la-rdi\/"]}]},{"@type":"ImageObject","inLanguage":"fr-FR","@id":"https:\/\/grupoalcazar.net\/fr\/services\/incitations-economiques-a-la-rdi\/#primaryimage","url":"https:\/\/grupoalcazar.net\/wp-content\/uploads\/2024\/06\/1.webp","contentUrl":"https:\/\/grupoalcazar.net\/wp-content\/uploads\/2024\/06\/1.webp","width":674,"height":916},{"@type":"BreadcrumbList","@id":"https:\/\/grupoalcazar.net\/fr\/services\/incitations-economiques-a-la-rdi\/#breadcrumb","itemListElement":[{"@type":"ListItem","position":1,"name":"Portada","item":"https:\/\/grupoalcazar.net\/fr\/"},{"@type":"ListItem","position":2,"name":"Services","item":"https:\/\/grupoalcazar.net\/fr\/services\/"},{"@type":"ListItem","position":3,"name":"Incitations \u00e9conomiques \u00e0 la RDI"}]},{"@type":"WebSite","@id":"https:\/\/grupoalcazar.net\/fr\/#website","url":"https:\/\/grupoalcazar.net\/fr\/","name":"Alc\u00e1zar Abogados - Grupo Alc\u00e1zar","description":"","potentialAction":[{"@type":"SearchAction","target":{"@type":"EntryPoint","urlTemplate":"https:\/\/grupoalcazar.net\/fr\/?s={search_term_string}"},"query-input":{"@type":"PropertyValueSpecification","valueRequired":true,"valueName":"search_term_string"}}],"inLanguage":"fr-FR"}]}},"_links":{"self":[{"href":"https:\/\/grupoalcazar.net\/fr\/wp-json\/wp\/v2\/pages\/7002","targetHints":{"allow":["GET"]}}],"collection":[{"href":"https:\/\/grupoalcazar.net\/fr\/wp-json\/wp\/v2\/pages"}],"about":[{"href":"https:\/\/grupoalcazar.net\/fr\/wp-json\/wp\/v2\/types\/page"}],"author":[{"embeddable":true,"href":"https:\/\/grupoalcazar.net\/fr\/wp-json\/wp\/v2\/users\/1"}],"replies":[{"embeddable":true,"href":"https:\/\/grupoalcazar.net\/fr\/wp-json\/wp\/v2\/comments?post=7002"}],"version-history":[{"count":1,"href":"https:\/\/grupoalcazar.net\/fr\/wp-json\/wp\/v2\/pages\/7002\/revisions"}],"predecessor-version":[{"id":7011,"href":"https:\/\/grupoalcazar.net\/fr\/wp-json\/wp\/v2\/pages\/7002\/revisions\/7011"}],"up":[{"embeddable":true,"href":"https:\/\/grupoalcazar.net\/fr\/wp-json\/wp\/v2\/pages\/6959"}],"wp:featuredmedia":[{"embeddable":true,"href":"https:\/\/grupoalcazar.net\/fr\/wp-json\/wp\/v2\/media\/7010"}],"wp:attachment":[{"href":"https:\/\/grupoalcazar.net\/fr\/wp-json\/wp\/v2\/media?parent=7002"}],"wp:term":[{"taxonomy":"tipo-de-pagina","embeddable":true,"href":"https:\/\/grupoalcazar.net\/fr\/wp-json\/wp\/v2\/tipo-de-pagina?post=7002"}],"curies":[{"name":"wp","href":"https:\/\/api.w.org\/{rel}","templated":true}]}}