{"id":6998,"date":"2024-05-23T10:17:52","date_gmt":"2024-05-23T08:17:52","guid":{"rendered":"https:\/\/grupoalcazar.net\/services\/fondements\/"},"modified":"2026-02-18T18:23:38","modified_gmt":"2026-02-18T17:23:38","slug":"fondements","status":"publish","type":"page","link":"https:\/\/grupoalcazar.net\/fr\/services\/fondements\/","title":{"rendered":"Fondements"},"content":{"rendered":"\t\t<div data-elementor-type=\"wp-page\" data-elementor-id=\"6998\" class=\"elementor elementor-6998 elementor-319\" data-elementor-post-type=\"page\">\n\t\t\t\t<div class=\"elementor-element elementor-element-62cb57ad e-flex e-con-boxed e-con e-parent\" data-id=\"62cb57ad\" data-element_type=\"container\" data-e-type=\"container\" data-settings=\"{&quot;jet_parallax_layout_list&quot;:[]}\">\n\t\t\t\t\t<div class=\"e-con-inner\">\n\t\t\t\t<div class=\"elementor-element elementor-element-62fa3e9 elementor-widget elementor-widget-text-editor\" data-id=\"62fa3e9\" data-element_type=\"widget\" data-e-type=\"widget\" data-widget_type=\"text-editor.default\">\n\t\t\t\t\t\t\t\t\t\n<h3 class=\"wp-block-heading\">Les mesures juridiques dont vous avez besoin sont diff\u00e9rentes<\/h3>\n\n<p>Le d\u00e9partement des fondations est unique dans sa sp\u00e9cialit\u00e9, avec plus de trente ans d&rsquo;exp\u00e9rience dans l&rsquo;assistance \u00e0 ceux qui souhaitent constituer leur activit\u00e9 en fondation et ainsi obtenir un meilleur rendement de leurs ressources, \u00eatre plus efficaces et toucher plus de personnes.<\/p>\n\n<p>Nos services s&rsquo;adressent \u00e0 tous ceux qui d\u00e9marrent leur activit\u00e9 d&rsquo;int\u00e9r\u00eat g\u00e9n\u00e9ral, \u00e0 ceux qui aident d\u00e9j\u00e0 les autres depuis longtemps, aux entreprises qui font un pas en avant en mati\u00e8re de RSE, d&rsquo;image et de communication, etc.<\/p>\n\n<h3 class=\"wp-block-heading subtitulo-contenido\">POURQUOI UNE FONDATION ?<\/h3>\n\n<p>Lorsque l&rsquo;on d\u00e9marre une activit\u00e9 susceptible d&rsquo;avoir des implications sociales, professionnelles ou fiscales, il convient de rechercher la \u00ab\u00a0combinaison\u00a0\u00bb juridique appropri\u00e9e en fonction de ses buts et de ses objectifs.\nIl est important de garder \u00e0 l&rsquo;esprit que la l\u00e9gislation espagnole pr\u00e9voit d&rsquo;importantes incitations fiscales pour une s\u00e9rie d&rsquo;activit\u00e9s bas\u00e9es sur la forme juridique des fondations.\nIl existe des activit\u00e9s pour lesquelles le fait de ne pas les r\u00e9aliser sous la forme d&rsquo;une fondation signifie une perte d&rsquo;opportunit\u00e9s.\nPar exemple, l&rsquo;assistance aux personnes \u00e2g\u00e9es, aux enfants, la sant\u00e9 et l&rsquo;assainissement, la culture, la musique, la formation, la R&amp;D, la promotion des entreprises, l&rsquo;action sociale, etc.   <\/p>\n\n<p> <\/p>\n\t\t\t\t\t\t\t\t<\/div>\n\t\t\t\t\t<\/div>\n\t\t\t\t<\/div>\n\t\t\t\t<\/div>\n\t\t","protected":false},"excerpt":{"rendered":"<p>Les mesures juridiques dont vous avez besoin sont diff\u00e9rentes Le d\u00e9partement des fondations est unique dans sa sp\u00e9cialit\u00e9, avec plus de trente ans d&rsquo;exp\u00e9rience dans l&rsquo;assistance \u00e0 ceux qui souhaitent constituer leur activit\u00e9 en fondation et ainsi obtenir un meilleur rendement de leurs ressources, \u00eatre plus efficaces et toucher plus de personnes. Nos services s&rsquo;adressent [&hellip;]<\/p>\n","protected":false},"author":1,"featured_media":6999,"parent":6959,"menu_order":0,"comment_status":"closed","ping_status":"closed","template":"","meta":{"footnotes":""},"tipo-de-pagina":[1091],"class_list":["post-6998","page","type-page","status-publish","has-post-thumbnail","hentry"],"yoast_head":"<!-- This site is optimized with the Yoast SEO plugin v27.3 - https:\/\/yoast.com\/product\/yoast-seo-wordpress\/ -->\n<title>Fondements juridiques : conseils et expertise pro<\/title>\n<meta name=\"description\" content=\"Nos experts en fondements juridiques accompagnent entreprises et particuliers pour s\u00e9curiser d\u00e9cisions, pr\u00e9venir risques et assurer conformit\u00e9 l\u00e9gale.\" \/>\n<meta name=\"robots\" content=\"index, follow, max-snippet:-1, max-image-preview:large, max-video-preview:-1\" \/>\n<link rel=\"canonical\" href=\"https:\/\/grupoalcazar.net\/fr\/services\/fondements\/\" \/>\n<meta property=\"og:locale\" content=\"fr_FR\" \/>\n<meta property=\"og:type\" content=\"article\" \/>\n<meta property=\"og:title\" content=\"Fondements juridiques : conseils et expertise pro\" \/>\n<meta property=\"og:description\" content=\"Nos experts en fondements juridiques accompagnent entreprises et particuliers pour s\u00e9curiser d\u00e9cisions, pr\u00e9venir risques et assurer conformit\u00e9 l\u00e9gale.\" \/>\n<meta property=\"og:url\" content=\"https:\/\/grupoalcazar.net\/fr\/services\/fondements\/\" \/>\n<meta property=\"og:site_name\" content=\"Alc\u00e1zar Abogados - Grupo Alc\u00e1zar\" \/>\n<meta property=\"article:modified_time\" content=\"2026-02-18T17:23:38+00:00\" \/>\n<meta property=\"og:image\" content=\"https:\/\/grupoalcazar.net\/wp-content\/uploads\/2024\/06\/alcazar4.webp\" \/>\n\t<meta property=\"og:image:width\" content=\"674\" \/>\n\t<meta property=\"og:image:height\" content=\"916\" \/>\n\t<meta property=\"og:image:type\" content=\"image\/webp\" \/>\n<meta name=\"twitter:card\" content=\"summary_large_image\" \/>\n<meta name=\"twitter:label1\" content=\"Dur\u00e9e de lecture estim\u00e9e\" \/>\n\t<meta name=\"twitter:data1\" content=\"2 minutes\" \/>\n<script type=\"application\/ld+json\" class=\"yoast-schema-graph\">{\"@context\":\"https:\\\/\\\/schema.org\",\"@graph\":[{\"@type\":\"WebPage\",\"@id\":\"https:\\\/\\\/grupoalcazar.net\\\/fr\\\/services\\\/fondements\\\/\",\"url\":\"https:\\\/\\\/grupoalcazar.net\\\/fr\\\/services\\\/fondements\\\/\",\"name\":\"Fondements juridiques : conseils et expertise pro\",\"isPartOf\":{\"@id\":\"https:\\\/\\\/grupoalcazar.net\\\/fr\\\/#website\"},\"primaryImageOfPage\":{\"@id\":\"https:\\\/\\\/grupoalcazar.net\\\/fr\\\/services\\\/fondements\\\/#primaryimage\"},\"image\":{\"@id\":\"https:\\\/\\\/grupoalcazar.net\\\/fr\\\/services\\\/fondements\\\/#primaryimage\"},\"thumbnailUrl\":\"https:\\\/\\\/grupoalcazar.net\\\/wp-content\\\/uploads\\\/2024\\\/06\\\/alcazar4.webp\",\"datePublished\":\"2024-05-23T08:17:52+00:00\",\"dateModified\":\"2026-02-18T17:23:38+00:00\",\"description\":\"Nos experts en fondements juridiques accompagnent entreprises et particuliers pour s\u00e9curiser d\u00e9cisions, pr\u00e9venir risques et assurer conformit\u00e9 l\u00e9gale.\",\"breadcrumb\":{\"@id\":\"https:\\\/\\\/grupoalcazar.net\\\/fr\\\/services\\\/fondements\\\/#breadcrumb\"},\"inLanguage\":\"fr-FR\",\"potentialAction\":[{\"@type\":\"ReadAction\",\"target\":[\"https:\\\/\\\/grupoalcazar.net\\\/fr\\\/services\\\/fondements\\\/\"]}]},{\"@type\":\"ImageObject\",\"inLanguage\":\"fr-FR\",\"@id\":\"https:\\\/\\\/grupoalcazar.net\\\/fr\\\/services\\\/fondements\\\/#primaryimage\",\"url\":\"https:\\\/\\\/grupoalcazar.net\\\/wp-content\\\/uploads\\\/2024\\\/06\\\/alcazar4.webp\",\"contentUrl\":\"https:\\\/\\\/grupoalcazar.net\\\/wp-content\\\/uploads\\\/2024\\\/06\\\/alcazar4.webp\",\"width\":674,\"height\":916},{\"@type\":\"BreadcrumbList\",\"@id\":\"https:\\\/\\\/grupoalcazar.net\\\/fr\\\/services\\\/fondements\\\/#breadcrumb\",\"itemListElement\":[{\"@type\":\"ListItem\",\"position\":1,\"name\":\"Portada\",\"item\":\"https:\\\/\\\/grupoalcazar.net\\\/fr\\\/\"},{\"@type\":\"ListItem\",\"position\":2,\"name\":\"Services\",\"item\":\"https:\\\/\\\/grupoalcazar.net\\\/fr\\\/services\\\/\"},{\"@type\":\"ListItem\",\"position\":3,\"name\":\"Fondements\"}]},{\"@type\":\"WebSite\",\"@id\":\"https:\\\/\\\/grupoalcazar.net\\\/fr\\\/#website\",\"url\":\"https:\\\/\\\/grupoalcazar.net\\\/fr\\\/\",\"name\":\"Alc\u00e1zar Abogados - Grupo Alc\u00e1zar\",\"description\":\"\",\"potentialAction\":[{\"@type\":\"SearchAction\",\"target\":{\"@type\":\"EntryPoint\",\"urlTemplate\":\"https:\\\/\\\/grupoalcazar.net\\\/fr\\\/?s={search_term_string}\"},\"query-input\":{\"@type\":\"PropertyValueSpecification\",\"valueRequired\":true,\"valueName\":\"search_term_string\"}}],\"inLanguage\":\"fr-FR\"}]}<\/script>\n<!-- \/ Yoast SEO plugin. -->","yoast_head_json":{"title":"Fondements juridiques : conseils et expertise pro","description":"Nos experts en fondements juridiques accompagnent entreprises et particuliers pour s\u00e9curiser d\u00e9cisions, pr\u00e9venir risques et assurer conformit\u00e9 l\u00e9gale.","robots":{"index":"index","follow":"follow","max-snippet":"max-snippet:-1","max-image-preview":"max-image-preview:large","max-video-preview":"max-video-preview:-1"},"canonical":"https:\/\/grupoalcazar.net\/fr\/services\/fondements\/","og_locale":"fr_FR","og_type":"article","og_title":"Fondements juridiques : conseils et expertise pro","og_description":"Nos experts en fondements juridiques accompagnent entreprises et particuliers pour s\u00e9curiser d\u00e9cisions, pr\u00e9venir risques et assurer conformit\u00e9 l\u00e9gale.","og_url":"https:\/\/grupoalcazar.net\/fr\/services\/fondements\/","og_site_name":"Alc\u00e1zar Abogados - Grupo Alc\u00e1zar","article_modified_time":"2026-02-18T17:23:38+00:00","og_image":[{"width":674,"height":916,"url":"https:\/\/grupoalcazar.net\/wp-content\/uploads\/2024\/06\/alcazar4.webp","type":"image\/webp"}],"twitter_card":"summary_large_image","twitter_misc":{"Dur\u00e9e de lecture estim\u00e9e":"2 minutes"},"schema":{"@context":"https:\/\/schema.org","@graph":[{"@type":"WebPage","@id":"https:\/\/grupoalcazar.net\/fr\/services\/fondements\/","url":"https:\/\/grupoalcazar.net\/fr\/services\/fondements\/","name":"Fondements juridiques : conseils et expertise pro","isPartOf":{"@id":"https:\/\/grupoalcazar.net\/fr\/#website"},"primaryImageOfPage":{"@id":"https:\/\/grupoalcazar.net\/fr\/services\/fondements\/#primaryimage"},"image":{"@id":"https:\/\/grupoalcazar.net\/fr\/services\/fondements\/#primaryimage"},"thumbnailUrl":"https:\/\/grupoalcazar.net\/wp-content\/uploads\/2024\/06\/alcazar4.webp","datePublished":"2024-05-23T08:17:52+00:00","dateModified":"2026-02-18T17:23:38+00:00","description":"Nos experts en fondements juridiques accompagnent entreprises et particuliers pour s\u00e9curiser d\u00e9cisions, pr\u00e9venir risques et assurer conformit\u00e9 l\u00e9gale.","breadcrumb":{"@id":"https:\/\/grupoalcazar.net\/fr\/services\/fondements\/#breadcrumb"},"inLanguage":"fr-FR","potentialAction":[{"@type":"ReadAction","target":["https:\/\/grupoalcazar.net\/fr\/services\/fondements\/"]}]},{"@type":"ImageObject","inLanguage":"fr-FR","@id":"https:\/\/grupoalcazar.net\/fr\/services\/fondements\/#primaryimage","url":"https:\/\/grupoalcazar.net\/wp-content\/uploads\/2024\/06\/alcazar4.webp","contentUrl":"https:\/\/grupoalcazar.net\/wp-content\/uploads\/2024\/06\/alcazar4.webp","width":674,"height":916},{"@type":"BreadcrumbList","@id":"https:\/\/grupoalcazar.net\/fr\/services\/fondements\/#breadcrumb","itemListElement":[{"@type":"ListItem","position":1,"name":"Portada","item":"https:\/\/grupoalcazar.net\/fr\/"},{"@type":"ListItem","position":2,"name":"Services","item":"https:\/\/grupoalcazar.net\/fr\/services\/"},{"@type":"ListItem","position":3,"name":"Fondements"}]},{"@type":"WebSite","@id":"https:\/\/grupoalcazar.net\/fr\/#website","url":"https:\/\/grupoalcazar.net\/fr\/","name":"Alc\u00e1zar Abogados - Grupo Alc\u00e1zar","description":"","potentialAction":[{"@type":"SearchAction","target":{"@type":"EntryPoint","urlTemplate":"https:\/\/grupoalcazar.net\/fr\/?s={search_term_string}"},"query-input":{"@type":"PropertyValueSpecification","valueRequired":true,"valueName":"search_term_string"}}],"inLanguage":"fr-FR"}]}},"_links":{"self":[{"href":"https:\/\/grupoalcazar.net\/fr\/wp-json\/wp\/v2\/pages\/6998","targetHints":{"allow":["GET"]}}],"collection":[{"href":"https:\/\/grupoalcazar.net\/fr\/wp-json\/wp\/v2\/pages"}],"about":[{"href":"https:\/\/grupoalcazar.net\/fr\/wp-json\/wp\/v2\/types\/page"}],"author":[{"embeddable":true,"href":"https:\/\/grupoalcazar.net\/fr\/wp-json\/wp\/v2\/users\/1"}],"replies":[{"embeddable":true,"href":"https:\/\/grupoalcazar.net\/fr\/wp-json\/wp\/v2\/comments?post=6998"}],"version-history":[{"count":1,"href":"https:\/\/grupoalcazar.net\/fr\/wp-json\/wp\/v2\/pages\/6998\/revisions"}],"predecessor-version":[{"id":7001,"href":"https:\/\/grupoalcazar.net\/fr\/wp-json\/wp\/v2\/pages\/6998\/revisions\/7001"}],"up":[{"embeddable":true,"href":"https:\/\/grupoalcazar.net\/fr\/wp-json\/wp\/v2\/pages\/6959"}],"wp:featuredmedia":[{"embeddable":true,"href":"https:\/\/grupoalcazar.net\/fr\/wp-json\/wp\/v2\/media\/6999"}],"wp:attachment":[{"href":"https:\/\/grupoalcazar.net\/fr\/wp-json\/wp\/v2\/media?parent=6998"}],"wp:term":[{"taxonomy":"tipo-de-pagina","embeddable":true,"href":"https:\/\/grupoalcazar.net\/fr\/wp-json\/wp\/v2\/tipo-de-pagina?post=6998"}],"curies":[{"name":"wp","href":"https:\/\/api.w.org\/{rel}","templated":true}]}}