{"id":6995,"date":"2024-05-27T10:52:13","date_gmt":"2024-05-27T08:52:13","guid":{"rendered":"https:\/\/grupoalcazar.net\/services\/droit-immobilier\/"},"modified":"2026-03-06T08:42:31","modified_gmt":"2026-03-06T07:42:31","slug":"droit-immobilier","status":"publish","type":"page","link":"https:\/\/grupoalcazar.net\/fr\/services\/droit-immobilier\/","title":{"rendered":"Droit immobilier"},"content":{"rendered":"\t\t<div data-elementor-type=\"wp-page\" data-elementor-id=\"6995\" class=\"elementor elementor-6995 elementor-4925\" data-elementor-post-type=\"page\">\n\t\t\t\t<div class=\"elementor-element elementor-element-ef9780f e-flex e-con-boxed e-con e-parent\" data-id=\"ef9780f\" data-element_type=\"container\" data-e-type=\"container\" data-settings=\"{&quot;jet_parallax_layout_list&quot;:[]}\">\n\t\t\t\t\t<div class=\"e-con-inner\">\n\t\t\t\t<div class=\"elementor-element elementor-element-2e6d0c98 elementor-widget elementor-widget-text-editor\" data-id=\"2e6d0c98\" data-element_type=\"widget\" data-e-type=\"widget\" data-widget_type=\"text-editor.default\">\n\t\t\t\t\t\t\t\t\t\n<h3 class=\"wp-block-heading subtitulo-servicio\">Acheter une maison en Espagne<\/h3>\n\n<p>Si vous envisagez d&rsquo;<strong>acheter une<\/strong> maison en Espagne, il est important de savoir que le processus d&rsquo;achat espagnol est diff\u00e9rent de celui de la plupart des autres pays europ\u00e9ens.\nLa responsabilit\u00e9 juridique du notaire est tr\u00e8s limit\u00e9e et, en raison de la structure bureaucratique d\u00e9centralis\u00e9e, la l\u00e9gislation espagnole en mati\u00e8re d&rsquo;immobilier (transfert de propri\u00e9t\u00e9) est tr\u00e8s diff\u00e9rente de celle de la plupart des autres pays europ\u00e9ens. <a href=\"https:\/\/www.cdsolicitors.com\/conveyancing-in-spain\/\"><strong>La l\u00e9gislation espagnole en mati\u00e8re d&rsquo;immobilier (transfert de propri\u00e9t\u00e9) peut \u00eatre tr\u00e8s complexe, en particulier dans les domaines suivants<\/strong><\/a>) peut \u00eatre assez complexe, en particulier dans les r\u00e9gions rustiques (rurales). <\/p>\n\n<p>L&rsquo;achat d&rsquo;une maison, d&rsquo;une r\u00e9sidence secondaire, d&rsquo;un appartement ou d&rsquo;un autre bien immobilier est l&rsquo;un des investissements les plus importants dans la vie d&rsquo;une personne et les cons\u00e9quences d&rsquo;\u00e9ventuels probl\u00e8mes juridiques peuvent \u00eatre graves.\nIl est donc conseill\u00e9 de faire appel \u00e0 un avocat ind\u00e9pendant pour effectuer des <strong>recherches juridiques<\/strong> tr\u00e8s importantes. <\/p>\n\n<h3 class=\"wp-block-heading subtitulo-servicio\">Vendre une maison en Espagne<\/h3>\n\n<p>Comme il y a beaucoup d&rsquo;argent en jeu, la vente d&rsquo;une propri\u00e9t\u00e9 espagnole est pour beaucoup une exp\u00e9rience stressante.\nLes temps ont chang\u00e9 et, de nos jours, il est pratiquement impossible de vendre une propri\u00e9t\u00e9 espagnole si \u00ab\u00a0toutes les conditions l\u00e9gales ne sont pas remplies\u00a0\u00bb.\nCeci, bien s\u00fbr, selon l&rsquo;avocat de l&rsquo;acheteur.\nEn outre, la l\u00e9gislation locale, r\u00e9gionale, nationale et internationale \u00e9volue constamment et la structure bureaucratique espagnole est assez complexe.\nPar cons\u00e9quent, la correction de tout probl\u00e8me administratif ou juridique peut prendre un certain temps, et il est donc conseill\u00e9 de garder une longueur d&rsquo;avance sur les acheteurs.\nUn avocat peut se charger de toutes les recherches juridiques pour vous, car il est un v\u00e9ritable sp\u00e9cialiste du droit immobilier.<a href=\"https:\/\/www.cdsolicitors.com\/conveyancing-in-spain\/\"><u><strong>(transfert de propri\u00e9t\u00e9<\/strong><\/u><\/a>).\nCela comprend \u00e9galement le traitement du certificat DAFO pour les propri\u00e9t\u00e9s rurales.      <\/p>\n\n<p>Outre les recherches juridiques, l&rsquo;avocat n\u00e9gocie \u00e9galement, au nom de son client, les dispositions importantes de la vente avec l&rsquo;acheteur.\nGr\u00e2ce \u00e0 une \u00ab\u00a0procuration\u00a0\u00bb, il peut vous repr\u00e9senter l\u00e9galement et d\u00e9fendre vos int\u00e9r\u00eats tout au long du processus de vente.\nGr\u00e2ce \u00e0 son exp\u00e9rience, il le fera de mani\u00e8re professionnelle, m\u00eame si vous n&rsquo;\u00eates pas en Espagne pendant la proc\u00e9dure.  <\/p>\n\n<p>Avec l&rsquo;avocat de l&rsquo;acheteur, il s&rsquo;occupe du <strong>contrat d&rsquo;achat priv\u00e9<\/strong> et de la signature des <strong>actes<\/strong> publics.\nUn autre avantage est que l&rsquo;avocat peut s&rsquo;occuper de toutes sortes de questions financi\u00e8res, fiscales ou bancaires telles que <a href=\"https:\/\/www.cdsolicitors.com\/buying-a-house-in-spain\/mortgage-for-property-in-spain\/\"><u><strong>la r\u00e9siliation d&rsquo;hypoth\u00e8ques<\/strong><\/u><\/a>les paiements, les retenues \u00e0 la source et les questions fiscales. <\/p>\n\n<h3 class=\"wp-block-heading\">Nouveau d\u00e9veloppement Espagne<\/h3>\n\n<p>De m\u00eame, lors de l&rsquo;<strong>achat d&rsquo;un nouveau projet \u00e0 un promoteur<\/strong> en Espagne, un <strong>avocat<\/strong> prend en charge le travail qui, dans d&rsquo;autres pays, est effectu\u00e9 par le notaire ou l&rsquo;agent immobilier.\nIl v\u00e9rifie la l\u00e9galit\u00e9 de la propri\u00e9t\u00e9, les \u00e9ventuelles dettes du promoteur (telles que les <a href=\"https:\/\/www.cdsolicitors.com\/buying-a-house-in-spain\/mortgage-for-property-in-spain\/\"><strong><u>hypoth\u00e8ques<\/u><\/strong><\/a> les hypoth\u00e8ques existantes <a href=\"https:\/\/www.cdsolicitors.com\/buying-a-house-in-spain\/mortgage-for-property-in-spain\/\">ou les imp\u00f4ts <\/a>impay\u00e9s), les permis techniques, les garanties bancaires, les assurances, etc.\nUne fois les recherches juridiques termin\u00e9es, l&rsquo;avocat n\u00e9gocie les conditions du contrat de vente priv\u00e9e en faveur du client.  <\/p>\n\n<p>En outre, il s&rsquo;occupe des paiements, fournit des conseils fiscaux, s&rsquo;occupe de votre demande de pr\u00eat hypoth\u00e9caire. <strong><a href=\"https:\/\/www.cdsolicitors.com\/mortgages-in-spain-to-buy-property\/\"><u>demande de pr\u00eat hypoth\u00e9caire<\/u><\/a><\/strong> et, une fois l&rsquo;achat effectu\u00e9, votre avocat s&rsquo;occupera de tous les travaux d&rsquo;apr\u00e8s-vente n\u00e9cessaires.\nSi vous achetez une <strong>nouvelle propri\u00e9t\u00e9<\/strong>, il est encore plus important de faire appel \u00e0 un avocat sp\u00e9cialis\u00e9.\nEn effet, l&rsquo;achat d&rsquo;un projet immobilier n\u00e9cessite un travail et des v\u00e9rifications suppl\u00e9mentaires en plus des recherches juridiques habituelles.  <\/p>\n\t\t\t\t\t\t\t\t<\/div>\n\t\t\t\t\t<\/div>\n\t\t\t\t<\/div>\n\t\t\t\t<\/div>\n\t\t","protected":false},"excerpt":{"rendered":"<p>Acheter une maison en Espagne Si vous envisagez d&rsquo;acheter une maison en Espagne, il est important de savoir que le processus d&rsquo;achat espagnol est diff\u00e9rent de celui de la plupart des autres pays europ\u00e9ens. La responsabilit\u00e9 juridique du notaire est tr\u00e8s limit\u00e9e et, en raison de la structure bureaucratique d\u00e9centralis\u00e9e, la l\u00e9gislation espagnole en mati\u00e8re [&hellip;]<\/p>\n","protected":false},"author":1,"featured_media":6996,"parent":6959,"menu_order":0,"comment_status":"closed","ping_status":"closed","template":"","meta":{"footnotes":""},"tipo-de-pagina":[1091],"class_list":["post-6995","page","type-page","status-publish","has-post-thumbnail","hentry"],"yoast_head":"<!-- This site is optimized with the Yoast SEO plugin v27.3 - https:\/\/yoast.com\/product\/yoast-seo-wordpress\/ -->\n<title>Droit immobilier : conseils juridiques experts<\/title>\n<meta name=\"description\" content=\"Guide complet sur le droit immobilier en Espagne : formalit\u00e9s, r\u00f4le de l&#039;avocat, certificat DAFO et sp\u00e9cificit\u00e9s du processus d&#039;achat pour les non-r\u00e9sidents.\" \/>\n<meta name=\"robots\" content=\"index, follow, max-snippet:-1, max-image-preview:large, max-video-preview:-1\" \/>\n<link rel=\"canonical\" href=\"https:\/\/grupoalcazar.net\/fr\/services\/droit-immobilier\/\" \/>\n<meta property=\"og:locale\" content=\"fr_FR\" \/>\n<meta property=\"og:type\" content=\"article\" \/>\n<meta property=\"og:title\" content=\"Droit immobilier : conseils juridiques experts\" \/>\n<meta property=\"og:description\" content=\"Guide complet sur le droit immobilier en Espagne : formalit\u00e9s, r\u00f4le de l&#039;avocat, certificat DAFO et sp\u00e9cificit\u00e9s du processus d&#039;achat pour les non-r\u00e9sidents.\" \/>\n<meta property=\"og:url\" content=\"https:\/\/grupoalcazar.net\/fr\/services\/droit-immobilier\/\" \/>\n<meta property=\"og:site_name\" content=\"Alc\u00e1zar Abogados - Grupo Alc\u00e1zar\" \/>\n<meta property=\"article:modified_time\" content=\"2026-03-06T07:42:31+00:00\" \/>\n<meta property=\"og:image\" content=\"https:\/\/grupoalcazar.net\/wp-content\/uploads\/2024\/06\/Derecho-de-la-Construccion.webp\" \/>\n\t<meta property=\"og:image:width\" content=\"674\" \/>\n\t<meta property=\"og:image:height\" content=\"916\" \/>\n\t<meta property=\"og:image:type\" content=\"image\/webp\" \/>\n<meta name=\"twitter:card\" content=\"summary_large_image\" \/>\n<meta name=\"twitter:label1\" content=\"Dur\u00e9e de lecture estim\u00e9e\" \/>\n\t<meta name=\"twitter:data1\" content=\"3 minutes\" \/>\n<script type=\"application\/ld+json\" class=\"yoast-schema-graph\">{\"@context\":\"https:\\\/\\\/schema.org\",\"@graph\":[{\"@type\":\"WebPage\",\"@id\":\"https:\\\/\\\/grupoalcazar.net\\\/fr\\\/services\\\/droit-immobilier\\\/\",\"url\":\"https:\\\/\\\/grupoalcazar.net\\\/fr\\\/services\\\/droit-immobilier\\\/\",\"name\":\"Droit immobilier : conseils juridiques experts\",\"isPartOf\":{\"@id\":\"https:\\\/\\\/grupoalcazar.net\\\/fr\\\/#website\"},\"primaryImageOfPage\":{\"@id\":\"https:\\\/\\\/grupoalcazar.net\\\/fr\\\/services\\\/droit-immobilier\\\/#primaryimage\"},\"image\":{\"@id\":\"https:\\\/\\\/grupoalcazar.net\\\/fr\\\/services\\\/droit-immobilier\\\/#primaryimage\"},\"thumbnailUrl\":\"https:\\\/\\\/grupoalcazar.net\\\/wp-content\\\/uploads\\\/2024\\\/06\\\/Derecho-de-la-Construccion.webp\",\"datePublished\":\"2024-05-27T08:52:13+00:00\",\"dateModified\":\"2026-03-06T07:42:31+00:00\",\"description\":\"Guide complet sur le droit immobilier en Espagne : formalit\u00e9s, r\u00f4le de l'avocat, certificat DAFO et sp\u00e9cificit\u00e9s du processus d'achat pour les non-r\u00e9sidents.\",\"breadcrumb\":{\"@id\":\"https:\\\/\\\/grupoalcazar.net\\\/fr\\\/services\\\/droit-immobilier\\\/#breadcrumb\"},\"inLanguage\":\"fr-FR\",\"potentialAction\":[{\"@type\":\"ReadAction\",\"target\":[\"https:\\\/\\\/grupoalcazar.net\\\/fr\\\/services\\\/droit-immobilier\\\/\"]}]},{\"@type\":\"ImageObject\",\"inLanguage\":\"fr-FR\",\"@id\":\"https:\\\/\\\/grupoalcazar.net\\\/fr\\\/services\\\/droit-immobilier\\\/#primaryimage\",\"url\":\"https:\\\/\\\/grupoalcazar.net\\\/wp-content\\\/uploads\\\/2024\\\/06\\\/Derecho-de-la-Construccion.webp\",\"contentUrl\":\"https:\\\/\\\/grupoalcazar.net\\\/wp-content\\\/uploads\\\/2024\\\/06\\\/Derecho-de-la-Construccion.webp\",\"width\":674,\"height\":916},{\"@type\":\"BreadcrumbList\",\"@id\":\"https:\\\/\\\/grupoalcazar.net\\\/fr\\\/services\\\/droit-immobilier\\\/#breadcrumb\",\"itemListElement\":[{\"@type\":\"ListItem\",\"position\":1,\"name\":\"Portada\",\"item\":\"https:\\\/\\\/grupoalcazar.net\\\/fr\\\/\"},{\"@type\":\"ListItem\",\"position\":2,\"name\":\"Services\",\"item\":\"https:\\\/\\\/grupoalcazar.net\\\/fr\\\/services\\\/\"},{\"@type\":\"ListItem\",\"position\":3,\"name\":\"Droit immobilier\"}]},{\"@type\":\"WebSite\",\"@id\":\"https:\\\/\\\/grupoalcazar.net\\\/fr\\\/#website\",\"url\":\"https:\\\/\\\/grupoalcazar.net\\\/fr\\\/\",\"name\":\"Alc\u00e1zar Abogados - Grupo Alc\u00e1zar\",\"description\":\"\",\"potentialAction\":[{\"@type\":\"SearchAction\",\"target\":{\"@type\":\"EntryPoint\",\"urlTemplate\":\"https:\\\/\\\/grupoalcazar.net\\\/fr\\\/?s={search_term_string}\"},\"query-input\":{\"@type\":\"PropertyValueSpecification\",\"valueRequired\":true,\"valueName\":\"search_term_string\"}}],\"inLanguage\":\"fr-FR\"}]}<\/script>\n<!-- \/ Yoast SEO plugin. -->","yoast_head_json":{"title":"Droit immobilier : conseils juridiques experts","description":"Guide complet sur le droit immobilier en Espagne : formalit\u00e9s, r\u00f4le de l'avocat, certificat DAFO et sp\u00e9cificit\u00e9s du processus d'achat pour les non-r\u00e9sidents.","robots":{"index":"index","follow":"follow","max-snippet":"max-snippet:-1","max-image-preview":"max-image-preview:large","max-video-preview":"max-video-preview:-1"},"canonical":"https:\/\/grupoalcazar.net\/fr\/services\/droit-immobilier\/","og_locale":"fr_FR","og_type":"article","og_title":"Droit immobilier : conseils juridiques experts","og_description":"Guide complet sur le droit immobilier en Espagne : formalit\u00e9s, r\u00f4le de l'avocat, certificat DAFO et sp\u00e9cificit\u00e9s du processus d'achat pour les non-r\u00e9sidents.","og_url":"https:\/\/grupoalcazar.net\/fr\/services\/droit-immobilier\/","og_site_name":"Alc\u00e1zar Abogados - Grupo Alc\u00e1zar","article_modified_time":"2026-03-06T07:42:31+00:00","og_image":[{"width":674,"height":916,"url":"https:\/\/grupoalcazar.net\/wp-content\/uploads\/2024\/06\/Derecho-de-la-Construccion.webp","type":"image\/webp"}],"twitter_card":"summary_large_image","twitter_misc":{"Dur\u00e9e de lecture estim\u00e9e":"3 minutes"},"schema":{"@context":"https:\/\/schema.org","@graph":[{"@type":"WebPage","@id":"https:\/\/grupoalcazar.net\/fr\/services\/droit-immobilier\/","url":"https:\/\/grupoalcazar.net\/fr\/services\/droit-immobilier\/","name":"Droit immobilier : conseils juridiques experts","isPartOf":{"@id":"https:\/\/grupoalcazar.net\/fr\/#website"},"primaryImageOfPage":{"@id":"https:\/\/grupoalcazar.net\/fr\/services\/droit-immobilier\/#primaryimage"},"image":{"@id":"https:\/\/grupoalcazar.net\/fr\/services\/droit-immobilier\/#primaryimage"},"thumbnailUrl":"https:\/\/grupoalcazar.net\/wp-content\/uploads\/2024\/06\/Derecho-de-la-Construccion.webp","datePublished":"2024-05-27T08:52:13+00:00","dateModified":"2026-03-06T07:42:31+00:00","description":"Guide complet sur le droit immobilier en Espagne : formalit\u00e9s, r\u00f4le de l'avocat, certificat DAFO et sp\u00e9cificit\u00e9s du processus d'achat pour les non-r\u00e9sidents.","breadcrumb":{"@id":"https:\/\/grupoalcazar.net\/fr\/services\/droit-immobilier\/#breadcrumb"},"inLanguage":"fr-FR","potentialAction":[{"@type":"ReadAction","target":["https:\/\/grupoalcazar.net\/fr\/services\/droit-immobilier\/"]}]},{"@type":"ImageObject","inLanguage":"fr-FR","@id":"https:\/\/grupoalcazar.net\/fr\/services\/droit-immobilier\/#primaryimage","url":"https:\/\/grupoalcazar.net\/wp-content\/uploads\/2024\/06\/Derecho-de-la-Construccion.webp","contentUrl":"https:\/\/grupoalcazar.net\/wp-content\/uploads\/2024\/06\/Derecho-de-la-Construccion.webp","width":674,"height":916},{"@type":"BreadcrumbList","@id":"https:\/\/grupoalcazar.net\/fr\/services\/droit-immobilier\/#breadcrumb","itemListElement":[{"@type":"ListItem","position":1,"name":"Portada","item":"https:\/\/grupoalcazar.net\/fr\/"},{"@type":"ListItem","position":2,"name":"Services","item":"https:\/\/grupoalcazar.net\/fr\/services\/"},{"@type":"ListItem","position":3,"name":"Droit immobilier"}]},{"@type":"WebSite","@id":"https:\/\/grupoalcazar.net\/fr\/#website","url":"https:\/\/grupoalcazar.net\/fr\/","name":"Alc\u00e1zar Abogados - Grupo Alc\u00e1zar","description":"","potentialAction":[{"@type":"SearchAction","target":{"@type":"EntryPoint","urlTemplate":"https:\/\/grupoalcazar.net\/fr\/?s={search_term_string}"},"query-input":{"@type":"PropertyValueSpecification","valueRequired":true,"valueName":"search_term_string"}}],"inLanguage":"fr-FR"}]}},"_links":{"self":[{"href":"https:\/\/grupoalcazar.net\/fr\/wp-json\/wp\/v2\/pages\/6995","targetHints":{"allow":["GET"]}}],"collection":[{"href":"https:\/\/grupoalcazar.net\/fr\/wp-json\/wp\/v2\/pages"}],"about":[{"href":"https:\/\/grupoalcazar.net\/fr\/wp-json\/wp\/v2\/types\/page"}],"author":[{"embeddable":true,"href":"https:\/\/grupoalcazar.net\/fr\/wp-json\/wp\/v2\/users\/1"}],"replies":[{"embeddable":true,"href":"https:\/\/grupoalcazar.net\/fr\/wp-json\/wp\/v2\/comments?post=6995"}],"version-history":[{"count":1,"href":"https:\/\/grupoalcazar.net\/fr\/wp-json\/wp\/v2\/pages\/6995\/revisions"}],"predecessor-version":[{"id":6997,"href":"https:\/\/grupoalcazar.net\/fr\/wp-json\/wp\/v2\/pages\/6995\/revisions\/6997"}],"up":[{"embeddable":true,"href":"https:\/\/grupoalcazar.net\/fr\/wp-json\/wp\/v2\/pages\/6959"}],"wp:featuredmedia":[{"embeddable":true,"href":"https:\/\/grupoalcazar.net\/fr\/wp-json\/wp\/v2\/media\/6996"}],"wp:attachment":[{"href":"https:\/\/grupoalcazar.net\/fr\/wp-json\/wp\/v2\/media?parent=6995"}],"wp:term":[{"taxonomy":"tipo-de-pagina","embeddable":true,"href":"https:\/\/grupoalcazar.net\/fr\/wp-json\/wp\/v2\/tipo-de-pagina?post=6995"}],"curies":[{"name":"wp","href":"https:\/\/api.w.org\/{rel}","templated":true}]}}