{"id":6992,"date":"2024-05-23T14:14:57","date_gmt":"2024-05-23T12:14:57","guid":{"rendered":"https:\/\/grupoalcazar.net\/services\/droit-de-la-construction\/"},"modified":"2026-03-05T11:44:33","modified_gmt":"2026-03-05T10:44:33","slug":"droit-de-la-construction","status":"publish","type":"page","link":"https:\/\/grupoalcazar.net\/fr\/services\/droit-de-la-construction\/","title":{"rendered":"Droit de la construction"},"content":{"rendered":"\n<h3 class=\"wp-block-heading\">Construire des bases juridiques solides pour vos projets<\/h3>\n\n<p>Lors de l&rsquo;\u00e9laboration d&rsquo;un projet de construction, il est tr\u00e8s fr\u00e9quent que des probl\u00e8mes surviennent entre les diff\u00e9rents agents impliqu\u00e9s (architecte, m\u00e9treur, promoteur, entreprise de construction ou m\u00eame le client final).\n\u00c0 ce stade, le plus grand probl\u00e8me est de d\u00e9terminer qui est responsable et dans quelle mesure. <\/p>\n\n<p><strong>Quelles sont les responsabilit\u00e9s les plus courantes dans le domaine de la construction ?<\/strong><\/p>\n\n<p>La loi stipule que les entrepreneurs de construction sont responsables envers les propri\u00e9taires et les acqu\u00e9reurs de b\u00e2timents des dommages mat\u00e9riels caus\u00e9s au b\u00e2timent, dans les d\u00e9lais indiqu\u00e9s, en fonction de la gravit\u00e9 des dommages.\nConcr\u00e8tement, les dommages les plus courants qui surviennent apr\u00e8s la construction d&rsquo;un b\u00e2timent sont les suivants : <\/p>\n","protected":false},"excerpt":{"rendered":"<p>Construire des bases juridiques solides pour vos projets Lors de l&rsquo;\u00e9laboration d&rsquo;un projet de construction, il est tr\u00e8s fr\u00e9quent que des probl\u00e8mes surviennent entre les diff\u00e9rents agents impliqu\u00e9s (architecte, m\u00e9treur, promoteur, entreprise de construction ou m\u00eame le client final). \u00c0 ce stade, le plus grand probl\u00e8me est de d\u00e9terminer qui est responsable et dans quelle [&hellip;]<\/p>\n","protected":false},"author":1,"featured_media":6993,"parent":6959,"menu_order":0,"comment_status":"closed","ping_status":"closed","template":"","meta":{"footnotes":""},"tipo-de-pagina":[1091],"class_list":["post-6992","page","type-page","status-publish","has-post-thumbnail","hentry"],"yoast_head":"<!-- This site is optimized with the Yoast SEO plugin v27.3 - https:\/\/yoast.com\/product\/yoast-seo-wordpress\/ -->\n<title>Droit de la construction : conseils juridiques experts<\/title>\n<meta name=\"description\" content=\"Projets de construction : apprenez \u00e0 d\u00e9terminer les responsabilit\u00e9s entre architectes, promoteurs et constructeurs pour s\u00e9curiser vos bases juridiques.\" \/>\n<meta name=\"robots\" content=\"index, follow, max-snippet:-1, max-image-preview:large, max-video-preview:-1\" \/>\n<link rel=\"canonical\" href=\"https:\/\/grupoalcazar.net\/fr\/services\/droit-de-la-construction\/\" \/>\n<meta property=\"og:locale\" content=\"fr_FR\" \/>\n<meta property=\"og:type\" content=\"article\" \/>\n<meta property=\"og:title\" content=\"Droit de la construction : conseils juridiques experts\" \/>\n<meta property=\"og:description\" content=\"Projets de construction : apprenez \u00e0 d\u00e9terminer les responsabilit\u00e9s entre architectes, promoteurs et constructeurs pour s\u00e9curiser vos bases juridiques.\" \/>\n<meta property=\"og:url\" content=\"https:\/\/grupoalcazar.net\/fr\/services\/droit-de-la-construction\/\" \/>\n<meta property=\"og:site_name\" content=\"Alc\u00e1zar Abogados - Grupo Alc\u00e1zar\" \/>\n<meta property=\"article:modified_time\" content=\"2026-03-05T10:44:33+00:00\" \/>\n<meta property=\"og:image\" content=\"https:\/\/grupoalcazar.net\/wp-content\/uploads\/2024\/06\/2.webp\" \/>\n\t<meta property=\"og:image:width\" content=\"674\" \/>\n\t<meta property=\"og:image:height\" content=\"916\" \/>\n\t<meta property=\"og:image:type\" content=\"image\/webp\" \/>\n<meta name=\"twitter:card\" content=\"summary_large_image\" \/>\n<meta name=\"twitter:label1\" content=\"Dur\u00e9e de lecture estim\u00e9e\" \/>\n\t<meta name=\"twitter:data1\" content=\"1 minute\" \/>\n<script type=\"application\/ld+json\" class=\"yoast-schema-graph\">{\"@context\":\"https:\\\/\\\/schema.org\",\"@graph\":[{\"@type\":\"WebPage\",\"@id\":\"https:\\\/\\\/grupoalcazar.net\\\/fr\\\/services\\\/droit-de-la-construction\\\/\",\"url\":\"https:\\\/\\\/grupoalcazar.net\\\/fr\\\/services\\\/droit-de-la-construction\\\/\",\"name\":\"Droit de la construction : conseils juridiques experts\",\"isPartOf\":{\"@id\":\"https:\\\/\\\/grupoalcazar.net\\\/fr\\\/#website\"},\"primaryImageOfPage\":{\"@id\":\"https:\\\/\\\/grupoalcazar.net\\\/fr\\\/services\\\/droit-de-la-construction\\\/#primaryimage\"},\"image\":{\"@id\":\"https:\\\/\\\/grupoalcazar.net\\\/fr\\\/services\\\/droit-de-la-construction\\\/#primaryimage\"},\"thumbnailUrl\":\"https:\\\/\\\/grupoalcazar.net\\\/wp-content\\\/uploads\\\/2024\\\/06\\\/2.webp\",\"datePublished\":\"2024-05-23T12:14:57+00:00\",\"dateModified\":\"2026-03-05T10:44:33+00:00\",\"description\":\"Projets de construction : apprenez \u00e0 d\u00e9terminer les responsabilit\u00e9s entre architectes, promoteurs et constructeurs pour s\u00e9curiser vos bases juridiques.\",\"breadcrumb\":{\"@id\":\"https:\\\/\\\/grupoalcazar.net\\\/fr\\\/services\\\/droit-de-la-construction\\\/#breadcrumb\"},\"inLanguage\":\"fr-FR\",\"potentialAction\":[{\"@type\":\"ReadAction\",\"target\":[\"https:\\\/\\\/grupoalcazar.net\\\/fr\\\/services\\\/droit-de-la-construction\\\/\"]}]},{\"@type\":\"ImageObject\",\"inLanguage\":\"fr-FR\",\"@id\":\"https:\\\/\\\/grupoalcazar.net\\\/fr\\\/services\\\/droit-de-la-construction\\\/#primaryimage\",\"url\":\"https:\\\/\\\/grupoalcazar.net\\\/wp-content\\\/uploads\\\/2024\\\/06\\\/2.webp\",\"contentUrl\":\"https:\\\/\\\/grupoalcazar.net\\\/wp-content\\\/uploads\\\/2024\\\/06\\\/2.webp\",\"width\":674,\"height\":916},{\"@type\":\"BreadcrumbList\",\"@id\":\"https:\\\/\\\/grupoalcazar.net\\\/fr\\\/services\\\/droit-de-la-construction\\\/#breadcrumb\",\"itemListElement\":[{\"@type\":\"ListItem\",\"position\":1,\"name\":\"Portada\",\"item\":\"https:\\\/\\\/grupoalcazar.net\\\/fr\\\/\"},{\"@type\":\"ListItem\",\"position\":2,\"name\":\"Services\",\"item\":\"https:\\\/\\\/grupoalcazar.net\\\/fr\\\/services\\\/\"},{\"@type\":\"ListItem\",\"position\":3,\"name\":\"Droit de la construction\"}]},{\"@type\":\"WebSite\",\"@id\":\"https:\\\/\\\/grupoalcazar.net\\\/fr\\\/#website\",\"url\":\"https:\\\/\\\/grupoalcazar.net\\\/fr\\\/\",\"name\":\"Alc\u00e1zar Abogados - Grupo Alc\u00e1zar\",\"description\":\"\",\"potentialAction\":[{\"@type\":\"SearchAction\",\"target\":{\"@type\":\"EntryPoint\",\"urlTemplate\":\"https:\\\/\\\/grupoalcazar.net\\\/fr\\\/?s={search_term_string}\"},\"query-input\":{\"@type\":\"PropertyValueSpecification\",\"valueRequired\":true,\"valueName\":\"search_term_string\"}}],\"inLanguage\":\"fr-FR\"}]}<\/script>\n<!-- \/ Yoast SEO plugin. -->","yoast_head_json":{"title":"Droit de la construction : conseils juridiques experts","description":"Projets de construction : apprenez \u00e0 d\u00e9terminer les responsabilit\u00e9s entre architectes, promoteurs et constructeurs pour s\u00e9curiser vos bases juridiques.","robots":{"index":"index","follow":"follow","max-snippet":"max-snippet:-1","max-image-preview":"max-image-preview:large","max-video-preview":"max-video-preview:-1"},"canonical":"https:\/\/grupoalcazar.net\/fr\/services\/droit-de-la-construction\/","og_locale":"fr_FR","og_type":"article","og_title":"Droit de la construction : conseils juridiques experts","og_description":"Projets de construction : apprenez \u00e0 d\u00e9terminer les responsabilit\u00e9s entre architectes, promoteurs et constructeurs pour s\u00e9curiser vos bases juridiques.","og_url":"https:\/\/grupoalcazar.net\/fr\/services\/droit-de-la-construction\/","og_site_name":"Alc\u00e1zar Abogados - Grupo Alc\u00e1zar","article_modified_time":"2026-03-05T10:44:33+00:00","og_image":[{"width":674,"height":916,"url":"https:\/\/grupoalcazar.net\/wp-content\/uploads\/2024\/06\/2.webp","type":"image\/webp"}],"twitter_card":"summary_large_image","twitter_misc":{"Dur\u00e9e de lecture estim\u00e9e":"1 minute"},"schema":{"@context":"https:\/\/schema.org","@graph":[{"@type":"WebPage","@id":"https:\/\/grupoalcazar.net\/fr\/services\/droit-de-la-construction\/","url":"https:\/\/grupoalcazar.net\/fr\/services\/droit-de-la-construction\/","name":"Droit de la construction : conseils juridiques experts","isPartOf":{"@id":"https:\/\/grupoalcazar.net\/fr\/#website"},"primaryImageOfPage":{"@id":"https:\/\/grupoalcazar.net\/fr\/services\/droit-de-la-construction\/#primaryimage"},"image":{"@id":"https:\/\/grupoalcazar.net\/fr\/services\/droit-de-la-construction\/#primaryimage"},"thumbnailUrl":"https:\/\/grupoalcazar.net\/wp-content\/uploads\/2024\/06\/2.webp","datePublished":"2024-05-23T12:14:57+00:00","dateModified":"2026-03-05T10:44:33+00:00","description":"Projets de construction : apprenez \u00e0 d\u00e9terminer les responsabilit\u00e9s entre architectes, promoteurs et constructeurs pour s\u00e9curiser vos bases juridiques.","breadcrumb":{"@id":"https:\/\/grupoalcazar.net\/fr\/services\/droit-de-la-construction\/#breadcrumb"},"inLanguage":"fr-FR","potentialAction":[{"@type":"ReadAction","target":["https:\/\/grupoalcazar.net\/fr\/services\/droit-de-la-construction\/"]}]},{"@type":"ImageObject","inLanguage":"fr-FR","@id":"https:\/\/grupoalcazar.net\/fr\/services\/droit-de-la-construction\/#primaryimage","url":"https:\/\/grupoalcazar.net\/wp-content\/uploads\/2024\/06\/2.webp","contentUrl":"https:\/\/grupoalcazar.net\/wp-content\/uploads\/2024\/06\/2.webp","width":674,"height":916},{"@type":"BreadcrumbList","@id":"https:\/\/grupoalcazar.net\/fr\/services\/droit-de-la-construction\/#breadcrumb","itemListElement":[{"@type":"ListItem","position":1,"name":"Portada","item":"https:\/\/grupoalcazar.net\/fr\/"},{"@type":"ListItem","position":2,"name":"Services","item":"https:\/\/grupoalcazar.net\/fr\/services\/"},{"@type":"ListItem","position":3,"name":"Droit de la construction"}]},{"@type":"WebSite","@id":"https:\/\/grupoalcazar.net\/fr\/#website","url":"https:\/\/grupoalcazar.net\/fr\/","name":"Alc\u00e1zar Abogados - Grupo Alc\u00e1zar","description":"","potentialAction":[{"@type":"SearchAction","target":{"@type":"EntryPoint","urlTemplate":"https:\/\/grupoalcazar.net\/fr\/?s={search_term_string}"},"query-input":{"@type":"PropertyValueSpecification","valueRequired":true,"valueName":"search_term_string"}}],"inLanguage":"fr-FR"}]}},"_links":{"self":[{"href":"https:\/\/grupoalcazar.net\/fr\/wp-json\/wp\/v2\/pages\/6992","targetHints":{"allow":["GET"]}}],"collection":[{"href":"https:\/\/grupoalcazar.net\/fr\/wp-json\/wp\/v2\/pages"}],"about":[{"href":"https:\/\/grupoalcazar.net\/fr\/wp-json\/wp\/v2\/types\/page"}],"author":[{"embeddable":true,"href":"https:\/\/grupoalcazar.net\/fr\/wp-json\/wp\/v2\/users\/1"}],"replies":[{"embeddable":true,"href":"https:\/\/grupoalcazar.net\/fr\/wp-json\/wp\/v2\/comments?post=6992"}],"version-history":[{"count":1,"href":"https:\/\/grupoalcazar.net\/fr\/wp-json\/wp\/v2\/pages\/6992\/revisions"}],"predecessor-version":[{"id":6994,"href":"https:\/\/grupoalcazar.net\/fr\/wp-json\/wp\/v2\/pages\/6992\/revisions\/6994"}],"up":[{"embeddable":true,"href":"https:\/\/grupoalcazar.net\/fr\/wp-json\/wp\/v2\/pages\/6959"}],"wp:featuredmedia":[{"embeddable":true,"href":"https:\/\/grupoalcazar.net\/fr\/wp-json\/wp\/v2\/media\/6993"}],"wp:attachment":[{"href":"https:\/\/grupoalcazar.net\/fr\/wp-json\/wp\/v2\/media?parent=6992"}],"wp:term":[{"taxonomy":"tipo-de-pagina","embeddable":true,"href":"https:\/\/grupoalcazar.net\/fr\/wp-json\/wp\/v2\/tipo-de-pagina?post=6992"}],"curies":[{"name":"wp","href":"https:\/\/api.w.org\/{rel}","templated":true}]}}