{"id":6989,"date":"2024-05-23T09:20:45","date_gmt":"2024-05-23T07:20:45","guid":{"rendered":"https:\/\/grupoalcazar.net\/services\/partenaires-du-conflit\/"},"modified":"2026-02-18T18:26:07","modified_gmt":"2026-02-18T17:26:07","slug":"partenaires-du-conflit","status":"publish","type":"page","link":"https:\/\/grupoalcazar.net\/fr\/services\/partenaires-du-conflit\/","title":{"rendered":"Partenaires du conflit"},"content":{"rendered":"\n<h3 class=\"wp-block-heading\">Surmonter les obstacles avec tact et efficacit\u00e9<\/h3>\n\n<p>Lorsqu&rsquo;un membre d&rsquo;un partenariat agit dans son propre int\u00e9r\u00eat ou se retire de mani\u00e8re conflictuelle, il est essentiel de prendre rapidement des mesures pr\u00e9ventives.\nUne analyse d\u00e9taill\u00e9e est n\u00e9cessaire pour \u00e9valuer si une solution interne est possible ou si la sortie de l&rsquo;associ\u00e9 fautif, avec une compensation \u00e9quitable, est pr\u00e9f\u00e9rable.\nLa strat\u00e9gie \u00e0 adopter pour faire face \u00e0 cette situation doit \u00eatre soigneusement \u00e9tudi\u00e9e.  <\/p>\n\n<h3 class=\"wp-block-heading\">Comment proc\u00e9der ?<\/h3>\n\n<p>Chez ALC\u00c1ZAR, nous savons que la r\u00e9solution des probl\u00e8mes entre associ\u00e9s n&rsquo;est pas une t\u00e2che facile et qu&rsquo;elle requiert de l&rsquo;exp\u00e9rience et de la pr\u00e9cision.\nGr\u00e2ce \u00e0 notre \u00e9quipe \u00ab\u00a0Conflits entre associ\u00e9s\u00a0\u00bb, compos\u00e9e d&rsquo;experts en droit des soci\u00e9t\u00e9s et en droit proc\u00e9dural, ainsi que d&rsquo;experts-comptables ind\u00e9pendants, nous abordons chaque situation d&rsquo;un point de vue pluridisciplinaire.\nNous ne nous contentons pas d&rsquo;\u00e9laborer des strat\u00e9gies, nous participons \u00e9galement aux r\u00e9unions des partenaires, aux n\u00e9gociations, \u00e0 la r\u00e9daction des accords et, le cas \u00e9ch\u00e9ant, nous assurons une repr\u00e9sentation juridique dans les proc\u00e9dures judiciaires.  <\/p>\n","protected":false},"excerpt":{"rendered":"<p>Surmonter les obstacles avec tact et efficacit\u00e9 Lorsqu&rsquo;un membre d&rsquo;un partenariat agit dans son propre int\u00e9r\u00eat ou se retire de mani\u00e8re conflictuelle, il est essentiel de prendre rapidement des mesures pr\u00e9ventives. Une analyse d\u00e9taill\u00e9e est n\u00e9cessaire pour \u00e9valuer si une solution interne est possible ou si la sortie de l&rsquo;associ\u00e9 fautif, avec une compensation \u00e9quitable, [&hellip;]<\/p>\n","protected":false},"author":1,"featured_media":6990,"parent":6959,"menu_order":0,"comment_status":"closed","ping_status":"closed","template":"","meta":{"footnotes":""},"tipo-de-pagina":[1091],"class_list":["post-6989","page","type-page","status-publish","has-post-thumbnail","hentry"],"yoast_head":"<!-- This site is optimized with the Yoast SEO plugin v27.3 - https:\/\/yoast.com\/product\/yoast-seo-wordpress\/ -->\n<title>Partenaires du conflit : conseils juridiques experts<\/title>\n<meta name=\"description\" content=\"Nos experts accompagnent les partenaires dans les conflits pour prot\u00e9ger droits, n\u00e9gocier accords et s\u00e9curiser int\u00e9r\u00eats juridiques et strat\u00e9giques.\" \/>\n<meta name=\"robots\" content=\"index, follow, max-snippet:-1, max-image-preview:large, max-video-preview:-1\" \/>\n<link rel=\"canonical\" href=\"https:\/\/grupoalcazar.net\/fr\/services\/partenaires-du-conflit\/\" \/>\n<meta property=\"og:locale\" content=\"fr_FR\" \/>\n<meta property=\"og:type\" content=\"article\" \/>\n<meta property=\"og:title\" content=\"Partenaires du conflit : conseils juridiques experts\" \/>\n<meta property=\"og:description\" content=\"Nos experts accompagnent les partenaires dans les conflits pour prot\u00e9ger droits, n\u00e9gocier accords et s\u00e9curiser int\u00e9r\u00eats juridiques et strat\u00e9giques.\" \/>\n<meta property=\"og:url\" content=\"https:\/\/grupoalcazar.net\/fr\/services\/partenaires-du-conflit\/\" \/>\n<meta property=\"og:site_name\" content=\"Alc\u00e1zar Abogados - Grupo Alc\u00e1zar\" \/>\n<meta property=\"article:modified_time\" content=\"2026-02-18T17:26:07+00:00\" \/>\n<meta property=\"og:image\" content=\"https:\/\/grupoalcazar.net\/wp-content\/uploads\/2024\/06\/3.webp\" \/>\n\t<meta property=\"og:image:width\" content=\"674\" \/>\n\t<meta property=\"og:image:height\" content=\"916\" \/>\n\t<meta property=\"og:image:type\" content=\"image\/webp\" \/>\n<meta name=\"twitter:card\" content=\"summary_large_image\" \/>\n<meta name=\"twitter:label1\" content=\"Dur\u00e9e de lecture estim\u00e9e\" \/>\n\t<meta name=\"twitter:data1\" content=\"1 minute\" \/>\n<script type=\"application\/ld+json\" class=\"yoast-schema-graph\">{\"@context\":\"https:\\\/\\\/schema.org\",\"@graph\":[{\"@type\":\"WebPage\",\"@id\":\"https:\\\/\\\/grupoalcazar.net\\\/fr\\\/services\\\/partenaires-du-conflit\\\/\",\"url\":\"https:\\\/\\\/grupoalcazar.net\\\/fr\\\/services\\\/partenaires-du-conflit\\\/\",\"name\":\"Partenaires du conflit : conseils juridiques experts\",\"isPartOf\":{\"@id\":\"https:\\\/\\\/grupoalcazar.net\\\/fr\\\/#website\"},\"primaryImageOfPage\":{\"@id\":\"https:\\\/\\\/grupoalcazar.net\\\/fr\\\/services\\\/partenaires-du-conflit\\\/#primaryimage\"},\"image\":{\"@id\":\"https:\\\/\\\/grupoalcazar.net\\\/fr\\\/services\\\/partenaires-du-conflit\\\/#primaryimage\"},\"thumbnailUrl\":\"https:\\\/\\\/grupoalcazar.net\\\/wp-content\\\/uploads\\\/2024\\\/06\\\/3.webp\",\"datePublished\":\"2024-05-23T07:20:45+00:00\",\"dateModified\":\"2026-02-18T17:26:07+00:00\",\"description\":\"Nos experts accompagnent les partenaires dans les conflits pour prot\u00e9ger droits, n\u00e9gocier accords et s\u00e9curiser int\u00e9r\u00eats juridiques et strat\u00e9giques.\",\"breadcrumb\":{\"@id\":\"https:\\\/\\\/grupoalcazar.net\\\/fr\\\/services\\\/partenaires-du-conflit\\\/#breadcrumb\"},\"inLanguage\":\"fr-FR\",\"potentialAction\":[{\"@type\":\"ReadAction\",\"target\":[\"https:\\\/\\\/grupoalcazar.net\\\/fr\\\/services\\\/partenaires-du-conflit\\\/\"]}]},{\"@type\":\"ImageObject\",\"inLanguage\":\"fr-FR\",\"@id\":\"https:\\\/\\\/grupoalcazar.net\\\/fr\\\/services\\\/partenaires-du-conflit\\\/#primaryimage\",\"url\":\"https:\\\/\\\/grupoalcazar.net\\\/wp-content\\\/uploads\\\/2024\\\/06\\\/3.webp\",\"contentUrl\":\"https:\\\/\\\/grupoalcazar.net\\\/wp-content\\\/uploads\\\/2024\\\/06\\\/3.webp\",\"width\":674,\"height\":916},{\"@type\":\"BreadcrumbList\",\"@id\":\"https:\\\/\\\/grupoalcazar.net\\\/fr\\\/services\\\/partenaires-du-conflit\\\/#breadcrumb\",\"itemListElement\":[{\"@type\":\"ListItem\",\"position\":1,\"name\":\"Portada\",\"item\":\"https:\\\/\\\/grupoalcazar.net\\\/fr\\\/\"},{\"@type\":\"ListItem\",\"position\":2,\"name\":\"Services\",\"item\":\"https:\\\/\\\/grupoalcazar.net\\\/fr\\\/services\\\/\"},{\"@type\":\"ListItem\",\"position\":3,\"name\":\"Partenaires du conflit\"}]},{\"@type\":\"WebSite\",\"@id\":\"https:\\\/\\\/grupoalcazar.net\\\/fr\\\/#website\",\"url\":\"https:\\\/\\\/grupoalcazar.net\\\/fr\\\/\",\"name\":\"Alc\u00e1zar Abogados - Grupo Alc\u00e1zar\",\"description\":\"\",\"potentialAction\":[{\"@type\":\"SearchAction\",\"target\":{\"@type\":\"EntryPoint\",\"urlTemplate\":\"https:\\\/\\\/grupoalcazar.net\\\/fr\\\/?s={search_term_string}\"},\"query-input\":{\"@type\":\"PropertyValueSpecification\",\"valueRequired\":true,\"valueName\":\"search_term_string\"}}],\"inLanguage\":\"fr-FR\"}]}<\/script>\n<!-- \/ Yoast SEO plugin. -->","yoast_head_json":{"title":"Partenaires du conflit : conseils juridiques experts","description":"Nos experts accompagnent les partenaires dans les conflits pour prot\u00e9ger droits, n\u00e9gocier accords et s\u00e9curiser int\u00e9r\u00eats juridiques et strat\u00e9giques.","robots":{"index":"index","follow":"follow","max-snippet":"max-snippet:-1","max-image-preview":"max-image-preview:large","max-video-preview":"max-video-preview:-1"},"canonical":"https:\/\/grupoalcazar.net\/fr\/services\/partenaires-du-conflit\/","og_locale":"fr_FR","og_type":"article","og_title":"Partenaires du conflit : conseils juridiques experts","og_description":"Nos experts accompagnent les partenaires dans les conflits pour prot\u00e9ger droits, n\u00e9gocier accords et s\u00e9curiser int\u00e9r\u00eats juridiques et strat\u00e9giques.","og_url":"https:\/\/grupoalcazar.net\/fr\/services\/partenaires-du-conflit\/","og_site_name":"Alc\u00e1zar Abogados - Grupo Alc\u00e1zar","article_modified_time":"2026-02-18T17:26:07+00:00","og_image":[{"width":674,"height":916,"url":"https:\/\/grupoalcazar.net\/wp-content\/uploads\/2024\/06\/3.webp","type":"image\/webp"}],"twitter_card":"summary_large_image","twitter_misc":{"Dur\u00e9e de lecture estim\u00e9e":"1 minute"},"schema":{"@context":"https:\/\/schema.org","@graph":[{"@type":"WebPage","@id":"https:\/\/grupoalcazar.net\/fr\/services\/partenaires-du-conflit\/","url":"https:\/\/grupoalcazar.net\/fr\/services\/partenaires-du-conflit\/","name":"Partenaires du conflit : conseils juridiques experts","isPartOf":{"@id":"https:\/\/grupoalcazar.net\/fr\/#website"},"primaryImageOfPage":{"@id":"https:\/\/grupoalcazar.net\/fr\/services\/partenaires-du-conflit\/#primaryimage"},"image":{"@id":"https:\/\/grupoalcazar.net\/fr\/services\/partenaires-du-conflit\/#primaryimage"},"thumbnailUrl":"https:\/\/grupoalcazar.net\/wp-content\/uploads\/2024\/06\/3.webp","datePublished":"2024-05-23T07:20:45+00:00","dateModified":"2026-02-18T17:26:07+00:00","description":"Nos experts accompagnent les partenaires dans les conflits pour prot\u00e9ger droits, n\u00e9gocier accords et s\u00e9curiser int\u00e9r\u00eats juridiques et strat\u00e9giques.","breadcrumb":{"@id":"https:\/\/grupoalcazar.net\/fr\/services\/partenaires-du-conflit\/#breadcrumb"},"inLanguage":"fr-FR","potentialAction":[{"@type":"ReadAction","target":["https:\/\/grupoalcazar.net\/fr\/services\/partenaires-du-conflit\/"]}]},{"@type":"ImageObject","inLanguage":"fr-FR","@id":"https:\/\/grupoalcazar.net\/fr\/services\/partenaires-du-conflit\/#primaryimage","url":"https:\/\/grupoalcazar.net\/wp-content\/uploads\/2024\/06\/3.webp","contentUrl":"https:\/\/grupoalcazar.net\/wp-content\/uploads\/2024\/06\/3.webp","width":674,"height":916},{"@type":"BreadcrumbList","@id":"https:\/\/grupoalcazar.net\/fr\/services\/partenaires-du-conflit\/#breadcrumb","itemListElement":[{"@type":"ListItem","position":1,"name":"Portada","item":"https:\/\/grupoalcazar.net\/fr\/"},{"@type":"ListItem","position":2,"name":"Services","item":"https:\/\/grupoalcazar.net\/fr\/services\/"},{"@type":"ListItem","position":3,"name":"Partenaires du conflit"}]},{"@type":"WebSite","@id":"https:\/\/grupoalcazar.net\/fr\/#website","url":"https:\/\/grupoalcazar.net\/fr\/","name":"Alc\u00e1zar Abogados - Grupo Alc\u00e1zar","description":"","potentialAction":[{"@type":"SearchAction","target":{"@type":"EntryPoint","urlTemplate":"https:\/\/grupoalcazar.net\/fr\/?s={search_term_string}"},"query-input":{"@type":"PropertyValueSpecification","valueRequired":true,"valueName":"search_term_string"}}],"inLanguage":"fr-FR"}]}},"_links":{"self":[{"href":"https:\/\/grupoalcazar.net\/fr\/wp-json\/wp\/v2\/pages\/6989","targetHints":{"allow":["GET"]}}],"collection":[{"href":"https:\/\/grupoalcazar.net\/fr\/wp-json\/wp\/v2\/pages"}],"about":[{"href":"https:\/\/grupoalcazar.net\/fr\/wp-json\/wp\/v2\/types\/page"}],"author":[{"embeddable":true,"href":"https:\/\/grupoalcazar.net\/fr\/wp-json\/wp\/v2\/users\/1"}],"replies":[{"embeddable":true,"href":"https:\/\/grupoalcazar.net\/fr\/wp-json\/wp\/v2\/comments?post=6989"}],"version-history":[{"count":1,"href":"https:\/\/grupoalcazar.net\/fr\/wp-json\/wp\/v2\/pages\/6989\/revisions"}],"predecessor-version":[{"id":6991,"href":"https:\/\/grupoalcazar.net\/fr\/wp-json\/wp\/v2\/pages\/6989\/revisions\/6991"}],"up":[{"embeddable":true,"href":"https:\/\/grupoalcazar.net\/fr\/wp-json\/wp\/v2\/pages\/6959"}],"wp:featuredmedia":[{"embeddable":true,"href":"https:\/\/grupoalcazar.net\/fr\/wp-json\/wp\/v2\/media\/6990"}],"wp:attachment":[{"href":"https:\/\/grupoalcazar.net\/fr\/wp-json\/wp\/v2\/media?parent=6989"}],"wp:term":[{"taxonomy":"tipo-de-pagina","embeddable":true,"href":"https:\/\/grupoalcazar.net\/fr\/wp-json\/wp\/v2\/tipo-de-pagina?post=6989"}],"curies":[{"name":"wp","href":"https:\/\/api.w.org\/{rel}","templated":true}]}}