{"id":6986,"date":"2024-05-23T14:23:15","date_gmt":"2024-05-23T12:23:15","guid":{"rendered":"https:\/\/grupoalcazar.net\/services\/appels-doffres-publics\/"},"modified":"2026-02-18T18:13:08","modified_gmt":"2026-02-18T17:13:08","slug":"appels-doffres-publics","status":"publish","type":"page","link":"https:\/\/grupoalcazar.net\/fr\/services\/appels-doffres-publics\/","title":{"rendered":"Appels d&rsquo;offres publics"},"content":{"rendered":"\n<h3 class=\"wp-block-heading\">Votre partenaire juridique pour les appels d&rsquo;offres publics et les soumissions publiques<\/h3>\n\n<p>La participation \u00e0 une proc\u00e9dure de passation de march\u00e9 public n\u00e9cessite un suivi complet de la proc\u00e9dure dans toutes ses phases, afin de respecter toutes les exigences \u00e9tablies dans la loi sur les contrats du secteur public.\nEn cas de non-attribution du march\u00e9 public, deux cas de figure se pr\u00e9sentent : le candidat peut \u00eatre exclu de la proc\u00e9dure pour non-respect pr\u00e9sum\u00e9 des exigences l\u00e9gales, ou le march\u00e9 peut \u00eatre attribu\u00e9 \u00e0 une entreprise moins m\u00e9ritante. <\/p>\n\n<p><strong>Que faire dans de tels cas ?<\/strong><\/p>\n\n<p>L&rsquo;essentiel est de disposer d&rsquo;un conseil personnalis\u00e9 et complet, de la phase pr\u00e9liminaire jusqu&rsquo;\u00e0 la fin de l&rsquo;adjudication.\nChez ALC\u00c1ZAR, vous trouverez l&rsquo;\u00e9quipe professionnelle dont vous avez besoin pour rivaliser avec des garanties dans les processus d&rsquo;appels d&rsquo;offres et de contrats publics.\nNous nous chargeons d&rsquo;analyser la documentation requise par le contractant pour pr\u00e9parer les offres.\nSi n\u00e9cessaire, nous nous chargeons de justifier le faible risque, lorsque l&rsquo;administration le demande \u00e0 l&rsquo;entreprise.   <\/p>\n","protected":false},"excerpt":{"rendered":"<p>Votre partenaire juridique pour les appels d&rsquo;offres publics et les soumissions publiques La participation \u00e0 une proc\u00e9dure de passation de march\u00e9 public n\u00e9cessite un suivi complet de la proc\u00e9dure dans toutes ses phases, afin de respecter toutes les exigences \u00e9tablies dans la loi sur les contrats du secteur public. En cas de non-attribution du march\u00e9 [&hellip;]<\/p>\n","protected":false},"author":1,"featured_media":6987,"parent":6959,"menu_order":0,"comment_status":"closed","ping_status":"closed","template":"","meta":{"footnotes":""},"tipo-de-pagina":[1091],"class_list":["post-6986","page","type-page","status-publish","has-post-thumbnail","hentry"],"yoast_head":"<!-- This site is optimized with the Yoast SEO plugin v27.3 - https:\/\/yoast.com\/product\/yoast-seo-wordpress\/ -->\n<title>Appels d\u2019offres publics : services juridiques pro<\/title>\n<meta name=\"description\" content=\"Accompagnement en appels d\u2019offres publics, conseils juridiques et strat\u00e9gie pour r\u00e9pondre efficacement aux proc\u00e9dures et obtenir des march\u00e9s publics.\" \/>\n<meta name=\"robots\" content=\"index, follow, max-snippet:-1, max-image-preview:large, max-video-preview:-1\" \/>\n<link rel=\"canonical\" href=\"https:\/\/grupoalcazar.net\/fr\/services\/appels-doffres-publics\/\" \/>\n<meta property=\"og:locale\" content=\"fr_FR\" \/>\n<meta property=\"og:type\" content=\"article\" \/>\n<meta property=\"og:title\" content=\"Appels d\u2019offres publics : services juridiques pro\" \/>\n<meta property=\"og:description\" content=\"Accompagnement en appels d\u2019offres publics, conseils juridiques et strat\u00e9gie pour r\u00e9pondre efficacement aux proc\u00e9dures et obtenir des march\u00e9s publics.\" \/>\n<meta property=\"og:url\" content=\"https:\/\/grupoalcazar.net\/fr\/services\/appels-doffres-publics\/\" \/>\n<meta property=\"og:site_name\" content=\"Alc\u00e1zar Abogados - Grupo Alc\u00e1zar\" \/>\n<meta property=\"article:modified_time\" content=\"2026-02-18T17:13:08+00:00\" \/>\n<meta property=\"og:image\" content=\"https:\/\/grupoalcazar.net\/wp-content\/uploads\/2024\/06\/alcazar3.webp\" \/>\n\t<meta property=\"og:image:width\" content=\"674\" \/>\n\t<meta property=\"og:image:height\" content=\"916\" \/>\n\t<meta property=\"og:image:type\" content=\"image\/webp\" \/>\n<meta name=\"twitter:card\" content=\"summary_large_image\" \/>\n<meta name=\"twitter:label1\" content=\"Dur\u00e9e de lecture estim\u00e9e\" \/>\n\t<meta name=\"twitter:data1\" content=\"1 minute\" \/>\n<script type=\"application\/ld+json\" class=\"yoast-schema-graph\">{\"@context\":\"https:\\\/\\\/schema.org\",\"@graph\":[{\"@type\":\"WebPage\",\"@id\":\"https:\\\/\\\/grupoalcazar.net\\\/fr\\\/services\\\/appels-doffres-publics\\\/\",\"url\":\"https:\\\/\\\/grupoalcazar.net\\\/fr\\\/services\\\/appels-doffres-publics\\\/\",\"name\":\"Appels d\u2019offres publics : services juridiques pro\",\"isPartOf\":{\"@id\":\"https:\\\/\\\/grupoalcazar.net\\\/fr\\\/#website\"},\"primaryImageOfPage\":{\"@id\":\"https:\\\/\\\/grupoalcazar.net\\\/fr\\\/services\\\/appels-doffres-publics\\\/#primaryimage\"},\"image\":{\"@id\":\"https:\\\/\\\/grupoalcazar.net\\\/fr\\\/services\\\/appels-doffres-publics\\\/#primaryimage\"},\"thumbnailUrl\":\"https:\\\/\\\/grupoalcazar.net\\\/wp-content\\\/uploads\\\/2024\\\/06\\\/alcazar3.webp\",\"datePublished\":\"2024-05-23T12:23:15+00:00\",\"dateModified\":\"2026-02-18T17:13:08+00:00\",\"description\":\"Accompagnement en appels d\u2019offres publics, conseils juridiques et strat\u00e9gie pour r\u00e9pondre efficacement aux proc\u00e9dures et obtenir des march\u00e9s publics.\",\"breadcrumb\":{\"@id\":\"https:\\\/\\\/grupoalcazar.net\\\/fr\\\/services\\\/appels-doffres-publics\\\/#breadcrumb\"},\"inLanguage\":\"fr-FR\",\"potentialAction\":[{\"@type\":\"ReadAction\",\"target\":[\"https:\\\/\\\/grupoalcazar.net\\\/fr\\\/services\\\/appels-doffres-publics\\\/\"]}]},{\"@type\":\"ImageObject\",\"inLanguage\":\"fr-FR\",\"@id\":\"https:\\\/\\\/grupoalcazar.net\\\/fr\\\/services\\\/appels-doffres-publics\\\/#primaryimage\",\"url\":\"https:\\\/\\\/grupoalcazar.net\\\/wp-content\\\/uploads\\\/2024\\\/06\\\/alcazar3.webp\",\"contentUrl\":\"https:\\\/\\\/grupoalcazar.net\\\/wp-content\\\/uploads\\\/2024\\\/06\\\/alcazar3.webp\",\"width\":674,\"height\":916},{\"@type\":\"BreadcrumbList\",\"@id\":\"https:\\\/\\\/grupoalcazar.net\\\/fr\\\/services\\\/appels-doffres-publics\\\/#breadcrumb\",\"itemListElement\":[{\"@type\":\"ListItem\",\"position\":1,\"name\":\"Portada\",\"item\":\"https:\\\/\\\/grupoalcazar.net\\\/fr\\\/\"},{\"@type\":\"ListItem\",\"position\":2,\"name\":\"Services\",\"item\":\"https:\\\/\\\/grupoalcazar.net\\\/fr\\\/services\\\/\"},{\"@type\":\"ListItem\",\"position\":3,\"name\":\"Appels d&#8217;offres publics\"}]},{\"@type\":\"WebSite\",\"@id\":\"https:\\\/\\\/grupoalcazar.net\\\/fr\\\/#website\",\"url\":\"https:\\\/\\\/grupoalcazar.net\\\/fr\\\/\",\"name\":\"Alc\u00e1zar Abogados - Grupo Alc\u00e1zar\",\"description\":\"\",\"potentialAction\":[{\"@type\":\"SearchAction\",\"target\":{\"@type\":\"EntryPoint\",\"urlTemplate\":\"https:\\\/\\\/grupoalcazar.net\\\/fr\\\/?s={search_term_string}\"},\"query-input\":{\"@type\":\"PropertyValueSpecification\",\"valueRequired\":true,\"valueName\":\"search_term_string\"}}],\"inLanguage\":\"fr-FR\"}]}<\/script>\n<!-- \/ Yoast SEO plugin. -->","yoast_head_json":{"title":"Appels d\u2019offres publics : services juridiques pro","description":"Accompagnement en appels d\u2019offres publics, conseils juridiques et strat\u00e9gie pour r\u00e9pondre efficacement aux proc\u00e9dures et obtenir des march\u00e9s publics.","robots":{"index":"index","follow":"follow","max-snippet":"max-snippet:-1","max-image-preview":"max-image-preview:large","max-video-preview":"max-video-preview:-1"},"canonical":"https:\/\/grupoalcazar.net\/fr\/services\/appels-doffres-publics\/","og_locale":"fr_FR","og_type":"article","og_title":"Appels d\u2019offres publics : services juridiques pro","og_description":"Accompagnement en appels d\u2019offres publics, conseils juridiques et strat\u00e9gie pour r\u00e9pondre efficacement aux proc\u00e9dures et obtenir des march\u00e9s publics.","og_url":"https:\/\/grupoalcazar.net\/fr\/services\/appels-doffres-publics\/","og_site_name":"Alc\u00e1zar Abogados - Grupo Alc\u00e1zar","article_modified_time":"2026-02-18T17:13:08+00:00","og_image":[{"width":674,"height":916,"url":"https:\/\/grupoalcazar.net\/wp-content\/uploads\/2024\/06\/alcazar3.webp","type":"image\/webp"}],"twitter_card":"summary_large_image","twitter_misc":{"Dur\u00e9e de lecture estim\u00e9e":"1 minute"},"schema":{"@context":"https:\/\/schema.org","@graph":[{"@type":"WebPage","@id":"https:\/\/grupoalcazar.net\/fr\/services\/appels-doffres-publics\/","url":"https:\/\/grupoalcazar.net\/fr\/services\/appels-doffres-publics\/","name":"Appels d\u2019offres publics : services juridiques pro","isPartOf":{"@id":"https:\/\/grupoalcazar.net\/fr\/#website"},"primaryImageOfPage":{"@id":"https:\/\/grupoalcazar.net\/fr\/services\/appels-doffres-publics\/#primaryimage"},"image":{"@id":"https:\/\/grupoalcazar.net\/fr\/services\/appels-doffres-publics\/#primaryimage"},"thumbnailUrl":"https:\/\/grupoalcazar.net\/wp-content\/uploads\/2024\/06\/alcazar3.webp","datePublished":"2024-05-23T12:23:15+00:00","dateModified":"2026-02-18T17:13:08+00:00","description":"Accompagnement en appels d\u2019offres publics, conseils juridiques et strat\u00e9gie pour r\u00e9pondre efficacement aux proc\u00e9dures et obtenir des march\u00e9s publics.","breadcrumb":{"@id":"https:\/\/grupoalcazar.net\/fr\/services\/appels-doffres-publics\/#breadcrumb"},"inLanguage":"fr-FR","potentialAction":[{"@type":"ReadAction","target":["https:\/\/grupoalcazar.net\/fr\/services\/appels-doffres-publics\/"]}]},{"@type":"ImageObject","inLanguage":"fr-FR","@id":"https:\/\/grupoalcazar.net\/fr\/services\/appels-doffres-publics\/#primaryimage","url":"https:\/\/grupoalcazar.net\/wp-content\/uploads\/2024\/06\/alcazar3.webp","contentUrl":"https:\/\/grupoalcazar.net\/wp-content\/uploads\/2024\/06\/alcazar3.webp","width":674,"height":916},{"@type":"BreadcrumbList","@id":"https:\/\/grupoalcazar.net\/fr\/services\/appels-doffres-publics\/#breadcrumb","itemListElement":[{"@type":"ListItem","position":1,"name":"Portada","item":"https:\/\/grupoalcazar.net\/fr\/"},{"@type":"ListItem","position":2,"name":"Services","item":"https:\/\/grupoalcazar.net\/fr\/services\/"},{"@type":"ListItem","position":3,"name":"Appels d&#8217;offres publics"}]},{"@type":"WebSite","@id":"https:\/\/grupoalcazar.net\/fr\/#website","url":"https:\/\/grupoalcazar.net\/fr\/","name":"Alc\u00e1zar Abogados - Grupo Alc\u00e1zar","description":"","potentialAction":[{"@type":"SearchAction","target":{"@type":"EntryPoint","urlTemplate":"https:\/\/grupoalcazar.net\/fr\/?s={search_term_string}"},"query-input":{"@type":"PropertyValueSpecification","valueRequired":true,"valueName":"search_term_string"}}],"inLanguage":"fr-FR"}]}},"_links":{"self":[{"href":"https:\/\/grupoalcazar.net\/fr\/wp-json\/wp\/v2\/pages\/6986","targetHints":{"allow":["GET"]}}],"collection":[{"href":"https:\/\/grupoalcazar.net\/fr\/wp-json\/wp\/v2\/pages"}],"about":[{"href":"https:\/\/grupoalcazar.net\/fr\/wp-json\/wp\/v2\/types\/page"}],"author":[{"embeddable":true,"href":"https:\/\/grupoalcazar.net\/fr\/wp-json\/wp\/v2\/users\/1"}],"replies":[{"embeddable":true,"href":"https:\/\/grupoalcazar.net\/fr\/wp-json\/wp\/v2\/comments?post=6986"}],"version-history":[{"count":1,"href":"https:\/\/grupoalcazar.net\/fr\/wp-json\/wp\/v2\/pages\/6986\/revisions"}],"predecessor-version":[{"id":6988,"href":"https:\/\/grupoalcazar.net\/fr\/wp-json\/wp\/v2\/pages\/6986\/revisions\/6988"}],"up":[{"embeddable":true,"href":"https:\/\/grupoalcazar.net\/fr\/wp-json\/wp\/v2\/pages\/6959"}],"wp:featuredmedia":[{"embeddable":true,"href":"https:\/\/grupoalcazar.net\/fr\/wp-json\/wp\/v2\/media\/6987"}],"wp:attachment":[{"href":"https:\/\/grupoalcazar.net\/fr\/wp-json\/wp\/v2\/media?parent=6986"}],"wp:term":[{"taxonomy":"tipo-de-pagina","embeddable":true,"href":"https:\/\/grupoalcazar.net\/fr\/wp-json\/wp\/v2\/tipo-de-pagina?post=6986"}],"curies":[{"name":"wp","href":"https:\/\/api.w.org\/{rel}","templated":true}]}}