{"id":6983,"date":"2024-05-23T14:20:02","date_gmt":"2024-05-23T12:20:02","guid":{"rendered":"https:\/\/grupoalcazar.net\/services\/communaute-de-proprietaires-propriete-horizontale\/"},"modified":"2026-02-19T13:43:21","modified_gmt":"2026-02-19T12:43:21","slug":"communaute-de-proprietaires-propriete-horizontale","status":"publish","type":"page","link":"https:\/\/grupoalcazar.net\/fr\/services\/communaute-de-proprietaires-propriete-horizontale\/","title":{"rendered":"Communaut\u00e9 de propri\u00e9taires &#8211; Propri\u00e9t\u00e9 horizontale"},"content":{"rendered":"\n<h3 class=\"wp-block-heading\">Nous \u00e9vitons ou r\u00e9solvons les conflits de coexistence<\/h3>\n\n<p>Chaque communaut\u00e9 de propri\u00e9taires organise ses affaires en fonction des d\u00e9cisions prises lors des assembl\u00e9es des propri\u00e9taires.\nIl peut arriver que des d\u00e9cisions soient prises avec lesquelles tous les propri\u00e9taires ne sont pas d&rsquo;accord, et ils peuvent m\u00eame envisager de contester ou d&#8217;emp\u00eacher la mise en \u0153uvre d&rsquo;un certain accord. <\/p>\n\n<p><strong>Que peut-on faire dans de tels cas ?<\/strong><\/p>\n\n<p>Les propri\u00e9taires qui se sont abstenus de voter ou qui ont vot\u00e9 contre lors de l&rsquo;assembl\u00e9e, les absents et ceux qui ont \u00e9t\u00e9 priv\u00e9s de leur droit de vote ont le droit de contester les r\u00e9solutions avec lesquelles ils ne sont pas d&rsquo;accord.\nLa contestation ne sera possible que si la r\u00e9solution contest\u00e9e est contraire \u00e0 la loi ou aux statuts, si elle porte atteinte aux int\u00e9r\u00eats de la communaut\u00e9 des propri\u00e9taires, si elle ne profite qu&rsquo;\u00e0 l&rsquo;un d&rsquo;entre eux, si elle cause un pr\u00e9judice grave \u00e0 l&rsquo;un des propri\u00e9taires ou si elle a \u00e9t\u00e9 adopt\u00e9e avec abus de droit. <\/p>\n\n<p><\/p>\n","protected":false},"excerpt":{"rendered":"<p>Nous \u00e9vitons ou r\u00e9solvons les conflits de coexistence Chaque communaut\u00e9 de propri\u00e9taires organise ses affaires en fonction des d\u00e9cisions prises lors des assembl\u00e9es des propri\u00e9taires. Il peut arriver que des d\u00e9cisions soient prises avec lesquelles tous les propri\u00e9taires ne sont pas d&rsquo;accord, et ils peuvent m\u00eame envisager de contester ou d&#8217;emp\u00eacher la mise en \u0153uvre [&hellip;]<\/p>\n","protected":false},"author":1,"featured_media":6984,"parent":6959,"menu_order":0,"comment_status":"closed","ping_status":"closed","template":"","meta":{"footnotes":""},"tipo-de-pagina":[1091],"class_list":["post-6983","page","type-page","status-publish","has-post-thumbnail","hentry"],"yoast_head":"<!-- This site is optimized with the Yoast SEO plugin v27.3 - https:\/\/yoast.com\/product\/yoast-seo-wordpress\/ -->\n<title>Services juridiques copropri\u00e9t\u00e9 horizontale et conseils<\/title>\n<meta name=\"description\" content=\"Services juridiques pour les communaut\u00e9s de propri\u00e9taires et la propri\u00e9t\u00e9 horizontale en Espagne. Gestion des conflits et conseil sp\u00e9cialis\u00e9.\" \/>\n<meta name=\"robots\" content=\"index, follow, max-snippet:-1, max-image-preview:large, max-video-preview:-1\" \/>\n<link rel=\"canonical\" href=\"https:\/\/grupoalcazar.net\/fr\/services\/communaute-de-proprietaires-propriete-horizontale\/\" \/>\n<meta property=\"og:locale\" content=\"fr_FR\" \/>\n<meta property=\"og:type\" content=\"article\" \/>\n<meta property=\"og:title\" content=\"Services juridiques copropri\u00e9t\u00e9 horizontale et conseils\" \/>\n<meta property=\"og:description\" content=\"Services juridiques pour les communaut\u00e9s de propri\u00e9taires et la propri\u00e9t\u00e9 horizontale en Espagne. Gestion des conflits et conseil sp\u00e9cialis\u00e9.\" \/>\n<meta property=\"og:url\" content=\"https:\/\/grupoalcazar.net\/fr\/services\/communaute-de-proprietaires-propriete-horizontale\/\" \/>\n<meta property=\"og:site_name\" content=\"Alc\u00e1zar Abogados - Grupo Alc\u00e1zar\" \/>\n<meta property=\"article:modified_time\" content=\"2026-02-19T12:43:21+00:00\" \/>\n<meta property=\"og:image\" content=\"https:\/\/grupoalcazar.net\/wp-content\/uploads\/2024\/06\/alcazar2.webp\" \/>\n\t<meta property=\"og:image:width\" content=\"674\" \/>\n\t<meta property=\"og:image:height\" content=\"916\" \/>\n\t<meta property=\"og:image:type\" content=\"image\/webp\" \/>\n<meta name=\"twitter:card\" content=\"summary_large_image\" \/>\n<meta name=\"twitter:label1\" content=\"Dur\u00e9e de lecture estim\u00e9e\" \/>\n\t<meta name=\"twitter:data1\" content=\"1 minute\" \/>\n<script type=\"application\/ld+json\" class=\"yoast-schema-graph\">{\"@context\":\"https:\\\/\\\/schema.org\",\"@graph\":[{\"@type\":\"WebPage\",\"@id\":\"https:\\\/\\\/grupoalcazar.net\\\/fr\\\/services\\\/communaute-de-proprietaires-propriete-horizontale\\\/\",\"url\":\"https:\\\/\\\/grupoalcazar.net\\\/fr\\\/services\\\/communaute-de-proprietaires-propriete-horizontale\\\/\",\"name\":\"Services juridiques copropri\u00e9t\u00e9 horizontale et conseils\",\"isPartOf\":{\"@id\":\"https:\\\/\\\/grupoalcazar.net\\\/fr\\\/#website\"},\"primaryImageOfPage\":{\"@id\":\"https:\\\/\\\/grupoalcazar.net\\\/fr\\\/services\\\/communaute-de-proprietaires-propriete-horizontale\\\/#primaryimage\"},\"image\":{\"@id\":\"https:\\\/\\\/grupoalcazar.net\\\/fr\\\/services\\\/communaute-de-proprietaires-propriete-horizontale\\\/#primaryimage\"},\"thumbnailUrl\":\"https:\\\/\\\/grupoalcazar.net\\\/wp-content\\\/uploads\\\/2024\\\/06\\\/alcazar2.webp\",\"datePublished\":\"2024-05-23T12:20:02+00:00\",\"dateModified\":\"2026-02-19T12:43:21+00:00\",\"description\":\"Services juridiques pour les communaut\u00e9s de propri\u00e9taires et la propri\u00e9t\u00e9 horizontale en Espagne. Gestion des conflits et conseil sp\u00e9cialis\u00e9.\",\"breadcrumb\":{\"@id\":\"https:\\\/\\\/grupoalcazar.net\\\/fr\\\/services\\\/communaute-de-proprietaires-propriete-horizontale\\\/#breadcrumb\"},\"inLanguage\":\"fr-FR\",\"potentialAction\":[{\"@type\":\"ReadAction\",\"target\":[\"https:\\\/\\\/grupoalcazar.net\\\/fr\\\/services\\\/communaute-de-proprietaires-propriete-horizontale\\\/\"]}]},{\"@type\":\"ImageObject\",\"inLanguage\":\"fr-FR\",\"@id\":\"https:\\\/\\\/grupoalcazar.net\\\/fr\\\/services\\\/communaute-de-proprietaires-propriete-horizontale\\\/#primaryimage\",\"url\":\"https:\\\/\\\/grupoalcazar.net\\\/wp-content\\\/uploads\\\/2024\\\/06\\\/alcazar2.webp\",\"contentUrl\":\"https:\\\/\\\/grupoalcazar.net\\\/wp-content\\\/uploads\\\/2024\\\/06\\\/alcazar2.webp\",\"width\":674,\"height\":916},{\"@type\":\"BreadcrumbList\",\"@id\":\"https:\\\/\\\/grupoalcazar.net\\\/fr\\\/services\\\/communaute-de-proprietaires-propriete-horizontale\\\/#breadcrumb\",\"itemListElement\":[{\"@type\":\"ListItem\",\"position\":1,\"name\":\"Portada\",\"item\":\"https:\\\/\\\/grupoalcazar.net\\\/fr\\\/\"},{\"@type\":\"ListItem\",\"position\":2,\"name\":\"Services\",\"item\":\"https:\\\/\\\/grupoalcazar.net\\\/fr\\\/services\\\/\"},{\"@type\":\"ListItem\",\"position\":3,\"name\":\"Communaut\u00e9 de propri\u00e9taires &#8211; Propri\u00e9t\u00e9 horizontale\"}]},{\"@type\":\"WebSite\",\"@id\":\"https:\\\/\\\/grupoalcazar.net\\\/fr\\\/#website\",\"url\":\"https:\\\/\\\/grupoalcazar.net\\\/fr\\\/\",\"name\":\"Alc\u00e1zar Abogados - Grupo Alc\u00e1zar\",\"description\":\"\",\"potentialAction\":[{\"@type\":\"SearchAction\",\"target\":{\"@type\":\"EntryPoint\",\"urlTemplate\":\"https:\\\/\\\/grupoalcazar.net\\\/fr\\\/?s={search_term_string}\"},\"query-input\":{\"@type\":\"PropertyValueSpecification\",\"valueRequired\":true,\"valueName\":\"search_term_string\"}}],\"inLanguage\":\"fr-FR\"}]}<\/script>\n<!-- \/ Yoast SEO plugin. -->","yoast_head_json":{"title":"Services juridiques copropri\u00e9t\u00e9 horizontale et conseils","description":"Services juridiques pour les communaut\u00e9s de propri\u00e9taires et la propri\u00e9t\u00e9 horizontale en Espagne. Gestion des conflits et conseil sp\u00e9cialis\u00e9.","robots":{"index":"index","follow":"follow","max-snippet":"max-snippet:-1","max-image-preview":"max-image-preview:large","max-video-preview":"max-video-preview:-1"},"canonical":"https:\/\/grupoalcazar.net\/fr\/services\/communaute-de-proprietaires-propriete-horizontale\/","og_locale":"fr_FR","og_type":"article","og_title":"Services juridiques copropri\u00e9t\u00e9 horizontale et conseils","og_description":"Services juridiques pour les communaut\u00e9s de propri\u00e9taires et la propri\u00e9t\u00e9 horizontale en Espagne. Gestion des conflits et conseil sp\u00e9cialis\u00e9.","og_url":"https:\/\/grupoalcazar.net\/fr\/services\/communaute-de-proprietaires-propriete-horizontale\/","og_site_name":"Alc\u00e1zar Abogados - Grupo Alc\u00e1zar","article_modified_time":"2026-02-19T12:43:21+00:00","og_image":[{"width":674,"height":916,"url":"https:\/\/grupoalcazar.net\/wp-content\/uploads\/2024\/06\/alcazar2.webp","type":"image\/webp"}],"twitter_card":"summary_large_image","twitter_misc":{"Dur\u00e9e de lecture estim\u00e9e":"1 minute"},"schema":{"@context":"https:\/\/schema.org","@graph":[{"@type":"WebPage","@id":"https:\/\/grupoalcazar.net\/fr\/services\/communaute-de-proprietaires-propriete-horizontale\/","url":"https:\/\/grupoalcazar.net\/fr\/services\/communaute-de-proprietaires-propriete-horizontale\/","name":"Services juridiques copropri\u00e9t\u00e9 horizontale et conseils","isPartOf":{"@id":"https:\/\/grupoalcazar.net\/fr\/#website"},"primaryImageOfPage":{"@id":"https:\/\/grupoalcazar.net\/fr\/services\/communaute-de-proprietaires-propriete-horizontale\/#primaryimage"},"image":{"@id":"https:\/\/grupoalcazar.net\/fr\/services\/communaute-de-proprietaires-propriete-horizontale\/#primaryimage"},"thumbnailUrl":"https:\/\/grupoalcazar.net\/wp-content\/uploads\/2024\/06\/alcazar2.webp","datePublished":"2024-05-23T12:20:02+00:00","dateModified":"2026-02-19T12:43:21+00:00","description":"Services juridiques pour les communaut\u00e9s de propri\u00e9taires et la propri\u00e9t\u00e9 horizontale en Espagne. Gestion des conflits et conseil sp\u00e9cialis\u00e9.","breadcrumb":{"@id":"https:\/\/grupoalcazar.net\/fr\/services\/communaute-de-proprietaires-propriete-horizontale\/#breadcrumb"},"inLanguage":"fr-FR","potentialAction":[{"@type":"ReadAction","target":["https:\/\/grupoalcazar.net\/fr\/services\/communaute-de-proprietaires-propriete-horizontale\/"]}]},{"@type":"ImageObject","inLanguage":"fr-FR","@id":"https:\/\/grupoalcazar.net\/fr\/services\/communaute-de-proprietaires-propriete-horizontale\/#primaryimage","url":"https:\/\/grupoalcazar.net\/wp-content\/uploads\/2024\/06\/alcazar2.webp","contentUrl":"https:\/\/grupoalcazar.net\/wp-content\/uploads\/2024\/06\/alcazar2.webp","width":674,"height":916},{"@type":"BreadcrumbList","@id":"https:\/\/grupoalcazar.net\/fr\/services\/communaute-de-proprietaires-propriete-horizontale\/#breadcrumb","itemListElement":[{"@type":"ListItem","position":1,"name":"Portada","item":"https:\/\/grupoalcazar.net\/fr\/"},{"@type":"ListItem","position":2,"name":"Services","item":"https:\/\/grupoalcazar.net\/fr\/services\/"},{"@type":"ListItem","position":3,"name":"Communaut\u00e9 de propri\u00e9taires &#8211; Propri\u00e9t\u00e9 horizontale"}]},{"@type":"WebSite","@id":"https:\/\/grupoalcazar.net\/fr\/#website","url":"https:\/\/grupoalcazar.net\/fr\/","name":"Alc\u00e1zar Abogados - Grupo Alc\u00e1zar","description":"","potentialAction":[{"@type":"SearchAction","target":{"@type":"EntryPoint","urlTemplate":"https:\/\/grupoalcazar.net\/fr\/?s={search_term_string}"},"query-input":{"@type":"PropertyValueSpecification","valueRequired":true,"valueName":"search_term_string"}}],"inLanguage":"fr-FR"}]}},"_links":{"self":[{"href":"https:\/\/grupoalcazar.net\/fr\/wp-json\/wp\/v2\/pages\/6983","targetHints":{"allow":["GET"]}}],"collection":[{"href":"https:\/\/grupoalcazar.net\/fr\/wp-json\/wp\/v2\/pages"}],"about":[{"href":"https:\/\/grupoalcazar.net\/fr\/wp-json\/wp\/v2\/types\/page"}],"author":[{"embeddable":true,"href":"https:\/\/grupoalcazar.net\/fr\/wp-json\/wp\/v2\/users\/1"}],"replies":[{"embeddable":true,"href":"https:\/\/grupoalcazar.net\/fr\/wp-json\/wp\/v2\/comments?post=6983"}],"version-history":[{"count":1,"href":"https:\/\/grupoalcazar.net\/fr\/wp-json\/wp\/v2\/pages\/6983\/revisions"}],"predecessor-version":[{"id":6985,"href":"https:\/\/grupoalcazar.net\/fr\/wp-json\/wp\/v2\/pages\/6983\/revisions\/6985"}],"up":[{"embeddable":true,"href":"https:\/\/grupoalcazar.net\/fr\/wp-json\/wp\/v2\/pages\/6959"}],"wp:featuredmedia":[{"embeddable":true,"href":"https:\/\/grupoalcazar.net\/fr\/wp-json\/wp\/v2\/media\/6984"}],"wp:attachment":[{"href":"https:\/\/grupoalcazar.net\/fr\/wp-json\/wp\/v2\/media?parent=6983"}],"wp:term":[{"taxonomy":"tipo-de-pagina","embeddable":true,"href":"https:\/\/grupoalcazar.net\/fr\/wp-json\/wp\/v2\/tipo-de-pagina?post=6983"}],"curies":[{"name":"wp","href":"https:\/\/api.w.org\/{rel}","templated":true}]}}