{"id":6980,"date":"2024-05-23T09:48:05","date_gmt":"2024-05-23T07:48:05","guid":{"rendered":"https:\/\/grupoalcazar.net\/services\/faillite\/"},"modified":"2026-02-18T18:23:01","modified_gmt":"2026-02-18T17:23:01","slug":"faillite","status":"publish","type":"page","link":"https:\/\/grupoalcazar.net\/fr\/services\/faillite\/","title":{"rendered":"Faillite"},"content":{"rendered":"\n<h3 class=\"wp-block-heading\">Travailler sur le nouveau principe de votre entreprise<\/h3>\n\n<p>Dans certaines circonstances, une entreprise peut rencontrer des difficult\u00e9s \u00e0 honorer ses obligations de mani\u00e8re r\u00e9guli\u00e8re, ce qui peut entra\u00eener des probl\u00e8mes croissants.\nLa loi pr\u00e9voit que, dans de tels cas, les proc\u00e9dures d&rsquo;insolvabilit\u00e9 doivent \u00eatre utilis\u00e9es pour g\u00e9rer une sortie ordonn\u00e9e et minimiser les dommages caus\u00e9s aux tiers, \u00e0 l&rsquo;entreprise et \u00e0 ses dirigeants.\nLe fait de ne pas prendre ces mesures en temps utile peut entra\u00eener des responsabilit\u00e9s juridiques et des dommages accrus.\nD&rsquo;apr\u00e8s notre exp\u00e9rience, le fait d&rsquo;agir t\u00f4t r\u00e9duit consid\u00e9rablement les r\u00e9percussions n\u00e9gatives.\nLes proc\u00e9dures d&rsquo;insolvabilit\u00e9 ne signifient pas la fin d&rsquo;une entreprise ; elles peuvent constituer un nouveau d\u00e9part.\nCependant, son traitement est complexe et n\u00e9cessite des experts qualifi\u00e9s pour g\u00e9rer efficacement ces situations.     <\/p>\n\n<h3 class=\"wp-block-heading subtitulo-contenido\">Dans quelles situations faut-il demander l&rsquo;ouverture d&rsquo;une proc\u00e9dure d&rsquo;insolvabilit\u00e9 ?<\/h3>\n\n<p><br\/>Les circonstances dans lesquelles un arrangement avec les cr\u00e9anciers pourrait ou devrait \u00eatre utilis\u00e9 sont diverses, mais en termes g\u00e9n\u00e9raux, elles peuvent \u00eatre r\u00e9sum\u00e9es dans les groupes suivants :<\/p>\n","protected":false},"excerpt":{"rendered":"<p>Travailler sur le nouveau principe de votre entreprise Dans certaines circonstances, une entreprise peut rencontrer des difficult\u00e9s \u00e0 honorer ses obligations de mani\u00e8re r\u00e9guli\u00e8re, ce qui peut entra\u00eener des probl\u00e8mes croissants. La loi pr\u00e9voit que, dans de tels cas, les proc\u00e9dures d&rsquo;insolvabilit\u00e9 doivent \u00eatre utilis\u00e9es pour g\u00e9rer une sortie ordonn\u00e9e et minimiser les dommages caus\u00e9s [&hellip;]<\/p>\n","protected":false},"author":1,"featured_media":6981,"parent":6959,"menu_order":0,"comment_status":"closed","ping_status":"closed","template":"","meta":{"footnotes":""},"tipo-de-pagina":[1091],"class_list":["post-6980","page","type-page","status-publish","has-post-thumbnail","hentry"],"yoast_head":"<!-- This site is optimized with the Yoast SEO plugin v27.3 - https:\/\/yoast.com\/product\/yoast-seo-wordpress\/ -->\n<title>Faillite : conseils juridiques et accompagnement pro<\/title>\n<meta name=\"description\" content=\"Nos experts accompagnent les entreprises et dirigeants en cas de faillite, pour g\u00e9rer proc\u00e9dures, prot\u00e9ger int\u00e9r\u00eats et s\u00e9curiser d\u00e9cisions strat\u00e9giques.\" \/>\n<meta name=\"robots\" content=\"index, follow, max-snippet:-1, max-image-preview:large, max-video-preview:-1\" \/>\n<link rel=\"canonical\" href=\"https:\/\/grupoalcazar.net\/fr\/services\/faillite\/\" \/>\n<meta property=\"og:locale\" content=\"fr_FR\" \/>\n<meta property=\"og:type\" content=\"article\" \/>\n<meta property=\"og:title\" content=\"Faillite : conseils juridiques et accompagnement pro\" \/>\n<meta property=\"og:description\" content=\"Nos experts accompagnent les entreprises et dirigeants en cas de faillite, pour g\u00e9rer proc\u00e9dures, prot\u00e9ger int\u00e9r\u00eats et s\u00e9curiser d\u00e9cisions strat\u00e9giques.\" \/>\n<meta property=\"og:url\" content=\"https:\/\/grupoalcazar.net\/fr\/services\/faillite\/\" \/>\n<meta property=\"og:site_name\" content=\"Alc\u00e1zar Abogados - Grupo Alc\u00e1zar\" \/>\n<meta property=\"article:modified_time\" content=\"2026-02-18T17:23:01+00:00\" \/>\n<meta property=\"og:image\" content=\"https:\/\/grupoalcazar.net\/wp-content\/uploads\/2024\/06\/CONCURSAL.webp\" \/>\n\t<meta property=\"og:image:width\" content=\"674\" \/>\n\t<meta property=\"og:image:height\" content=\"916\" \/>\n\t<meta property=\"og:image:type\" content=\"image\/webp\" \/>\n<meta name=\"twitter:card\" content=\"summary_large_image\" \/>\n<meta name=\"twitter:label1\" content=\"Dur\u00e9e de lecture estim\u00e9e\" \/>\n\t<meta name=\"twitter:data1\" content=\"1 minute\" \/>\n<script type=\"application\/ld+json\" class=\"yoast-schema-graph\">{\"@context\":\"https:\\\/\\\/schema.org\",\"@graph\":[{\"@type\":\"WebPage\",\"@id\":\"https:\\\/\\\/grupoalcazar.net\\\/fr\\\/services\\\/faillite\\\/\",\"url\":\"https:\\\/\\\/grupoalcazar.net\\\/fr\\\/services\\\/faillite\\\/\",\"name\":\"Faillite : conseils juridiques et accompagnement pro\",\"isPartOf\":{\"@id\":\"https:\\\/\\\/grupoalcazar.net\\\/fr\\\/#website\"},\"primaryImageOfPage\":{\"@id\":\"https:\\\/\\\/grupoalcazar.net\\\/fr\\\/services\\\/faillite\\\/#primaryimage\"},\"image\":{\"@id\":\"https:\\\/\\\/grupoalcazar.net\\\/fr\\\/services\\\/faillite\\\/#primaryimage\"},\"thumbnailUrl\":\"https:\\\/\\\/grupoalcazar.net\\\/wp-content\\\/uploads\\\/2024\\\/06\\\/CONCURSAL.webp\",\"datePublished\":\"2024-05-23T07:48:05+00:00\",\"dateModified\":\"2026-02-18T17:23:01+00:00\",\"description\":\"Nos experts accompagnent les entreprises et dirigeants en cas de faillite, pour g\u00e9rer proc\u00e9dures, prot\u00e9ger int\u00e9r\u00eats et s\u00e9curiser d\u00e9cisions strat\u00e9giques.\",\"breadcrumb\":{\"@id\":\"https:\\\/\\\/grupoalcazar.net\\\/fr\\\/services\\\/faillite\\\/#breadcrumb\"},\"inLanguage\":\"fr-FR\",\"potentialAction\":[{\"@type\":\"ReadAction\",\"target\":[\"https:\\\/\\\/grupoalcazar.net\\\/fr\\\/services\\\/faillite\\\/\"]}]},{\"@type\":\"ImageObject\",\"inLanguage\":\"fr-FR\",\"@id\":\"https:\\\/\\\/grupoalcazar.net\\\/fr\\\/services\\\/faillite\\\/#primaryimage\",\"url\":\"https:\\\/\\\/grupoalcazar.net\\\/wp-content\\\/uploads\\\/2024\\\/06\\\/CONCURSAL.webp\",\"contentUrl\":\"https:\\\/\\\/grupoalcazar.net\\\/wp-content\\\/uploads\\\/2024\\\/06\\\/CONCURSAL.webp\",\"width\":674,\"height\":916},{\"@type\":\"BreadcrumbList\",\"@id\":\"https:\\\/\\\/grupoalcazar.net\\\/fr\\\/services\\\/faillite\\\/#breadcrumb\",\"itemListElement\":[{\"@type\":\"ListItem\",\"position\":1,\"name\":\"Portada\",\"item\":\"https:\\\/\\\/grupoalcazar.net\\\/fr\\\/\"},{\"@type\":\"ListItem\",\"position\":2,\"name\":\"Services\",\"item\":\"https:\\\/\\\/grupoalcazar.net\\\/fr\\\/services\\\/\"},{\"@type\":\"ListItem\",\"position\":3,\"name\":\"Faillite\"}]},{\"@type\":\"WebSite\",\"@id\":\"https:\\\/\\\/grupoalcazar.net\\\/fr\\\/#website\",\"url\":\"https:\\\/\\\/grupoalcazar.net\\\/fr\\\/\",\"name\":\"Alc\u00e1zar Abogados - Grupo Alc\u00e1zar\",\"description\":\"\",\"potentialAction\":[{\"@type\":\"SearchAction\",\"target\":{\"@type\":\"EntryPoint\",\"urlTemplate\":\"https:\\\/\\\/grupoalcazar.net\\\/fr\\\/?s={search_term_string}\"},\"query-input\":{\"@type\":\"PropertyValueSpecification\",\"valueRequired\":true,\"valueName\":\"search_term_string\"}}],\"inLanguage\":\"fr-FR\"}]}<\/script>\n<!-- \/ Yoast SEO plugin. -->","yoast_head_json":{"title":"Faillite : conseils juridiques et accompagnement pro","description":"Nos experts accompagnent les entreprises et dirigeants en cas de faillite, pour g\u00e9rer proc\u00e9dures, prot\u00e9ger int\u00e9r\u00eats et s\u00e9curiser d\u00e9cisions strat\u00e9giques.","robots":{"index":"index","follow":"follow","max-snippet":"max-snippet:-1","max-image-preview":"max-image-preview:large","max-video-preview":"max-video-preview:-1"},"canonical":"https:\/\/grupoalcazar.net\/fr\/services\/faillite\/","og_locale":"fr_FR","og_type":"article","og_title":"Faillite : conseils juridiques et accompagnement pro","og_description":"Nos experts accompagnent les entreprises et dirigeants en cas de faillite, pour g\u00e9rer proc\u00e9dures, prot\u00e9ger int\u00e9r\u00eats et s\u00e9curiser d\u00e9cisions strat\u00e9giques.","og_url":"https:\/\/grupoalcazar.net\/fr\/services\/faillite\/","og_site_name":"Alc\u00e1zar Abogados - Grupo Alc\u00e1zar","article_modified_time":"2026-02-18T17:23:01+00:00","og_image":[{"width":674,"height":916,"url":"https:\/\/grupoalcazar.net\/wp-content\/uploads\/2024\/06\/CONCURSAL.webp","type":"image\/webp"}],"twitter_card":"summary_large_image","twitter_misc":{"Dur\u00e9e de lecture estim\u00e9e":"1 minute"},"schema":{"@context":"https:\/\/schema.org","@graph":[{"@type":"WebPage","@id":"https:\/\/grupoalcazar.net\/fr\/services\/faillite\/","url":"https:\/\/grupoalcazar.net\/fr\/services\/faillite\/","name":"Faillite : conseils juridiques et accompagnement pro","isPartOf":{"@id":"https:\/\/grupoalcazar.net\/fr\/#website"},"primaryImageOfPage":{"@id":"https:\/\/grupoalcazar.net\/fr\/services\/faillite\/#primaryimage"},"image":{"@id":"https:\/\/grupoalcazar.net\/fr\/services\/faillite\/#primaryimage"},"thumbnailUrl":"https:\/\/grupoalcazar.net\/wp-content\/uploads\/2024\/06\/CONCURSAL.webp","datePublished":"2024-05-23T07:48:05+00:00","dateModified":"2026-02-18T17:23:01+00:00","description":"Nos experts accompagnent les entreprises et dirigeants en cas de faillite, pour g\u00e9rer proc\u00e9dures, prot\u00e9ger int\u00e9r\u00eats et s\u00e9curiser d\u00e9cisions strat\u00e9giques.","breadcrumb":{"@id":"https:\/\/grupoalcazar.net\/fr\/services\/faillite\/#breadcrumb"},"inLanguage":"fr-FR","potentialAction":[{"@type":"ReadAction","target":["https:\/\/grupoalcazar.net\/fr\/services\/faillite\/"]}]},{"@type":"ImageObject","inLanguage":"fr-FR","@id":"https:\/\/grupoalcazar.net\/fr\/services\/faillite\/#primaryimage","url":"https:\/\/grupoalcazar.net\/wp-content\/uploads\/2024\/06\/CONCURSAL.webp","contentUrl":"https:\/\/grupoalcazar.net\/wp-content\/uploads\/2024\/06\/CONCURSAL.webp","width":674,"height":916},{"@type":"BreadcrumbList","@id":"https:\/\/grupoalcazar.net\/fr\/services\/faillite\/#breadcrumb","itemListElement":[{"@type":"ListItem","position":1,"name":"Portada","item":"https:\/\/grupoalcazar.net\/fr\/"},{"@type":"ListItem","position":2,"name":"Services","item":"https:\/\/grupoalcazar.net\/fr\/services\/"},{"@type":"ListItem","position":3,"name":"Faillite"}]},{"@type":"WebSite","@id":"https:\/\/grupoalcazar.net\/fr\/#website","url":"https:\/\/grupoalcazar.net\/fr\/","name":"Alc\u00e1zar Abogados - Grupo Alc\u00e1zar","description":"","potentialAction":[{"@type":"SearchAction","target":{"@type":"EntryPoint","urlTemplate":"https:\/\/grupoalcazar.net\/fr\/?s={search_term_string}"},"query-input":{"@type":"PropertyValueSpecification","valueRequired":true,"valueName":"search_term_string"}}],"inLanguage":"fr-FR"}]}},"_links":{"self":[{"href":"https:\/\/grupoalcazar.net\/fr\/wp-json\/wp\/v2\/pages\/6980","targetHints":{"allow":["GET"]}}],"collection":[{"href":"https:\/\/grupoalcazar.net\/fr\/wp-json\/wp\/v2\/pages"}],"about":[{"href":"https:\/\/grupoalcazar.net\/fr\/wp-json\/wp\/v2\/types\/page"}],"author":[{"embeddable":true,"href":"https:\/\/grupoalcazar.net\/fr\/wp-json\/wp\/v2\/users\/1"}],"replies":[{"embeddable":true,"href":"https:\/\/grupoalcazar.net\/fr\/wp-json\/wp\/v2\/comments?post=6980"}],"version-history":[{"count":1,"href":"https:\/\/grupoalcazar.net\/fr\/wp-json\/wp\/v2\/pages\/6980\/revisions"}],"predecessor-version":[{"id":6982,"href":"https:\/\/grupoalcazar.net\/fr\/wp-json\/wp\/v2\/pages\/6980\/revisions\/6982"}],"up":[{"embeddable":true,"href":"https:\/\/grupoalcazar.net\/fr\/wp-json\/wp\/v2\/pages\/6959"}],"wp:featuredmedia":[{"embeddable":true,"href":"https:\/\/grupoalcazar.net\/fr\/wp-json\/wp\/v2\/media\/6981"}],"wp:attachment":[{"href":"https:\/\/grupoalcazar.net\/fr\/wp-json\/wp\/v2\/media?parent=6980"}],"wp:term":[{"taxonomy":"tipo-de-pagina","embeddable":true,"href":"https:\/\/grupoalcazar.net\/fr\/wp-json\/wp\/v2\/tipo-de-pagina?post=6980"}],"curies":[{"name":"wp","href":"https:\/\/api.w.org\/{rel}","templated":true}]}}