{"id":6977,"date":"2024-05-23T09:15:12","date_gmt":"2024-05-23T07:15:12","guid":{"rendered":"https:\/\/grupoalcazar.net\/services\/achat-dentreprises\/"},"modified":"2026-02-18T18:12:34","modified_gmt":"2026-02-18T17:12:34","slug":"achat-dentreprises","status":"publish","type":"page","link":"https:\/\/grupoalcazar.net\/fr\/services\/achat-dentreprises\/","title":{"rendered":"Achat d&rsquo;entreprises"},"content":{"rendered":"\n<h3 class=\"wp-block-heading\">Les conseils strat\u00e9giques dont vous avez besoin d\u00e8s maintenant<\/h3>\n\n<p>Alc\u00e1zar Abogados y Consultores est un cabinet sp\u00e9cialis\u00e9 dans l&rsquo;achat et la vente d&rsquo;entreprises, de branches d&rsquo;activit\u00e9 et d&rsquo;unit\u00e9s commerciales.  <\/p>\n\n<p>Notre exp\u00e9rience dans ce domaine nous a permis, au cours des cinq derni\u00e8res ann\u00e9es, de mener \u00e0 bien et de cl\u00f4turer plus de 30 processus d&rsquo;acquisition.<\/p>\n\n<p>\u00c0 cet \u00e9gard, nos services peuvent \u00eatre divis\u00e9s en deux domaines diff\u00e9rents :<\/p>\n\n<p>CONSEILLER LES ENTREPRISES OU LES ENTREPRISES EN EXPANSION<\/p>\n\n<ul class=\"wp-block-list\">\n<li>Nous conseillons les entreprises dans leur phase d&rsquo;expansion et de croissance sur le march\u00e9, depuis l&rsquo;entr\u00e9e des fonds de capital-risque jusqu&rsquo;au d\u00e9sinvestissement.<\/li>\n\n\n\n<li>Nous offrons \u00e9galement des conseils sur les transactions d&rsquo;acquisition pour les entreprises en cours de croissance inorganique, y compris celles qui sont vendues.<\/li>\n\n\n\n<li>Dans certaines circonstances, la vente de l&rsquo;entreprise se pr\u00e9sente comme la meilleure option pour l&rsquo;avenir, que ce soit en raison de l&rsquo;absence de succession dans les entreprises familiales, de conflits avec les partenaires ou de l&rsquo;int\u00e9r\u00eat d&rsquo;explorer de nouvelles opportunit\u00e9s sur un autre march\u00e9.<\/li>\n\n\n\n<li>Nous sommes sp\u00e9cialis\u00e9s dans le conseil \u00e0 nos clients d\u00e8s le moment o\u00f9 ils d\u00e9cident de proc\u00e9der \u00e0 la vente, en recherchant l&rsquo;option la plus avantageuse pour rendre leur entreprise attrayante sur le march\u00e9.<\/li>\n\n\n\n<li>Chez Alc\u00e1zar Abogados, nous effectuons une v\u00e9rification pr\u00e9alable du vendeur dans les domaines financier, juridique, fiscal et social afin que les entreprises puissent se pr\u00e9parer \u00e0 un \u00e9ventuel audit de la part d&rsquo;un acheteur potentiel.<\/li>\n<\/ul>\n","protected":false},"excerpt":{"rendered":"<p>Les conseils strat\u00e9giques dont vous avez besoin d\u00e8s maintenant Alc\u00e1zar Abogados y Consultores est un cabinet sp\u00e9cialis\u00e9 dans l&rsquo;achat et la vente d&rsquo;entreprises, de branches d&rsquo;activit\u00e9 et d&rsquo;unit\u00e9s commerciales. Notre exp\u00e9rience dans ce domaine nous a permis, au cours des cinq derni\u00e8res ann\u00e9es, de mener \u00e0 bien et de cl\u00f4turer plus de 30 processus d&rsquo;acquisition. [&hellip;]<\/p>\n","protected":false},"author":1,"featured_media":6978,"parent":6959,"menu_order":0,"comment_status":"closed","ping_status":"closed","template":"","meta":{"footnotes":""},"tipo-de-pagina":[1091],"class_list":["post-6977","page","type-page","status-publish","has-post-thumbnail","hentry"],"yoast_head":"<!-- This site is optimized with the Yoast SEO plugin v27.3 - https:\/\/yoast.com\/product\/yoast-seo-wordpress\/ -->\n<title>Achat d\u2019entreprises : conseils juridiques et strat\u00e9gie<\/title>\n<meta name=\"description\" content=\"D\u00e9couvrez notre accompagnement expert pour l\u2019achat d\u2019entreprises, de branches d\u2019activit\u00e9 et de soci\u00e9t\u00e9s avec strat\u00e9gie juridique et fiscale adapt\u00e9e.\" \/>\n<meta name=\"robots\" content=\"index, follow, max-snippet:-1, max-image-preview:large, max-video-preview:-1\" \/>\n<link rel=\"canonical\" href=\"https:\/\/grupoalcazar.net\/fr\/services\/achat-dentreprises\/\" \/>\n<meta property=\"og:locale\" content=\"fr_FR\" \/>\n<meta property=\"og:type\" content=\"article\" \/>\n<meta property=\"og:title\" content=\"Achat d\u2019entreprises : conseils juridiques et strat\u00e9gie\" \/>\n<meta property=\"og:description\" content=\"D\u00e9couvrez notre accompagnement expert pour l\u2019achat d\u2019entreprises, de branches d\u2019activit\u00e9 et de soci\u00e9t\u00e9s avec strat\u00e9gie juridique et fiscale adapt\u00e9e.\" \/>\n<meta property=\"og:url\" content=\"https:\/\/grupoalcazar.net\/fr\/services\/achat-dentreprises\/\" \/>\n<meta property=\"og:site_name\" content=\"Alc\u00e1zar Abogados - Grupo Alc\u00e1zar\" \/>\n<meta property=\"article:modified_time\" content=\"2026-02-18T17:12:34+00:00\" \/>\n<meta property=\"og:image\" content=\"https:\/\/grupoalcazar.net\/wp-content\/uploads\/2024\/06\/4.webp\" \/>\n\t<meta property=\"og:image:width\" content=\"674\" \/>\n\t<meta property=\"og:image:height\" content=\"916\" \/>\n\t<meta property=\"og:image:type\" content=\"image\/webp\" \/>\n<meta name=\"twitter:card\" content=\"summary_large_image\" \/>\n<meta name=\"twitter:label1\" content=\"Dur\u00e9e de lecture estim\u00e9e\" \/>\n\t<meta name=\"twitter:data1\" content=\"2 minutes\" \/>\n<script type=\"application\/ld+json\" class=\"yoast-schema-graph\">{\"@context\":\"https:\\\/\\\/schema.org\",\"@graph\":[{\"@type\":\"WebPage\",\"@id\":\"https:\\\/\\\/grupoalcazar.net\\\/fr\\\/services\\\/achat-dentreprises\\\/\",\"url\":\"https:\\\/\\\/grupoalcazar.net\\\/fr\\\/services\\\/achat-dentreprises\\\/\",\"name\":\"Achat d\u2019entreprises : conseils juridiques et strat\u00e9gie\",\"isPartOf\":{\"@id\":\"https:\\\/\\\/grupoalcazar.net\\\/fr\\\/#website\"},\"primaryImageOfPage\":{\"@id\":\"https:\\\/\\\/grupoalcazar.net\\\/fr\\\/services\\\/achat-dentreprises\\\/#primaryimage\"},\"image\":{\"@id\":\"https:\\\/\\\/grupoalcazar.net\\\/fr\\\/services\\\/achat-dentreprises\\\/#primaryimage\"},\"thumbnailUrl\":\"https:\\\/\\\/grupoalcazar.net\\\/wp-content\\\/uploads\\\/2024\\\/06\\\/4.webp\",\"datePublished\":\"2024-05-23T07:15:12+00:00\",\"dateModified\":\"2026-02-18T17:12:34+00:00\",\"description\":\"D\u00e9couvrez notre accompagnement expert pour l\u2019achat d\u2019entreprises, de branches d\u2019activit\u00e9 et de soci\u00e9t\u00e9s avec strat\u00e9gie juridique et fiscale adapt\u00e9e.\",\"breadcrumb\":{\"@id\":\"https:\\\/\\\/grupoalcazar.net\\\/fr\\\/services\\\/achat-dentreprises\\\/#breadcrumb\"},\"inLanguage\":\"fr-FR\",\"potentialAction\":[{\"@type\":\"ReadAction\",\"target\":[\"https:\\\/\\\/grupoalcazar.net\\\/fr\\\/services\\\/achat-dentreprises\\\/\"]}]},{\"@type\":\"ImageObject\",\"inLanguage\":\"fr-FR\",\"@id\":\"https:\\\/\\\/grupoalcazar.net\\\/fr\\\/services\\\/achat-dentreprises\\\/#primaryimage\",\"url\":\"https:\\\/\\\/grupoalcazar.net\\\/wp-content\\\/uploads\\\/2024\\\/06\\\/4.webp\",\"contentUrl\":\"https:\\\/\\\/grupoalcazar.net\\\/wp-content\\\/uploads\\\/2024\\\/06\\\/4.webp\",\"width\":674,\"height\":916},{\"@type\":\"BreadcrumbList\",\"@id\":\"https:\\\/\\\/grupoalcazar.net\\\/fr\\\/services\\\/achat-dentreprises\\\/#breadcrumb\",\"itemListElement\":[{\"@type\":\"ListItem\",\"position\":1,\"name\":\"Portada\",\"item\":\"https:\\\/\\\/grupoalcazar.net\\\/fr\\\/\"},{\"@type\":\"ListItem\",\"position\":2,\"name\":\"Services\",\"item\":\"https:\\\/\\\/grupoalcazar.net\\\/fr\\\/services\\\/\"},{\"@type\":\"ListItem\",\"position\":3,\"name\":\"Achat d&#8217;entreprises\"}]},{\"@type\":\"WebSite\",\"@id\":\"https:\\\/\\\/grupoalcazar.net\\\/fr\\\/#website\",\"url\":\"https:\\\/\\\/grupoalcazar.net\\\/fr\\\/\",\"name\":\"Alc\u00e1zar Abogados - Grupo Alc\u00e1zar\",\"description\":\"\",\"potentialAction\":[{\"@type\":\"SearchAction\",\"target\":{\"@type\":\"EntryPoint\",\"urlTemplate\":\"https:\\\/\\\/grupoalcazar.net\\\/fr\\\/?s={search_term_string}\"},\"query-input\":{\"@type\":\"PropertyValueSpecification\",\"valueRequired\":true,\"valueName\":\"search_term_string\"}}],\"inLanguage\":\"fr-FR\"}]}<\/script>\n<!-- \/ Yoast SEO plugin. -->","yoast_head_json":{"title":"Achat d\u2019entreprises : conseils juridiques et strat\u00e9gie","description":"D\u00e9couvrez notre accompagnement expert pour l\u2019achat d\u2019entreprises, de branches d\u2019activit\u00e9 et de soci\u00e9t\u00e9s avec strat\u00e9gie juridique et fiscale adapt\u00e9e.","robots":{"index":"index","follow":"follow","max-snippet":"max-snippet:-1","max-image-preview":"max-image-preview:large","max-video-preview":"max-video-preview:-1"},"canonical":"https:\/\/grupoalcazar.net\/fr\/services\/achat-dentreprises\/","og_locale":"fr_FR","og_type":"article","og_title":"Achat d\u2019entreprises : conseils juridiques et strat\u00e9gie","og_description":"D\u00e9couvrez notre accompagnement expert pour l\u2019achat d\u2019entreprises, de branches d\u2019activit\u00e9 et de soci\u00e9t\u00e9s avec strat\u00e9gie juridique et fiscale adapt\u00e9e.","og_url":"https:\/\/grupoalcazar.net\/fr\/services\/achat-dentreprises\/","og_site_name":"Alc\u00e1zar Abogados - Grupo Alc\u00e1zar","article_modified_time":"2026-02-18T17:12:34+00:00","og_image":[{"width":674,"height":916,"url":"https:\/\/grupoalcazar.net\/wp-content\/uploads\/2024\/06\/4.webp","type":"image\/webp"}],"twitter_card":"summary_large_image","twitter_misc":{"Dur\u00e9e de lecture estim\u00e9e":"2 minutes"},"schema":{"@context":"https:\/\/schema.org","@graph":[{"@type":"WebPage","@id":"https:\/\/grupoalcazar.net\/fr\/services\/achat-dentreprises\/","url":"https:\/\/grupoalcazar.net\/fr\/services\/achat-dentreprises\/","name":"Achat d\u2019entreprises : conseils juridiques et strat\u00e9gie","isPartOf":{"@id":"https:\/\/grupoalcazar.net\/fr\/#website"},"primaryImageOfPage":{"@id":"https:\/\/grupoalcazar.net\/fr\/services\/achat-dentreprises\/#primaryimage"},"image":{"@id":"https:\/\/grupoalcazar.net\/fr\/services\/achat-dentreprises\/#primaryimage"},"thumbnailUrl":"https:\/\/grupoalcazar.net\/wp-content\/uploads\/2024\/06\/4.webp","datePublished":"2024-05-23T07:15:12+00:00","dateModified":"2026-02-18T17:12:34+00:00","description":"D\u00e9couvrez notre accompagnement expert pour l\u2019achat d\u2019entreprises, de branches d\u2019activit\u00e9 et de soci\u00e9t\u00e9s avec strat\u00e9gie juridique et fiscale adapt\u00e9e.","breadcrumb":{"@id":"https:\/\/grupoalcazar.net\/fr\/services\/achat-dentreprises\/#breadcrumb"},"inLanguage":"fr-FR","potentialAction":[{"@type":"ReadAction","target":["https:\/\/grupoalcazar.net\/fr\/services\/achat-dentreprises\/"]}]},{"@type":"ImageObject","inLanguage":"fr-FR","@id":"https:\/\/grupoalcazar.net\/fr\/services\/achat-dentreprises\/#primaryimage","url":"https:\/\/grupoalcazar.net\/wp-content\/uploads\/2024\/06\/4.webp","contentUrl":"https:\/\/grupoalcazar.net\/wp-content\/uploads\/2024\/06\/4.webp","width":674,"height":916},{"@type":"BreadcrumbList","@id":"https:\/\/grupoalcazar.net\/fr\/services\/achat-dentreprises\/#breadcrumb","itemListElement":[{"@type":"ListItem","position":1,"name":"Portada","item":"https:\/\/grupoalcazar.net\/fr\/"},{"@type":"ListItem","position":2,"name":"Services","item":"https:\/\/grupoalcazar.net\/fr\/services\/"},{"@type":"ListItem","position":3,"name":"Achat d&#8217;entreprises"}]},{"@type":"WebSite","@id":"https:\/\/grupoalcazar.net\/fr\/#website","url":"https:\/\/grupoalcazar.net\/fr\/","name":"Alc\u00e1zar Abogados - Grupo Alc\u00e1zar","description":"","potentialAction":[{"@type":"SearchAction","target":{"@type":"EntryPoint","urlTemplate":"https:\/\/grupoalcazar.net\/fr\/?s={search_term_string}"},"query-input":{"@type":"PropertyValueSpecification","valueRequired":true,"valueName":"search_term_string"}}],"inLanguage":"fr-FR"}]}},"_links":{"self":[{"href":"https:\/\/grupoalcazar.net\/fr\/wp-json\/wp\/v2\/pages\/6977","targetHints":{"allow":["GET"]}}],"collection":[{"href":"https:\/\/grupoalcazar.net\/fr\/wp-json\/wp\/v2\/pages"}],"about":[{"href":"https:\/\/grupoalcazar.net\/fr\/wp-json\/wp\/v2\/types\/page"}],"author":[{"embeddable":true,"href":"https:\/\/grupoalcazar.net\/fr\/wp-json\/wp\/v2\/users\/1"}],"replies":[{"embeddable":true,"href":"https:\/\/grupoalcazar.net\/fr\/wp-json\/wp\/v2\/comments?post=6977"}],"version-history":[{"count":1,"href":"https:\/\/grupoalcazar.net\/fr\/wp-json\/wp\/v2\/pages\/6977\/revisions"}],"predecessor-version":[{"id":6979,"href":"https:\/\/grupoalcazar.net\/fr\/wp-json\/wp\/v2\/pages\/6977\/revisions\/6979"}],"up":[{"embeddable":true,"href":"https:\/\/grupoalcazar.net\/fr\/wp-json\/wp\/v2\/pages\/6959"}],"wp:featuredmedia":[{"embeddable":true,"href":"https:\/\/grupoalcazar.net\/fr\/wp-json\/wp\/v2\/media\/6978"}],"wp:attachment":[{"href":"https:\/\/grupoalcazar.net\/fr\/wp-json\/wp\/v2\/media?parent=6977"}],"wp:term":[{"taxonomy":"tipo-de-pagina","embeddable":true,"href":"https:\/\/grupoalcazar.net\/fr\/wp-json\/wp\/v2\/tipo-de-pagina?post=6977"}],"curies":[{"name":"wp","href":"https:\/\/api.w.org\/{rel}","templated":true}]}}