{"id":6974,"date":"2024-05-23T09:40:24","date_gmt":"2024-05-23T07:40:24","guid":{"rendered":"https:\/\/grupoalcazar.net\/services\/conformite\/"},"modified":"2026-02-18T18:18:00","modified_gmt":"2026-02-18T17:18:00","slug":"conformite","status":"publish","type":"page","link":"https:\/\/grupoalcazar.net\/fr\/services\/conformite\/","title":{"rendered":"Conformit\u00e9"},"content":{"rendered":"\n<h3 class=\"wp-block-heading\">CONFORMIT\u00c9.\nPROGRAMMES DE CONFORMIT\u00c9. <\/h3>\n\n<p>Dans le cadre de l&rsquo;activit\u00e9 de l&rsquo;entreprise, des risques de non-conformit\u00e9 \u00e0 la r\u00e9glementation, voire d&rsquo;infractions p\u00e9nales, peuvent survenir.\nDepuis la r\u00e9forme du code p\u00e9nal en 2010, les personnes morales peuvent \u00eatre tenues p\u00e9nalement responsables des actes illicites commis par leurs administrateurs, dirigeants ou employ\u00e9s.\nPour \u00e9viter ces sanctions, il est essentiel de prendre en compte le Code p\u00e9nal lui-m\u00eame, le r\u00e8glement de l&rsquo;UNE et la jurisprudence en la mati\u00e8re.  <\/p>\n\n<h3 class=\"wp-block-heading subtitulo-contenido\">QUAND LA PERSONNE MORALE SERA-T-ELLE RESPONSABLE ?<\/h3>\n\n<p>La responsabilit\u00e9 d&rsquo;une personne morale pour les infractions pr\u00e9vues par le code p\u00e9nal peut \u00eatre engag\u00e9e si l&rsquo;infraction a \u00e9t\u00e9 commise par un repr\u00e9sentant l\u00e9gal et qu&rsquo;elle profite directement ou indirectement \u00e0 la soci\u00e9t\u00e9.\nElle peut \u00e9galement \u00eatre responsable si l&rsquo;infraction a \u00e9t\u00e9 commise par des employ\u00e9s dans l&rsquo;exercice de leurs fonctions et au profit de la soci\u00e9t\u00e9, et si la soci\u00e9t\u00e9 a manqu\u00e9 \u00e0 ses obligations de surveillance et de contr\u00f4le.\nLes sanctions pour la personne morale peuvent aller de l&rsquo;amende \u00e0 la dissolution.  <\/p>\n","protected":false},"excerpt":{"rendered":"<p>CONFORMIT\u00c9. PROGRAMMES DE CONFORMIT\u00c9. Dans le cadre de l&rsquo;activit\u00e9 de l&rsquo;entreprise, des risques de non-conformit\u00e9 \u00e0 la r\u00e9glementation, voire d&rsquo;infractions p\u00e9nales, peuvent survenir. Depuis la r\u00e9forme du code p\u00e9nal en 2010, les personnes morales peuvent \u00eatre tenues p\u00e9nalement responsables des actes illicites commis par leurs administrateurs, dirigeants ou employ\u00e9s. Pour \u00e9viter ces sanctions, il est [&hellip;]<\/p>\n","protected":false},"author":1,"featured_media":6975,"parent":6959,"menu_order":0,"comment_status":"closed","ping_status":"closed","template":"","meta":{"footnotes":""},"tipo-de-pagina":[1091],"class_list":["post-6974","page","type-page","status-publish","has-post-thumbnail","hentry"],"yoast_head":"<!-- This site is optimized with the Yoast SEO plugin v27.3 - https:\/\/yoast.com\/product\/yoast-seo-wordpress\/ -->\n<title>Conformit\u00e9 : programmes et conseil juridique pro<\/title>\n<meta name=\"description\" content=\"Assurez la conformit\u00e9 de votre entreprise gr\u00e2ce \u00e0 nos programmes et conseils juridiques pour pr\u00e9venir les risques et respecter la r\u00e9glementation.\" \/>\n<meta name=\"robots\" content=\"index, follow, max-snippet:-1, max-image-preview:large, max-video-preview:-1\" \/>\n<link rel=\"canonical\" href=\"https:\/\/grupoalcazar.net\/fr\/services\/conformite\/\" \/>\n<meta property=\"og:locale\" content=\"fr_FR\" \/>\n<meta property=\"og:type\" content=\"article\" \/>\n<meta property=\"og:title\" content=\"Conformit\u00e9 : programmes et conseil juridique pro\" \/>\n<meta property=\"og:description\" content=\"Assurez la conformit\u00e9 de votre entreprise gr\u00e2ce \u00e0 nos programmes et conseils juridiques pour pr\u00e9venir les risques et respecter la r\u00e9glementation.\" \/>\n<meta property=\"og:url\" content=\"https:\/\/grupoalcazar.net\/fr\/services\/conformite\/\" \/>\n<meta property=\"og:site_name\" content=\"Alc\u00e1zar Abogados - Grupo Alc\u00e1zar\" \/>\n<meta property=\"article:modified_time\" content=\"2026-02-18T17:18:00+00:00\" \/>\n<meta property=\"og:image\" content=\"https:\/\/grupoalcazar.net\/wp-content\/uploads\/2024\/06\/Compra-Sociedades.webp\" \/>\n\t<meta property=\"og:image:width\" content=\"674\" \/>\n\t<meta property=\"og:image:height\" content=\"916\" \/>\n\t<meta property=\"og:image:type\" content=\"image\/webp\" \/>\n<meta name=\"twitter:card\" content=\"summary_large_image\" \/>\n<meta name=\"twitter:label1\" content=\"Dur\u00e9e de lecture estim\u00e9e\" \/>\n\t<meta name=\"twitter:data1\" content=\"1 minute\" \/>\n<script type=\"application\/ld+json\" class=\"yoast-schema-graph\">{\"@context\":\"https:\\\/\\\/schema.org\",\"@graph\":[{\"@type\":\"WebPage\",\"@id\":\"https:\\\/\\\/grupoalcazar.net\\\/fr\\\/services\\\/conformite\\\/\",\"url\":\"https:\\\/\\\/grupoalcazar.net\\\/fr\\\/services\\\/conformite\\\/\",\"name\":\"Conformit\u00e9 : programmes et conseil juridique pro\",\"isPartOf\":{\"@id\":\"https:\\\/\\\/grupoalcazar.net\\\/fr\\\/#website\"},\"primaryImageOfPage\":{\"@id\":\"https:\\\/\\\/grupoalcazar.net\\\/fr\\\/services\\\/conformite\\\/#primaryimage\"},\"image\":{\"@id\":\"https:\\\/\\\/grupoalcazar.net\\\/fr\\\/services\\\/conformite\\\/#primaryimage\"},\"thumbnailUrl\":\"https:\\\/\\\/grupoalcazar.net\\\/wp-content\\\/uploads\\\/2024\\\/06\\\/Compra-Sociedades.webp\",\"datePublished\":\"2024-05-23T07:40:24+00:00\",\"dateModified\":\"2026-02-18T17:18:00+00:00\",\"description\":\"Assurez la conformit\u00e9 de votre entreprise gr\u00e2ce \u00e0 nos programmes et conseils juridiques pour pr\u00e9venir les risques et respecter la r\u00e9glementation.\",\"breadcrumb\":{\"@id\":\"https:\\\/\\\/grupoalcazar.net\\\/fr\\\/services\\\/conformite\\\/#breadcrumb\"},\"inLanguage\":\"fr-FR\",\"potentialAction\":[{\"@type\":\"ReadAction\",\"target\":[\"https:\\\/\\\/grupoalcazar.net\\\/fr\\\/services\\\/conformite\\\/\"]}]},{\"@type\":\"ImageObject\",\"inLanguage\":\"fr-FR\",\"@id\":\"https:\\\/\\\/grupoalcazar.net\\\/fr\\\/services\\\/conformite\\\/#primaryimage\",\"url\":\"https:\\\/\\\/grupoalcazar.net\\\/wp-content\\\/uploads\\\/2024\\\/06\\\/Compra-Sociedades.webp\",\"contentUrl\":\"https:\\\/\\\/grupoalcazar.net\\\/wp-content\\\/uploads\\\/2024\\\/06\\\/Compra-Sociedades.webp\",\"width\":674,\"height\":916},{\"@type\":\"BreadcrumbList\",\"@id\":\"https:\\\/\\\/grupoalcazar.net\\\/fr\\\/services\\\/conformite\\\/#breadcrumb\",\"itemListElement\":[{\"@type\":\"ListItem\",\"position\":1,\"name\":\"Portada\",\"item\":\"https:\\\/\\\/grupoalcazar.net\\\/fr\\\/\"},{\"@type\":\"ListItem\",\"position\":2,\"name\":\"Services\",\"item\":\"https:\\\/\\\/grupoalcazar.net\\\/fr\\\/services\\\/\"},{\"@type\":\"ListItem\",\"position\":3,\"name\":\"Conformit\u00e9\"}]},{\"@type\":\"WebSite\",\"@id\":\"https:\\\/\\\/grupoalcazar.net\\\/fr\\\/#website\",\"url\":\"https:\\\/\\\/grupoalcazar.net\\\/fr\\\/\",\"name\":\"Alc\u00e1zar Abogados - Grupo Alc\u00e1zar\",\"description\":\"\",\"potentialAction\":[{\"@type\":\"SearchAction\",\"target\":{\"@type\":\"EntryPoint\",\"urlTemplate\":\"https:\\\/\\\/grupoalcazar.net\\\/fr\\\/?s={search_term_string}\"},\"query-input\":{\"@type\":\"PropertyValueSpecification\",\"valueRequired\":true,\"valueName\":\"search_term_string\"}}],\"inLanguage\":\"fr-FR\"}]}<\/script>\n<!-- \/ Yoast SEO plugin. -->","yoast_head_json":{"title":"Conformit\u00e9 : programmes et conseil juridique pro","description":"Assurez la conformit\u00e9 de votre entreprise gr\u00e2ce \u00e0 nos programmes et conseils juridiques pour pr\u00e9venir les risques et respecter la r\u00e9glementation.","robots":{"index":"index","follow":"follow","max-snippet":"max-snippet:-1","max-image-preview":"max-image-preview:large","max-video-preview":"max-video-preview:-1"},"canonical":"https:\/\/grupoalcazar.net\/fr\/services\/conformite\/","og_locale":"fr_FR","og_type":"article","og_title":"Conformit\u00e9 : programmes et conseil juridique pro","og_description":"Assurez la conformit\u00e9 de votre entreprise gr\u00e2ce \u00e0 nos programmes et conseils juridiques pour pr\u00e9venir les risques et respecter la r\u00e9glementation.","og_url":"https:\/\/grupoalcazar.net\/fr\/services\/conformite\/","og_site_name":"Alc\u00e1zar Abogados - Grupo Alc\u00e1zar","article_modified_time":"2026-02-18T17:18:00+00:00","og_image":[{"width":674,"height":916,"url":"https:\/\/grupoalcazar.net\/wp-content\/uploads\/2024\/06\/Compra-Sociedades.webp","type":"image\/webp"}],"twitter_card":"summary_large_image","twitter_misc":{"Dur\u00e9e de lecture estim\u00e9e":"1 minute"},"schema":{"@context":"https:\/\/schema.org","@graph":[{"@type":"WebPage","@id":"https:\/\/grupoalcazar.net\/fr\/services\/conformite\/","url":"https:\/\/grupoalcazar.net\/fr\/services\/conformite\/","name":"Conformit\u00e9 : programmes et conseil juridique pro","isPartOf":{"@id":"https:\/\/grupoalcazar.net\/fr\/#website"},"primaryImageOfPage":{"@id":"https:\/\/grupoalcazar.net\/fr\/services\/conformite\/#primaryimage"},"image":{"@id":"https:\/\/grupoalcazar.net\/fr\/services\/conformite\/#primaryimage"},"thumbnailUrl":"https:\/\/grupoalcazar.net\/wp-content\/uploads\/2024\/06\/Compra-Sociedades.webp","datePublished":"2024-05-23T07:40:24+00:00","dateModified":"2026-02-18T17:18:00+00:00","description":"Assurez la conformit\u00e9 de votre entreprise gr\u00e2ce \u00e0 nos programmes et conseils juridiques pour pr\u00e9venir les risques et respecter la r\u00e9glementation.","breadcrumb":{"@id":"https:\/\/grupoalcazar.net\/fr\/services\/conformite\/#breadcrumb"},"inLanguage":"fr-FR","potentialAction":[{"@type":"ReadAction","target":["https:\/\/grupoalcazar.net\/fr\/services\/conformite\/"]}]},{"@type":"ImageObject","inLanguage":"fr-FR","@id":"https:\/\/grupoalcazar.net\/fr\/services\/conformite\/#primaryimage","url":"https:\/\/grupoalcazar.net\/wp-content\/uploads\/2024\/06\/Compra-Sociedades.webp","contentUrl":"https:\/\/grupoalcazar.net\/wp-content\/uploads\/2024\/06\/Compra-Sociedades.webp","width":674,"height":916},{"@type":"BreadcrumbList","@id":"https:\/\/grupoalcazar.net\/fr\/services\/conformite\/#breadcrumb","itemListElement":[{"@type":"ListItem","position":1,"name":"Portada","item":"https:\/\/grupoalcazar.net\/fr\/"},{"@type":"ListItem","position":2,"name":"Services","item":"https:\/\/grupoalcazar.net\/fr\/services\/"},{"@type":"ListItem","position":3,"name":"Conformit\u00e9"}]},{"@type":"WebSite","@id":"https:\/\/grupoalcazar.net\/fr\/#website","url":"https:\/\/grupoalcazar.net\/fr\/","name":"Alc\u00e1zar Abogados - Grupo Alc\u00e1zar","description":"","potentialAction":[{"@type":"SearchAction","target":{"@type":"EntryPoint","urlTemplate":"https:\/\/grupoalcazar.net\/fr\/?s={search_term_string}"},"query-input":{"@type":"PropertyValueSpecification","valueRequired":true,"valueName":"search_term_string"}}],"inLanguage":"fr-FR"}]}},"_links":{"self":[{"href":"https:\/\/grupoalcazar.net\/fr\/wp-json\/wp\/v2\/pages\/6974","targetHints":{"allow":["GET"]}}],"collection":[{"href":"https:\/\/grupoalcazar.net\/fr\/wp-json\/wp\/v2\/pages"}],"about":[{"href":"https:\/\/grupoalcazar.net\/fr\/wp-json\/wp\/v2\/types\/page"}],"author":[{"embeddable":true,"href":"https:\/\/grupoalcazar.net\/fr\/wp-json\/wp\/v2\/users\/1"}],"replies":[{"embeddable":true,"href":"https:\/\/grupoalcazar.net\/fr\/wp-json\/wp\/v2\/comments?post=6974"}],"version-history":[{"count":1,"href":"https:\/\/grupoalcazar.net\/fr\/wp-json\/wp\/v2\/pages\/6974\/revisions"}],"predecessor-version":[{"id":6976,"href":"https:\/\/grupoalcazar.net\/fr\/wp-json\/wp\/v2\/pages\/6974\/revisions\/6976"}],"up":[{"embeddable":true,"href":"https:\/\/grupoalcazar.net\/fr\/wp-json\/wp\/v2\/pages\/6959"}],"wp:featuredmedia":[{"embeddable":true,"href":"https:\/\/grupoalcazar.net\/fr\/wp-json\/wp\/v2\/media\/6975"}],"wp:attachment":[{"href":"https:\/\/grupoalcazar.net\/fr\/wp-json\/wp\/v2\/media?parent=6974"}],"wp:term":[{"taxonomy":"tipo-de-pagina","embeddable":true,"href":"https:\/\/grupoalcazar.net\/fr\/wp-json\/wp\/v2\/tipo-de-pagina?post=6974"}],"curies":[{"name":"wp","href":"https:\/\/api.w.org\/{rel}","templated":true}]}}