{"id":6968,"date":"2024-05-23T09:31:20","date_gmt":"2024-05-23T07:31:20","guid":{"rendered":"https:\/\/grupoalcazar.net\/services\/audit\/"},"modified":"2026-02-18T18:15:05","modified_gmt":"2026-02-18T17:15:05","slug":"audit","status":"publish","type":"page","link":"https:\/\/grupoalcazar.net\/fr\/services\/audit\/","title":{"rendered":"Audit"},"content":{"rendered":"\n<h3 class=\"wp-block-heading\">Transparence du cadre r\u00e9glementaire<\/h3>\n\n<p>Nous disposons d&rsquo;une \u00e9quipe d&rsquo;audit et d&rsquo;assurance tr\u00e8s exp\u00e9riment\u00e9e, qui s&rsquo;appuie sur une technologie de pointe pour fournir les services suivants :<\/p>\n\n<ul class=\"wp-block-list\">\n<li>L&rsquo;audit des comptes annuels et des \u00e9tats financiers (dans la section suivante, nous examinons la valeur intrins\u00e8que de la fonction d&rsquo;audit dans les processus administratifs, comptables et de contr\u00f4le d&rsquo;une entreprise).<\/li>\n\n\n\n<li>Pr\u00e9paration, audit et\/ou examen du dossier de rapport.<\/li>\n\n\n\n<li>Conversion aux normes IFRS.<\/li>\n\n\n\n<li>Examen limit\u00e9.<\/li>\n\n\n\n<li>Rapports sur les contr\u00f4les dans les organisations de services.<\/li>\n\n\n\n<li>Travaux d&rsquo;audit interne.<\/li>\n\n\n\n<li>Rapports d&rsquo;experts ind\u00e9pendants.<\/li>\n\n\n\n<li>Conception et mise en \u0153uvre de syst\u00e8mes d&rsquo;information financi\u00e8re.<\/li>\n\n\n\n<li>Conseil en comptabilit\u00e9.<\/li>\n\n\n\n<li>Certification des d\u00e9penses.<\/li>\n\n\n\n<li>Examen des subventions.<\/li>\n\n\n\n<li>Audits du secteur public.<\/li>\n\n\n\n<li>Formation externe.<\/li>\n<\/ul>\n","protected":false},"excerpt":{"rendered":"<p>Transparence du cadre r\u00e9glementaire Nous disposons d&rsquo;une \u00e9quipe d&rsquo;audit et d&rsquo;assurance tr\u00e8s exp\u00e9riment\u00e9e, qui s&rsquo;appuie sur une technologie de pointe pour fournir les services suivants :<\/p>\n","protected":false},"author":1,"featured_media":6969,"parent":6959,"menu_order":0,"comment_status":"closed","ping_status":"closed","template":"","meta":{"footnotes":""},"tipo-de-pagina":[1091],"class_list":["post-6968","page","type-page","status-publish","has-post-thumbnail","hentry"],"yoast_head":"<!-- This site is optimized with the Yoast SEO plugin v27.3 - https:\/\/yoast.com\/product\/yoast-seo-wordpress\/ -->\n<title>Audit juridique et fiscal pour entreprises et projets<\/title>\n<meta name=\"description\" content=\"B\u00e9n\u00e9ficiez d\u2019un audit complet en droit et fiscalit\u00e9 pour s\u00e9curiser vos d\u00e9cisions, optimiser vos risques et garantir la conformit\u00e9 de vos op\u00e9rations.\" \/>\n<meta name=\"robots\" content=\"index, follow, max-snippet:-1, max-image-preview:large, max-video-preview:-1\" \/>\n<link rel=\"canonical\" href=\"https:\/\/grupoalcazar.net\/fr\/services\/audit\/\" \/>\n<meta property=\"og:locale\" content=\"fr_FR\" \/>\n<meta property=\"og:type\" content=\"article\" \/>\n<meta property=\"og:title\" content=\"Audit juridique et fiscal pour entreprises et projets\" \/>\n<meta property=\"og:description\" content=\"B\u00e9n\u00e9ficiez d\u2019un audit complet en droit et fiscalit\u00e9 pour s\u00e9curiser vos d\u00e9cisions, optimiser vos risques et garantir la conformit\u00e9 de vos op\u00e9rations.\" \/>\n<meta property=\"og:url\" content=\"https:\/\/grupoalcazar.net\/fr\/services\/audit\/\" \/>\n<meta property=\"og:site_name\" content=\"Alc\u00e1zar Abogados - Grupo Alc\u00e1zar\" \/>\n<meta property=\"article:modified_time\" content=\"2026-02-18T17:15:05+00:00\" \/>\n<meta property=\"og:image\" content=\"https:\/\/grupoalcazar.net\/wp-content\/uploads\/2024\/06\/COMPLIANCE.webp\" \/>\n\t<meta property=\"og:image:width\" content=\"674\" \/>\n\t<meta property=\"og:image:height\" content=\"916\" \/>\n\t<meta property=\"og:image:type\" content=\"image\/webp\" \/>\n<meta name=\"twitter:card\" content=\"summary_large_image\" \/>\n<meta name=\"twitter:label1\" content=\"Dur\u00e9e de lecture estim\u00e9e\" \/>\n\t<meta name=\"twitter:data1\" content=\"1 minute\" \/>\n<script type=\"application\/ld+json\" class=\"yoast-schema-graph\">{\"@context\":\"https:\\\/\\\/schema.org\",\"@graph\":[{\"@type\":\"WebPage\",\"@id\":\"https:\\\/\\\/grupoalcazar.net\\\/fr\\\/services\\\/audit\\\/\",\"url\":\"https:\\\/\\\/grupoalcazar.net\\\/fr\\\/services\\\/audit\\\/\",\"name\":\"Audit juridique et fiscal pour entreprises et projets\",\"isPartOf\":{\"@id\":\"https:\\\/\\\/grupoalcazar.net\\\/fr\\\/#website\"},\"primaryImageOfPage\":{\"@id\":\"https:\\\/\\\/grupoalcazar.net\\\/fr\\\/services\\\/audit\\\/#primaryimage\"},\"image\":{\"@id\":\"https:\\\/\\\/grupoalcazar.net\\\/fr\\\/services\\\/audit\\\/#primaryimage\"},\"thumbnailUrl\":\"https:\\\/\\\/grupoalcazar.net\\\/wp-content\\\/uploads\\\/2024\\\/06\\\/COMPLIANCE.webp\",\"datePublished\":\"2024-05-23T07:31:20+00:00\",\"dateModified\":\"2026-02-18T17:15:05+00:00\",\"description\":\"B\u00e9n\u00e9ficiez d\u2019un audit complet en droit et fiscalit\u00e9 pour s\u00e9curiser vos d\u00e9cisions, optimiser vos risques et garantir la conformit\u00e9 de vos op\u00e9rations.\",\"breadcrumb\":{\"@id\":\"https:\\\/\\\/grupoalcazar.net\\\/fr\\\/services\\\/audit\\\/#breadcrumb\"},\"inLanguage\":\"fr-FR\",\"potentialAction\":[{\"@type\":\"ReadAction\",\"target\":[\"https:\\\/\\\/grupoalcazar.net\\\/fr\\\/services\\\/audit\\\/\"]}]},{\"@type\":\"ImageObject\",\"inLanguage\":\"fr-FR\",\"@id\":\"https:\\\/\\\/grupoalcazar.net\\\/fr\\\/services\\\/audit\\\/#primaryimage\",\"url\":\"https:\\\/\\\/grupoalcazar.net\\\/wp-content\\\/uploads\\\/2024\\\/06\\\/COMPLIANCE.webp\",\"contentUrl\":\"https:\\\/\\\/grupoalcazar.net\\\/wp-content\\\/uploads\\\/2024\\\/06\\\/COMPLIANCE.webp\",\"width\":674,\"height\":916},{\"@type\":\"BreadcrumbList\",\"@id\":\"https:\\\/\\\/grupoalcazar.net\\\/fr\\\/services\\\/audit\\\/#breadcrumb\",\"itemListElement\":[{\"@type\":\"ListItem\",\"position\":1,\"name\":\"Portada\",\"item\":\"https:\\\/\\\/grupoalcazar.net\\\/fr\\\/\"},{\"@type\":\"ListItem\",\"position\":2,\"name\":\"Services\",\"item\":\"https:\\\/\\\/grupoalcazar.net\\\/fr\\\/services\\\/\"},{\"@type\":\"ListItem\",\"position\":3,\"name\":\"Audit\"}]},{\"@type\":\"WebSite\",\"@id\":\"https:\\\/\\\/grupoalcazar.net\\\/fr\\\/#website\",\"url\":\"https:\\\/\\\/grupoalcazar.net\\\/fr\\\/\",\"name\":\"Alc\u00e1zar Abogados - Grupo Alc\u00e1zar\",\"description\":\"\",\"potentialAction\":[{\"@type\":\"SearchAction\",\"target\":{\"@type\":\"EntryPoint\",\"urlTemplate\":\"https:\\\/\\\/grupoalcazar.net\\\/fr\\\/?s={search_term_string}\"},\"query-input\":{\"@type\":\"PropertyValueSpecification\",\"valueRequired\":true,\"valueName\":\"search_term_string\"}}],\"inLanguage\":\"fr-FR\"}]}<\/script>\n<!-- \/ Yoast SEO plugin. -->","yoast_head_json":{"title":"Audit juridique et fiscal pour entreprises et projets","description":"B\u00e9n\u00e9ficiez d\u2019un audit complet en droit et fiscalit\u00e9 pour s\u00e9curiser vos d\u00e9cisions, optimiser vos risques et garantir la conformit\u00e9 de vos op\u00e9rations.","robots":{"index":"index","follow":"follow","max-snippet":"max-snippet:-1","max-image-preview":"max-image-preview:large","max-video-preview":"max-video-preview:-1"},"canonical":"https:\/\/grupoalcazar.net\/fr\/services\/audit\/","og_locale":"fr_FR","og_type":"article","og_title":"Audit juridique et fiscal pour entreprises et projets","og_description":"B\u00e9n\u00e9ficiez d\u2019un audit complet en droit et fiscalit\u00e9 pour s\u00e9curiser vos d\u00e9cisions, optimiser vos risques et garantir la conformit\u00e9 de vos op\u00e9rations.","og_url":"https:\/\/grupoalcazar.net\/fr\/services\/audit\/","og_site_name":"Alc\u00e1zar Abogados - Grupo Alc\u00e1zar","article_modified_time":"2026-02-18T17:15:05+00:00","og_image":[{"width":674,"height":916,"url":"https:\/\/grupoalcazar.net\/wp-content\/uploads\/2024\/06\/COMPLIANCE.webp","type":"image\/webp"}],"twitter_card":"summary_large_image","twitter_misc":{"Dur\u00e9e de lecture estim\u00e9e":"1 minute"},"schema":{"@context":"https:\/\/schema.org","@graph":[{"@type":"WebPage","@id":"https:\/\/grupoalcazar.net\/fr\/services\/audit\/","url":"https:\/\/grupoalcazar.net\/fr\/services\/audit\/","name":"Audit juridique et fiscal pour entreprises et projets","isPartOf":{"@id":"https:\/\/grupoalcazar.net\/fr\/#website"},"primaryImageOfPage":{"@id":"https:\/\/grupoalcazar.net\/fr\/services\/audit\/#primaryimage"},"image":{"@id":"https:\/\/grupoalcazar.net\/fr\/services\/audit\/#primaryimage"},"thumbnailUrl":"https:\/\/grupoalcazar.net\/wp-content\/uploads\/2024\/06\/COMPLIANCE.webp","datePublished":"2024-05-23T07:31:20+00:00","dateModified":"2026-02-18T17:15:05+00:00","description":"B\u00e9n\u00e9ficiez d\u2019un audit complet en droit et fiscalit\u00e9 pour s\u00e9curiser vos d\u00e9cisions, optimiser vos risques et garantir la conformit\u00e9 de vos op\u00e9rations.","breadcrumb":{"@id":"https:\/\/grupoalcazar.net\/fr\/services\/audit\/#breadcrumb"},"inLanguage":"fr-FR","potentialAction":[{"@type":"ReadAction","target":["https:\/\/grupoalcazar.net\/fr\/services\/audit\/"]}]},{"@type":"ImageObject","inLanguage":"fr-FR","@id":"https:\/\/grupoalcazar.net\/fr\/services\/audit\/#primaryimage","url":"https:\/\/grupoalcazar.net\/wp-content\/uploads\/2024\/06\/COMPLIANCE.webp","contentUrl":"https:\/\/grupoalcazar.net\/wp-content\/uploads\/2024\/06\/COMPLIANCE.webp","width":674,"height":916},{"@type":"BreadcrumbList","@id":"https:\/\/grupoalcazar.net\/fr\/services\/audit\/#breadcrumb","itemListElement":[{"@type":"ListItem","position":1,"name":"Portada","item":"https:\/\/grupoalcazar.net\/fr\/"},{"@type":"ListItem","position":2,"name":"Services","item":"https:\/\/grupoalcazar.net\/fr\/services\/"},{"@type":"ListItem","position":3,"name":"Audit"}]},{"@type":"WebSite","@id":"https:\/\/grupoalcazar.net\/fr\/#website","url":"https:\/\/grupoalcazar.net\/fr\/","name":"Alc\u00e1zar Abogados - Grupo Alc\u00e1zar","description":"","potentialAction":[{"@type":"SearchAction","target":{"@type":"EntryPoint","urlTemplate":"https:\/\/grupoalcazar.net\/fr\/?s={search_term_string}"},"query-input":{"@type":"PropertyValueSpecification","valueRequired":true,"valueName":"search_term_string"}}],"inLanguage":"fr-FR"}]}},"_links":{"self":[{"href":"https:\/\/grupoalcazar.net\/fr\/wp-json\/wp\/v2\/pages\/6968","targetHints":{"allow":["GET"]}}],"collection":[{"href":"https:\/\/grupoalcazar.net\/fr\/wp-json\/wp\/v2\/pages"}],"about":[{"href":"https:\/\/grupoalcazar.net\/fr\/wp-json\/wp\/v2\/types\/page"}],"author":[{"embeddable":true,"href":"https:\/\/grupoalcazar.net\/fr\/wp-json\/wp\/v2\/users\/1"}],"replies":[{"embeddable":true,"href":"https:\/\/grupoalcazar.net\/fr\/wp-json\/wp\/v2\/comments?post=6968"}],"version-history":[{"count":1,"href":"https:\/\/grupoalcazar.net\/fr\/wp-json\/wp\/v2\/pages\/6968\/revisions"}],"predecessor-version":[{"id":6970,"href":"https:\/\/grupoalcazar.net\/fr\/wp-json\/wp\/v2\/pages\/6968\/revisions\/6970"}],"up":[{"embeddable":true,"href":"https:\/\/grupoalcazar.net\/fr\/wp-json\/wp\/v2\/pages\/6959"}],"wp:featuredmedia":[{"embeddable":true,"href":"https:\/\/grupoalcazar.net\/fr\/wp-json\/wp\/v2\/media\/6969"}],"wp:attachment":[{"href":"https:\/\/grupoalcazar.net\/fr\/wp-json\/wp\/v2\/media?parent=6968"}],"wp:term":[{"taxonomy":"tipo-de-pagina","embeddable":true,"href":"https:\/\/grupoalcazar.net\/fr\/wp-json\/wp\/v2\/tipo-de-pagina?post=6968"}],"curies":[{"name":"wp","href":"https:\/\/api.w.org\/{rel}","templated":true}]}}