{"id":6965,"date":"2024-05-23T08:56:42","date_gmt":"2024-05-23T06:56:42","guid":{"rendered":"https:\/\/grupoalcazar.net\/services\/conseil-global-aux-entreprises\/"},"modified":"2026-02-18T18:20:35","modified_gmt":"2026-02-18T17:20:35","slug":"conseil-global-aux-entreprises","status":"publish","type":"page","link":"https:\/\/grupoalcazar.net\/fr\/services\/conseil-global-aux-entreprises\/","title":{"rendered":"Conseil global aux entreprises"},"content":{"rendered":"\n<h3 class=\"wp-block-heading\">Nous emmenons votre entreprise vers de nouveaux horizons<\/h3>\n\n<p>Dans un environnement commercial de plus en plus complexe et changeant, les obligations juridiques, fiscales et sociales peuvent \u00eatre accablantes pour la direction d&rsquo;une entreprise.\nC&rsquo;est pourquoi il devient imp\u00e9ratif de disposer d&rsquo;une \u00e9quipe compl\u00e8te de conseillers pour garantir le respect de ces obligations et prot\u00e9ger les associ\u00e9s et les directeurs des \u00e9ventuelles cons\u00e9quences n\u00e9gatives du non-respect de ces obligations ou des erreurs commises. <\/p>\n\n<p>ALCAZAR ABOGADOS Y CONSULTORES se distingue par son approche multidisciplinaire en mati\u00e8re de conseil r\u00e9current aux entreprises, en offrant un service complet dans les domaines comptable, commercial, fiscal et social.\nSon \u00e9quipe de professionnels exp\u00e9riment\u00e9s fournit des conseils complets qui visent non seulement \u00e0 limiter les risques, mais aussi \u00e0 optimiser l&rsquo;entreprise, \u00e0 faciliter la prise de d\u00e9cision et \u00e0 tenir la direction inform\u00e9e de la situation de l&rsquo;entreprise et des questions importantes.\nCette approche vise principalement \u00e0 apporter s\u00e9curit\u00e9 et soutien aux entreprises dans un environnement commercial dynamique et difficile.  <\/p>\n","protected":false},"excerpt":{"rendered":"<p>Nous emmenons votre entreprise vers de nouveaux horizons Dans un environnement commercial de plus en plus complexe et changeant, les obligations juridiques, fiscales et sociales peuvent \u00eatre accablantes pour la direction d&rsquo;une entreprise. C&rsquo;est pourquoi il devient imp\u00e9ratif de disposer d&rsquo;une \u00e9quipe compl\u00e8te de conseillers pour garantir le respect de ces obligations et prot\u00e9ger les [&hellip;]<\/p>\n","protected":false},"author":1,"featured_media":6966,"parent":6959,"menu_order":0,"comment_status":"closed","ping_status":"closed","template":"","meta":{"footnotes":""},"tipo-de-pagina":[1091],"class_list":["post-6965","page","type-page","status-publish","has-post-thumbnail","hentry"],"yoast_head":"<!-- This site is optimized with the Yoast SEO plugin v27.3 - https:\/\/yoast.com\/product\/yoast-seo-wordpress\/ -->\n<title>Conseil global aux entreprises : droit et strat\u00e9gie pro<\/title>\n<meta name=\"description\" content=\"Nos experts offrent un conseil global aux entreprises, combinant droit, strat\u00e9gie et fiscalit\u00e9 pour optimiser croissance, gestion et conformit\u00e9.\" \/>\n<meta name=\"robots\" content=\"index, follow, max-snippet:-1, max-image-preview:large, max-video-preview:-1\" \/>\n<link rel=\"canonical\" href=\"https:\/\/grupoalcazar.net\/fr\/services\/conseil-global-aux-entreprises\/\" \/>\n<meta property=\"og:locale\" content=\"fr_FR\" \/>\n<meta property=\"og:type\" content=\"article\" \/>\n<meta property=\"og:title\" content=\"Conseil global aux entreprises : droit et strat\u00e9gie pro\" \/>\n<meta property=\"og:description\" content=\"Nos experts offrent un conseil global aux entreprises, combinant droit, strat\u00e9gie et fiscalit\u00e9 pour optimiser croissance, gestion et conformit\u00e9.\" \/>\n<meta property=\"og:url\" content=\"https:\/\/grupoalcazar.net\/fr\/services\/conseil-global-aux-entreprises\/\" \/>\n<meta property=\"og:site_name\" content=\"Alc\u00e1zar Abogados - Grupo Alc\u00e1zar\" \/>\n<meta property=\"article:modified_time\" content=\"2026-02-18T17:20:35+00:00\" \/>\n<meta property=\"og:image\" content=\"https:\/\/grupoalcazar.net\/wp-content\/uploads\/2024\/06\/Asesoramiento-Integral-de-Empresas.webp\" \/>\n\t<meta property=\"og:image:width\" content=\"674\" \/>\n\t<meta property=\"og:image:height\" content=\"916\" \/>\n\t<meta property=\"og:image:type\" content=\"image\/webp\" \/>\n<meta name=\"twitter:card\" content=\"summary_large_image\" \/>\n<meta name=\"twitter:label1\" content=\"Dur\u00e9e de lecture estim\u00e9e\" \/>\n\t<meta name=\"twitter:data1\" content=\"1 minute\" \/>\n<script type=\"application\/ld+json\" class=\"yoast-schema-graph\">{\"@context\":\"https:\\\/\\\/schema.org\",\"@graph\":[{\"@type\":\"WebPage\",\"@id\":\"https:\\\/\\\/grupoalcazar.net\\\/fr\\\/services\\\/conseil-global-aux-entreprises\\\/\",\"url\":\"https:\\\/\\\/grupoalcazar.net\\\/fr\\\/services\\\/conseil-global-aux-entreprises\\\/\",\"name\":\"Conseil global aux entreprises : droit et strat\u00e9gie pro\",\"isPartOf\":{\"@id\":\"https:\\\/\\\/grupoalcazar.net\\\/fr\\\/#website\"},\"primaryImageOfPage\":{\"@id\":\"https:\\\/\\\/grupoalcazar.net\\\/fr\\\/services\\\/conseil-global-aux-entreprises\\\/#primaryimage\"},\"image\":{\"@id\":\"https:\\\/\\\/grupoalcazar.net\\\/fr\\\/services\\\/conseil-global-aux-entreprises\\\/#primaryimage\"},\"thumbnailUrl\":\"https:\\\/\\\/grupoalcazar.net\\\/wp-content\\\/uploads\\\/2024\\\/06\\\/Asesoramiento-Integral-de-Empresas.webp\",\"datePublished\":\"2024-05-23T06:56:42+00:00\",\"dateModified\":\"2026-02-18T17:20:35+00:00\",\"description\":\"Nos experts offrent un conseil global aux entreprises, combinant droit, strat\u00e9gie et fiscalit\u00e9 pour optimiser croissance, gestion et conformit\u00e9.\",\"breadcrumb\":{\"@id\":\"https:\\\/\\\/grupoalcazar.net\\\/fr\\\/services\\\/conseil-global-aux-entreprises\\\/#breadcrumb\"},\"inLanguage\":\"fr-FR\",\"potentialAction\":[{\"@type\":\"ReadAction\",\"target\":[\"https:\\\/\\\/grupoalcazar.net\\\/fr\\\/services\\\/conseil-global-aux-entreprises\\\/\"]}]},{\"@type\":\"ImageObject\",\"inLanguage\":\"fr-FR\",\"@id\":\"https:\\\/\\\/grupoalcazar.net\\\/fr\\\/services\\\/conseil-global-aux-entreprises\\\/#primaryimage\",\"url\":\"https:\\\/\\\/grupoalcazar.net\\\/wp-content\\\/uploads\\\/2024\\\/06\\\/Asesoramiento-Integral-de-Empresas.webp\",\"contentUrl\":\"https:\\\/\\\/grupoalcazar.net\\\/wp-content\\\/uploads\\\/2024\\\/06\\\/Asesoramiento-Integral-de-Empresas.webp\",\"width\":674,\"height\":916},{\"@type\":\"BreadcrumbList\",\"@id\":\"https:\\\/\\\/grupoalcazar.net\\\/fr\\\/services\\\/conseil-global-aux-entreprises\\\/#breadcrumb\",\"itemListElement\":[{\"@type\":\"ListItem\",\"position\":1,\"name\":\"Portada\",\"item\":\"https:\\\/\\\/grupoalcazar.net\\\/fr\\\/\"},{\"@type\":\"ListItem\",\"position\":2,\"name\":\"Services\",\"item\":\"https:\\\/\\\/grupoalcazar.net\\\/fr\\\/services\\\/\"},{\"@type\":\"ListItem\",\"position\":3,\"name\":\"Conseil global aux entreprises\"}]},{\"@type\":\"WebSite\",\"@id\":\"https:\\\/\\\/grupoalcazar.net\\\/fr\\\/#website\",\"url\":\"https:\\\/\\\/grupoalcazar.net\\\/fr\\\/\",\"name\":\"Alc\u00e1zar Abogados - Grupo Alc\u00e1zar\",\"description\":\"\",\"potentialAction\":[{\"@type\":\"SearchAction\",\"target\":{\"@type\":\"EntryPoint\",\"urlTemplate\":\"https:\\\/\\\/grupoalcazar.net\\\/fr\\\/?s={search_term_string}\"},\"query-input\":{\"@type\":\"PropertyValueSpecification\",\"valueRequired\":true,\"valueName\":\"search_term_string\"}}],\"inLanguage\":\"fr-FR\"}]}<\/script>\n<!-- \/ Yoast SEO plugin. -->","yoast_head_json":{"title":"Conseil global aux entreprises : droit et strat\u00e9gie pro","description":"Nos experts offrent un conseil global aux entreprises, combinant droit, strat\u00e9gie et fiscalit\u00e9 pour optimiser croissance, gestion et conformit\u00e9.","robots":{"index":"index","follow":"follow","max-snippet":"max-snippet:-1","max-image-preview":"max-image-preview:large","max-video-preview":"max-video-preview:-1"},"canonical":"https:\/\/grupoalcazar.net\/fr\/services\/conseil-global-aux-entreprises\/","og_locale":"fr_FR","og_type":"article","og_title":"Conseil global aux entreprises : droit et strat\u00e9gie pro","og_description":"Nos experts offrent un conseil global aux entreprises, combinant droit, strat\u00e9gie et fiscalit\u00e9 pour optimiser croissance, gestion et conformit\u00e9.","og_url":"https:\/\/grupoalcazar.net\/fr\/services\/conseil-global-aux-entreprises\/","og_site_name":"Alc\u00e1zar Abogados - Grupo Alc\u00e1zar","article_modified_time":"2026-02-18T17:20:35+00:00","og_image":[{"width":674,"height":916,"url":"https:\/\/grupoalcazar.net\/wp-content\/uploads\/2024\/06\/Asesoramiento-Integral-de-Empresas.webp","type":"image\/webp"}],"twitter_card":"summary_large_image","twitter_misc":{"Dur\u00e9e de lecture estim\u00e9e":"1 minute"},"schema":{"@context":"https:\/\/schema.org","@graph":[{"@type":"WebPage","@id":"https:\/\/grupoalcazar.net\/fr\/services\/conseil-global-aux-entreprises\/","url":"https:\/\/grupoalcazar.net\/fr\/services\/conseil-global-aux-entreprises\/","name":"Conseil global aux entreprises : droit et strat\u00e9gie pro","isPartOf":{"@id":"https:\/\/grupoalcazar.net\/fr\/#website"},"primaryImageOfPage":{"@id":"https:\/\/grupoalcazar.net\/fr\/services\/conseil-global-aux-entreprises\/#primaryimage"},"image":{"@id":"https:\/\/grupoalcazar.net\/fr\/services\/conseil-global-aux-entreprises\/#primaryimage"},"thumbnailUrl":"https:\/\/grupoalcazar.net\/wp-content\/uploads\/2024\/06\/Asesoramiento-Integral-de-Empresas.webp","datePublished":"2024-05-23T06:56:42+00:00","dateModified":"2026-02-18T17:20:35+00:00","description":"Nos experts offrent un conseil global aux entreprises, combinant droit, strat\u00e9gie et fiscalit\u00e9 pour optimiser croissance, gestion et conformit\u00e9.","breadcrumb":{"@id":"https:\/\/grupoalcazar.net\/fr\/services\/conseil-global-aux-entreprises\/#breadcrumb"},"inLanguage":"fr-FR","potentialAction":[{"@type":"ReadAction","target":["https:\/\/grupoalcazar.net\/fr\/services\/conseil-global-aux-entreprises\/"]}]},{"@type":"ImageObject","inLanguage":"fr-FR","@id":"https:\/\/grupoalcazar.net\/fr\/services\/conseil-global-aux-entreprises\/#primaryimage","url":"https:\/\/grupoalcazar.net\/wp-content\/uploads\/2024\/06\/Asesoramiento-Integral-de-Empresas.webp","contentUrl":"https:\/\/grupoalcazar.net\/wp-content\/uploads\/2024\/06\/Asesoramiento-Integral-de-Empresas.webp","width":674,"height":916},{"@type":"BreadcrumbList","@id":"https:\/\/grupoalcazar.net\/fr\/services\/conseil-global-aux-entreprises\/#breadcrumb","itemListElement":[{"@type":"ListItem","position":1,"name":"Portada","item":"https:\/\/grupoalcazar.net\/fr\/"},{"@type":"ListItem","position":2,"name":"Services","item":"https:\/\/grupoalcazar.net\/fr\/services\/"},{"@type":"ListItem","position":3,"name":"Conseil global aux entreprises"}]},{"@type":"WebSite","@id":"https:\/\/grupoalcazar.net\/fr\/#website","url":"https:\/\/grupoalcazar.net\/fr\/","name":"Alc\u00e1zar Abogados - Grupo Alc\u00e1zar","description":"","potentialAction":[{"@type":"SearchAction","target":{"@type":"EntryPoint","urlTemplate":"https:\/\/grupoalcazar.net\/fr\/?s={search_term_string}"},"query-input":{"@type":"PropertyValueSpecification","valueRequired":true,"valueName":"search_term_string"}}],"inLanguage":"fr-FR"}]}},"_links":{"self":[{"href":"https:\/\/grupoalcazar.net\/fr\/wp-json\/wp\/v2\/pages\/6965","targetHints":{"allow":["GET"]}}],"collection":[{"href":"https:\/\/grupoalcazar.net\/fr\/wp-json\/wp\/v2\/pages"}],"about":[{"href":"https:\/\/grupoalcazar.net\/fr\/wp-json\/wp\/v2\/types\/page"}],"author":[{"embeddable":true,"href":"https:\/\/grupoalcazar.net\/fr\/wp-json\/wp\/v2\/users\/1"}],"replies":[{"embeddable":true,"href":"https:\/\/grupoalcazar.net\/fr\/wp-json\/wp\/v2\/comments?post=6965"}],"version-history":[{"count":1,"href":"https:\/\/grupoalcazar.net\/fr\/wp-json\/wp\/v2\/pages\/6965\/revisions"}],"predecessor-version":[{"id":6967,"href":"https:\/\/grupoalcazar.net\/fr\/wp-json\/wp\/v2\/pages\/6965\/revisions\/6967"}],"up":[{"embeddable":true,"href":"https:\/\/grupoalcazar.net\/fr\/wp-json\/wp\/v2\/pages\/6959"}],"wp:featuredmedia":[{"embeddable":true,"href":"https:\/\/grupoalcazar.net\/fr\/wp-json\/wp\/v2\/media\/6966"}],"wp:attachment":[{"href":"https:\/\/grupoalcazar.net\/fr\/wp-json\/wp\/v2\/media?parent=6965"}],"wp:term":[{"taxonomy":"tipo-de-pagina","embeddable":true,"href":"https:\/\/grupoalcazar.net\/fr\/wp-json\/wp\/v2\/tipo-de-pagina?post=6965"}],"curies":[{"name":"wp","href":"https:\/\/api.w.org\/{rel}","templated":true}]}}