{"id":6962,"date":"2024-05-22T13:31:36","date_gmt":"2024-05-22T11:31:36","guid":{"rendered":"https:\/\/grupoalcazar.net\/services\/larbitrage\/"},"modified":"2026-02-18T18:24:47","modified_gmt":"2026-02-18T17:24:47","slug":"larbitrage","status":"publish","type":"page","link":"https:\/\/grupoalcazar.net\/fr\/services\/larbitrage\/","title":{"rendered":"L&rsquo;arbitrage"},"content":{"rendered":"\n<h3 class=\"wp-block-heading\">R\u00e9soudre vos litiges rapidement et \u00e9quitablement dans votre int\u00e9r\u00eat<\/h3>\n\n<p>Il est tr\u00e8s fr\u00e9quent qu&rsquo;en raison de la complexit\u00e9 de l&rsquo;affaire, de la n\u00e9cessit\u00e9 d&rsquo;une r\u00e9solution rapide, de l&rsquo;absence de formalit\u00e9s excessives, de la n\u00e9cessit\u00e9 d&rsquo;\u00eatre trait\u00e9 dans une autre langue, ou pour de nombreuses autres raisons, on ait recours \u00e0 une proc\u00e9dure d&rsquo;arbitrage.  <\/p>\n\n<p>La proc\u00e9dure d&rsquo;arbitrage est un m\u00e9canisme de r\u00e8glement extrajudiciaire qui offre rapidit\u00e9, souplesse et efficacit\u00e9, autant d&rsquo;atouts recherch\u00e9s par les parties pour parvenir le plus rapidement possible \u00e0 un accord avantageux.<\/p>\n\n<p>Notre sp\u00e9cialiste, M. Juan Butrague\u00f1o Rodr\u00edguez-Borlado, membre du Barreau de Madrid, a particip\u00e9 personnellement \u00e0 des proc\u00e9dures d&rsquo;arbitrage national et international, tant en tant qu&rsquo;arbitre qu&rsquo;en tant qu&rsquo;avocat d\u00e9fendant les positions des parties.<\/p>\n\n<p>Juan Butrague\u00f1o a \u00e9t\u00e9 directeur du cabinet d&rsquo;avocats Cuatrecasas et a travaill\u00e9 pour d&rsquo;autres cabinets nationaux tels que Ventura Garc\u00e9s et Asesores Legales y de Inversiones, ainsi que pour des cabinets internationaux tels que STANBROOK &amp; HOOPER.<\/p>\n","protected":false},"excerpt":{"rendered":"<p>R\u00e9soudre vos litiges rapidement et \u00e9quitablement dans votre int\u00e9r\u00eat Il est tr\u00e8s fr\u00e9quent qu&rsquo;en raison de la complexit\u00e9 de l&rsquo;affaire, de la n\u00e9cessit\u00e9 d&rsquo;une r\u00e9solution rapide, de l&rsquo;absence de formalit\u00e9s excessives, de la n\u00e9cessit\u00e9 d&rsquo;\u00eatre trait\u00e9 dans une autre langue, ou pour de nombreuses autres raisons, on ait recours \u00e0 une proc\u00e9dure d&rsquo;arbitrage. La proc\u00e9dure [&hellip;]<\/p>\n","protected":false},"author":1,"featured_media":6963,"parent":6959,"menu_order":0,"comment_status":"closed","ping_status":"closed","template":"","meta":{"footnotes":""},"tipo-de-pagina":[1091],"class_list":["post-6962","page","type-page","status-publish","has-post-thumbnail","hentry"],"yoast_head":"<!-- This site is optimized with the Yoast SEO plugin v27.3 - https:\/\/yoast.com\/product\/yoast-seo-wordpress\/ -->\n<title>Arbitrage : conseils juridiques et r\u00e9solution de conflits<\/title>\n<meta name=\"description\" content=\"Nos experts en arbitrage accompagnent entreprises et particuliers pour r\u00e9soudre conflits efficacement tout en s\u00e9curisant droits et int\u00e9r\u00eats strat\u00e9giques.\" \/>\n<meta name=\"robots\" content=\"index, follow, max-snippet:-1, max-image-preview:large, max-video-preview:-1\" \/>\n<link rel=\"canonical\" href=\"https:\/\/grupoalcazar.net\/fr\/services\/larbitrage\/\" \/>\n<meta property=\"og:locale\" content=\"fr_FR\" \/>\n<meta property=\"og:type\" content=\"article\" \/>\n<meta property=\"og:title\" content=\"Arbitrage : conseils juridiques et r\u00e9solution de conflits\" \/>\n<meta property=\"og:description\" content=\"Nos experts en arbitrage accompagnent entreprises et particuliers pour r\u00e9soudre conflits efficacement tout en s\u00e9curisant droits et int\u00e9r\u00eats strat\u00e9giques.\" \/>\n<meta property=\"og:url\" content=\"https:\/\/grupoalcazar.net\/fr\/services\/larbitrage\/\" \/>\n<meta property=\"og:site_name\" content=\"Alc\u00e1zar Abogados - Grupo Alc\u00e1zar\" \/>\n<meta property=\"article:modified_time\" content=\"2026-02-18T17:24:47+00:00\" \/>\n<meta property=\"og:image\" content=\"https:\/\/grupoalcazar.net\/wp-content\/uploads\/2024\/05\/servicios-arbitraje.webp\" \/>\n\t<meta property=\"og:image:width\" content=\"536\" \/>\n\t<meta property=\"og:image:height\" content=\"674\" \/>\n\t<meta property=\"og:image:type\" content=\"image\/webp\" \/>\n<meta name=\"twitter:card\" content=\"summary_large_image\" \/>\n<meta name=\"twitter:label1\" content=\"Dur\u00e9e de lecture estim\u00e9e\" \/>\n\t<meta name=\"twitter:data1\" content=\"1 minute\" \/>\n<script type=\"application\/ld+json\" class=\"yoast-schema-graph\">{\"@context\":\"https:\\\/\\\/schema.org\",\"@graph\":[{\"@type\":\"WebPage\",\"@id\":\"https:\\\/\\\/grupoalcazar.net\\\/fr\\\/services\\\/larbitrage\\\/\",\"url\":\"https:\\\/\\\/grupoalcazar.net\\\/fr\\\/services\\\/larbitrage\\\/\",\"name\":\"Arbitrage : conseils juridiques et r\u00e9solution de conflits\",\"isPartOf\":{\"@id\":\"https:\\\/\\\/grupoalcazar.net\\\/fr\\\/#website\"},\"primaryImageOfPage\":{\"@id\":\"https:\\\/\\\/grupoalcazar.net\\\/fr\\\/services\\\/larbitrage\\\/#primaryimage\"},\"image\":{\"@id\":\"https:\\\/\\\/grupoalcazar.net\\\/fr\\\/services\\\/larbitrage\\\/#primaryimage\"},\"thumbnailUrl\":\"https:\\\/\\\/grupoalcazar.net\\\/wp-content\\\/uploads\\\/2024\\\/05\\\/servicios-arbitraje.webp\",\"datePublished\":\"2024-05-22T11:31:36+00:00\",\"dateModified\":\"2026-02-18T17:24:47+00:00\",\"description\":\"Nos experts en arbitrage accompagnent entreprises et particuliers pour r\u00e9soudre conflits efficacement tout en s\u00e9curisant droits et int\u00e9r\u00eats strat\u00e9giques.\",\"breadcrumb\":{\"@id\":\"https:\\\/\\\/grupoalcazar.net\\\/fr\\\/services\\\/larbitrage\\\/#breadcrumb\"},\"inLanguage\":\"fr-FR\",\"potentialAction\":[{\"@type\":\"ReadAction\",\"target\":[\"https:\\\/\\\/grupoalcazar.net\\\/fr\\\/services\\\/larbitrage\\\/\"]}]},{\"@type\":\"ImageObject\",\"inLanguage\":\"fr-FR\",\"@id\":\"https:\\\/\\\/grupoalcazar.net\\\/fr\\\/services\\\/larbitrage\\\/#primaryimage\",\"url\":\"https:\\\/\\\/grupoalcazar.net\\\/wp-content\\\/uploads\\\/2024\\\/05\\\/servicios-arbitraje.webp\",\"contentUrl\":\"https:\\\/\\\/grupoalcazar.net\\\/wp-content\\\/uploads\\\/2024\\\/05\\\/servicios-arbitraje.webp\",\"width\":536,\"height\":674},{\"@type\":\"BreadcrumbList\",\"@id\":\"https:\\\/\\\/grupoalcazar.net\\\/fr\\\/services\\\/larbitrage\\\/#breadcrumb\",\"itemListElement\":[{\"@type\":\"ListItem\",\"position\":1,\"name\":\"Portada\",\"item\":\"https:\\\/\\\/grupoalcazar.net\\\/fr\\\/\"},{\"@type\":\"ListItem\",\"position\":2,\"name\":\"Services\",\"item\":\"https:\\\/\\\/grupoalcazar.net\\\/fr\\\/services\\\/\"},{\"@type\":\"ListItem\",\"position\":3,\"name\":\"L&#8217;arbitrage\"}]},{\"@type\":\"WebSite\",\"@id\":\"https:\\\/\\\/grupoalcazar.net\\\/fr\\\/#website\",\"url\":\"https:\\\/\\\/grupoalcazar.net\\\/fr\\\/\",\"name\":\"Alc\u00e1zar Abogados - Grupo Alc\u00e1zar\",\"description\":\"\",\"potentialAction\":[{\"@type\":\"SearchAction\",\"target\":{\"@type\":\"EntryPoint\",\"urlTemplate\":\"https:\\\/\\\/grupoalcazar.net\\\/fr\\\/?s={search_term_string}\"},\"query-input\":{\"@type\":\"PropertyValueSpecification\",\"valueRequired\":true,\"valueName\":\"search_term_string\"}}],\"inLanguage\":\"fr-FR\"}]}<\/script>\n<!-- \/ Yoast SEO plugin. -->","yoast_head_json":{"title":"Arbitrage : conseils juridiques et r\u00e9solution de conflits","description":"Nos experts en arbitrage accompagnent entreprises et particuliers pour r\u00e9soudre conflits efficacement tout en s\u00e9curisant droits et int\u00e9r\u00eats strat\u00e9giques.","robots":{"index":"index","follow":"follow","max-snippet":"max-snippet:-1","max-image-preview":"max-image-preview:large","max-video-preview":"max-video-preview:-1"},"canonical":"https:\/\/grupoalcazar.net\/fr\/services\/larbitrage\/","og_locale":"fr_FR","og_type":"article","og_title":"Arbitrage : conseils juridiques et r\u00e9solution de conflits","og_description":"Nos experts en arbitrage accompagnent entreprises et particuliers pour r\u00e9soudre conflits efficacement tout en s\u00e9curisant droits et int\u00e9r\u00eats strat\u00e9giques.","og_url":"https:\/\/grupoalcazar.net\/fr\/services\/larbitrage\/","og_site_name":"Alc\u00e1zar Abogados - Grupo Alc\u00e1zar","article_modified_time":"2026-02-18T17:24:47+00:00","og_image":[{"width":536,"height":674,"url":"https:\/\/grupoalcazar.net\/wp-content\/uploads\/2024\/05\/servicios-arbitraje.webp","type":"image\/webp"}],"twitter_card":"summary_large_image","twitter_misc":{"Dur\u00e9e de lecture estim\u00e9e":"1 minute"},"schema":{"@context":"https:\/\/schema.org","@graph":[{"@type":"WebPage","@id":"https:\/\/grupoalcazar.net\/fr\/services\/larbitrage\/","url":"https:\/\/grupoalcazar.net\/fr\/services\/larbitrage\/","name":"Arbitrage : conseils juridiques et r\u00e9solution de conflits","isPartOf":{"@id":"https:\/\/grupoalcazar.net\/fr\/#website"},"primaryImageOfPage":{"@id":"https:\/\/grupoalcazar.net\/fr\/services\/larbitrage\/#primaryimage"},"image":{"@id":"https:\/\/grupoalcazar.net\/fr\/services\/larbitrage\/#primaryimage"},"thumbnailUrl":"https:\/\/grupoalcazar.net\/wp-content\/uploads\/2024\/05\/servicios-arbitraje.webp","datePublished":"2024-05-22T11:31:36+00:00","dateModified":"2026-02-18T17:24:47+00:00","description":"Nos experts en arbitrage accompagnent entreprises et particuliers pour r\u00e9soudre conflits efficacement tout en s\u00e9curisant droits et int\u00e9r\u00eats strat\u00e9giques.","breadcrumb":{"@id":"https:\/\/grupoalcazar.net\/fr\/services\/larbitrage\/#breadcrumb"},"inLanguage":"fr-FR","potentialAction":[{"@type":"ReadAction","target":["https:\/\/grupoalcazar.net\/fr\/services\/larbitrage\/"]}]},{"@type":"ImageObject","inLanguage":"fr-FR","@id":"https:\/\/grupoalcazar.net\/fr\/services\/larbitrage\/#primaryimage","url":"https:\/\/grupoalcazar.net\/wp-content\/uploads\/2024\/05\/servicios-arbitraje.webp","contentUrl":"https:\/\/grupoalcazar.net\/wp-content\/uploads\/2024\/05\/servicios-arbitraje.webp","width":536,"height":674},{"@type":"BreadcrumbList","@id":"https:\/\/grupoalcazar.net\/fr\/services\/larbitrage\/#breadcrumb","itemListElement":[{"@type":"ListItem","position":1,"name":"Portada","item":"https:\/\/grupoalcazar.net\/fr\/"},{"@type":"ListItem","position":2,"name":"Services","item":"https:\/\/grupoalcazar.net\/fr\/services\/"},{"@type":"ListItem","position":3,"name":"L&#8217;arbitrage"}]},{"@type":"WebSite","@id":"https:\/\/grupoalcazar.net\/fr\/#website","url":"https:\/\/grupoalcazar.net\/fr\/","name":"Alc\u00e1zar Abogados - Grupo Alc\u00e1zar","description":"","potentialAction":[{"@type":"SearchAction","target":{"@type":"EntryPoint","urlTemplate":"https:\/\/grupoalcazar.net\/fr\/?s={search_term_string}"},"query-input":{"@type":"PropertyValueSpecification","valueRequired":true,"valueName":"search_term_string"}}],"inLanguage":"fr-FR"}]}},"_links":{"self":[{"href":"https:\/\/grupoalcazar.net\/fr\/wp-json\/wp\/v2\/pages\/6962","targetHints":{"allow":["GET"]}}],"collection":[{"href":"https:\/\/grupoalcazar.net\/fr\/wp-json\/wp\/v2\/pages"}],"about":[{"href":"https:\/\/grupoalcazar.net\/fr\/wp-json\/wp\/v2\/types\/page"}],"author":[{"embeddable":true,"href":"https:\/\/grupoalcazar.net\/fr\/wp-json\/wp\/v2\/users\/1"}],"replies":[{"embeddable":true,"href":"https:\/\/grupoalcazar.net\/fr\/wp-json\/wp\/v2\/comments?post=6962"}],"version-history":[{"count":1,"href":"https:\/\/grupoalcazar.net\/fr\/wp-json\/wp\/v2\/pages\/6962\/revisions"}],"predecessor-version":[{"id":6964,"href":"https:\/\/grupoalcazar.net\/fr\/wp-json\/wp\/v2\/pages\/6962\/revisions\/6964"}],"up":[{"embeddable":true,"href":"https:\/\/grupoalcazar.net\/fr\/wp-json\/wp\/v2\/pages\/6959"}],"wp:featuredmedia":[{"embeddable":true,"href":"https:\/\/grupoalcazar.net\/fr\/wp-json\/wp\/v2\/media\/6963"}],"wp:attachment":[{"href":"https:\/\/grupoalcazar.net\/fr\/wp-json\/wp\/v2\/media?parent=6962"}],"wp:term":[{"taxonomy":"tipo-de-pagina","embeddable":true,"href":"https:\/\/grupoalcazar.net\/fr\/wp-json\/wp\/v2\/tipo-de-pagina?post=6962"}],"curies":[{"name":"wp","href":"https:\/\/api.w.org\/{rel}","templated":true}]}}