{"id":6956,"date":"2024-05-21T07:16:22","date_gmt":"2024-05-21T05:16:22","guid":{"rendered":"https:\/\/grupoalcazar.net\/contact\/"},"modified":"2026-02-18T18:00:59","modified_gmt":"2026-02-18T17:00:59","slug":"contact","status":"publish","type":"page","link":"https:\/\/grupoalcazar.net\/fr\/contact\/","title":{"rendered":"Contact"},"content":{"rendered":"\t\t<div data-elementor-type=\"wp-page\" data-elementor-id=\"6956\" class=\"elementor elementor-6956 elementor-21\" data-elementor-post-type=\"page\">\n\t\t\t\t<div class=\"elementor-element elementor-element-0d9f999 e-flex e-con-boxed e-con e-parent\" data-id=\"0d9f999\" data-element_type=\"container\" data-e-type=\"container\" data-settings=\"{&quot;background_background&quot;:&quot;classic&quot;,&quot;jet_parallax_layout_list&quot;:[]}\">\n\t\t\t\t\t<div class=\"e-con-inner\">\n\t\t\t\t<div class=\"elementor-element elementor-element-9fde944 elementor-invisible elementor-widget elementor-widget-heading\" data-id=\"9fde944\" data-element_type=\"widget\" data-e-type=\"widget\" data-settings=\"{&quot;_animation&quot;:&quot;fadeInUp&quot;}\" data-widget_type=\"heading.default\">\n\t\t\t\t\t<h1 class=\"elementor-heading-title elementor-size-default\">Contact<\/h1>\t\t\t\t<\/div>\n\t\t\t\t\t<\/div>\n\t\t\t\t<\/div>\n\t\t<div class=\"elementor-element elementor-element-cebe7d6 e-flex e-con-boxed e-con e-parent\" data-id=\"cebe7d6\" data-element_type=\"container\" data-e-type=\"container\" data-settings=\"{&quot;jet_parallax_layout_list&quot;:[]}\">\n\t\t\t\t\t<div class=\"e-con-inner\">\n\t\t<div class=\"elementor-element elementor-element-8b0afb8 e-con-full e-flex e-con e-child\" data-id=\"8b0afb8\" data-element_type=\"container\" data-e-type=\"container\" data-settings=\"{&quot;jet_parallax_layout_list&quot;:[]}\">\n\t\t\t\t<div class=\"elementor-element elementor-element-aaf4d6c elementor-widget elementor-widget-text-editor\" data-id=\"aaf4d6c\" data-element_type=\"widget\" data-e-type=\"widget\" data-widget_type=\"text-editor.default\">\n\t\t\t\t\t\t\t\t\t<p><strong>M\u00c1LAGA<\/strong><br \/>Paseo del cerrado del Calder\u00f3n, 4. 1\u00ba G<br \/>29018 M\u00e1laga<br \/>952 005 524 <\/p>\n<p><strong>GRANADA<br \/><\/strong>Reyes Cat\u00f3licos, 13, 1\u00ba B<br \/>18001 Granada<br \/>958 216 857<\/p>\n<p><strong>MADRID<br \/><\/strong>Alcal\u00e1, 58 Izquierda<br \/>28041 Madrid<br \/>952 005 524<\/p>\n<div class=\"elementor-element elementor-element-6721f23 elementor-widget elementor-widget-text-editor\" data-id=\"6721f23\" data-element_type=\"widget\" data-widget_type=\"text-editor.default\">\n<div class=\"elementor-widget-container\">\n<p><strong>ZARAGOZA<br \/><\/strong>Joaqu\u00edn Costa, 3<br \/>Ppal D. 50001 Zaragoza<br \/>976 116 111<strong><br \/><\/strong><\/p>\n<\/div>\n<\/div>\n\t\t\t\t\t\t\t\t<\/div>\n\t\t\t\t<\/div>\n\t\t<div class=\"elementor-element elementor-element-2ace181 e-con-full e-flex e-con e-child\" data-id=\"2ace181\" data-element_type=\"container\" data-e-type=\"container\" data-settings=\"{&quot;jet_parallax_layout_list&quot;:[]}\">\n\t\t\t\t<div class=\"elementor-element elementor-element-aa6dd08 elementor-widget elementor-widget-heading\" data-id=\"aa6dd08\" data-element_type=\"widget\" data-e-type=\"widget\" data-widget_type=\"heading.default\">\n\t\t\t\t\t<h2 class=\"elementor-heading-title elementor-size-default\">Contact<\/h2>\t\t\t\t<\/div>\n\t\t\t\t<div class=\"elementor-element elementor-element-45a16fa elementor-button-align-stretch elementor-widget elementor-widget-global elementor-global-7023 elementor-global-256 elementor-widget-form\" data-id=\"45a16fa\" data-element_type=\"widget\" data-e-type=\"widget\" data-settings=\"{&quot;button_width&quot;:&quot;30&quot;,&quot;step_next_label&quot;:&quot;Suivant&quot;,&quot;step_previous_label&quot;:&quot;Pr\\u00e9c\\u00e9dent&quot;,&quot;step_type&quot;:&quot;number_text&quot;,&quot;step_icon_shape&quot;:&quot;circle&quot;}\" data-widget_type=\"form.default\">\n\t\t\t\t\t\t\t<form class=\"elementor-form\" method=\"post\" name=\"Contact\" aria-label=\"Contact\">\n\t\t\t<input type=\"hidden\" name=\"post_id\" value=\"6956\"\/>\n\t\t\t<input type=\"hidden\" name=\"form_id\" value=\"45a16fa\"\/>\n\t\t\t<input type=\"hidden\" name=\"referer_title\" value=\"Alc\u00e1zar Abogados &#8211; Grupo Alc\u00e1zar\" \/>\n\n\t\t\t\n\t\t\t<div class=\"elementor-form-fields-wrapper elementor-labels-\">\n\t\t\t\t\t\t\t\t<div class=\"elementor-field-type-text elementor-field-group elementor-column elementor-field-group-nombre elementor-col-100 elementor-field-required\">\n\t\t\t\t\t\t\t\t\t\t\t\t<label for=\"form-field-nombre\" class=\"elementor-field-label elementor-screen-only\">\n\t\t\t\t\t\t\t\tNom\t\t\t\t\t\t\t<\/label>\n\t\t\t\t\t\t\t\t\t\t\t\t\t\t<input size=\"1\" type=\"text\" name=\"form_fields[nombre]\" id=\"form-field-nombre\" class=\"elementor-field elementor-size-sm  elementor-field-textual\" placeholder=\"Nom\" required=\"required\">\n\t\t\t\t\t\t\t\t\t\t\t<\/div>\n\t\t\t\t\t\t\t\t<div class=\"elementor-field-type-email elementor-field-group elementor-column elementor-field-group-email elementor-col-50 elementor-field-required\">\n\t\t\t\t\t\t\t\t\t\t\t\t<label for=\"form-field-email\" class=\"elementor-field-label elementor-screen-only\">\n\t\t\t\t\t\t\t\tAdresse \u00e9lectronique\t\t\t\t\t\t\t<\/label>\n\t\t\t\t\t\t\t\t\t\t\t\t\t\t<input size=\"1\" type=\"email\" name=\"form_fields[email]\" id=\"form-field-email\" class=\"elementor-field elementor-size-sm  elementor-field-textual\" placeholder=\"Adresse \u00e9lectronique\" required=\"required\">\n\t\t\t\t\t\t\t\t\t\t\t<\/div>\n\t\t\t\t\t\t\t\t<div class=\"elementor-field-type-tel elementor-field-group elementor-column elementor-field-group-telefono elementor-col-50\">\n\t\t\t\t\t\t\t\t\t\t\t\t<label for=\"form-field-telefono\" class=\"elementor-field-label elementor-screen-only\">\n\t\t\t\t\t\t\t\tT\u00e9l\u00e9phone\t\t\t\t\t\t\t<\/label>\n\t\t\t\t\t\t\t\t<input size=\"1\" type=\"tel\" name=\"form_fields[telefono]\" id=\"form-field-telefono\" class=\"elementor-field elementor-size-sm  elementor-field-textual\" placeholder=\"T\u00e9l\u00e9phone\" pattern=\"[0-9()#&amp;+*-=.]+\" title=\"Seuls les caract\u00e8res de num\u00e9ros de t\u00e9l\u00e9phone (#, -, *, etc.) sont accept\u00e9s.\">\n\n\t\t\t\t\t\t<\/div>\n\t\t\t\t\t\t\t\t<div class=\"elementor-field-type-text elementor-field-group elementor-column elementor-field-group-asunto elementor-col-100\">\n\t\t\t\t\t\t\t\t\t\t\t\t<label for=\"form-field-asunto\" class=\"elementor-field-label elementor-screen-only\">\n\t\t\t\t\t\t\t\tSujet\t\t\t\t\t\t\t<\/label>\n\t\t\t\t\t\t\t\t\t\t\t\t\t\t<input size=\"1\" type=\"text\" name=\"form_fields[asunto]\" id=\"form-field-asunto\" class=\"elementor-field elementor-size-sm  elementor-field-textual\" placeholder=\"Sujet\">\n\t\t\t\t\t\t\t\t\t\t\t<\/div>\n\t\t\t\t\t\t\t\t<div class=\"elementor-field-type-textarea elementor-field-group elementor-column elementor-field-group-mensaje elementor-col-100 elementor-field-required\">\n\t\t\t\t\t\t\t\t\t\t\t\t<label for=\"form-field-mensaje\" class=\"elementor-field-label elementor-screen-only\">\n\t\t\t\t\t\t\t\tMessage\t\t\t\t\t\t\t<\/label>\n\t\t\t\t\t\t<textarea class=\"elementor-field-textual elementor-field  elementor-size-sm\" name=\"form_fields[mensaje]\" id=\"form-field-mensaje\" rows=\"4\" placeholder=\"Message\" required=\"required\"><\/textarea>\t\t\t\t<\/div>\n\t\t\t\t\t\t\t\t<div class=\"elementor-field-type-acceptance elementor-field-group elementor-column elementor-field-group-privacidad elementor-col-100 elementor-field-required\">\n\t\t\t\t\t\t\t\t\t\t\t\t<label for=\"form-field-privacidad\" class=\"elementor-field-label elementor-screen-only\">\n\t\t\t\t\t\t\t\tVie priv\u00e9e\t\t\t\t\t\t\t<\/label>\n\t\t\t\t\t\t\t\t<div class=\"elementor-field-subgroup\">\n\t\t\t<span class=\"elementor-field-option\">\n\t\t\t\t<input type=\"checkbox\" name=\"form_fields[privacidad]\" id=\"form-field-privacidad\" class=\"elementor-field elementor-size-sm  elementor-acceptance-field\" required=\"required\">\n\t\t\t\t<label for=\"form-field-privacidad\">J'ai lu et j'accepte la <a href=\"https:\/\/grupoalcazar.net\/politica-de-privacidad\/\" target=\"_blank\">politique de confidentialit\u00e9<\/a><\/label>\t\t\t<\/span>\n\t\t<\/div>\n\t\t\t\t\t\t<\/div>\n\t\t\t\t\t\t\t\t<div class=\"elementor-field-type-recaptcha_v3 elementor-field-group elementor-column elementor-field-group-field_1451201 elementor-col-100 recaptcha_v3-inline\">\n\t\t\t\t\t<div class=\"elementor-field\" id=\"form-field-field_1451201\"><div class=\"elementor-g-recaptcha\" data-sitekey=\"6Lc-LxAqAAAAAFxkjBz107pAUNpi8ERITSbcBOv-\" data-type=\"v3\" data-action=\"Form\" data-badge=\"inline\" data-size=\"invisible\"><\/div><\/div>\t\t\t\t<\/div>\n\t\t\t\t\t\t\t\t<div class=\"elementor-field-group elementor-column elementor-field-type-submit elementor-col-30 e-form__buttons\">\n\t\t\t\t\t<button class=\"elementor-button elementor-size-sm\" type=\"submit\">\n\t\t\t\t\t\t<span class=\"elementor-button-content-wrapper\">\n\t\t\t\t\t\t\t\t\t\t\t\t\t\t\t\t\t\t\t\t\t\t<span class=\"elementor-button-text\">Envoyer<\/span>\n\t\t\t\t\t\t\t\t\t\t\t\t\t<\/span>\n\t\t\t\t\t<\/button>\n\t\t\t\t<\/div>\n\t\t\t<\/div>\n\t\t<\/form>\n\t\t\t\t\t\t<\/div>\n\t\t\t\t<div class=\"elementor-element elementor-element-175a10d elementor-widget elementor-widget-toggle\" data-id=\"175a10d\" data-element_type=\"widget\" data-e-type=\"widget\" data-widget_type=\"toggle.default\">\n\t\t\t\t\t\t\t<div class=\"elementor-toggle\">\n\t\t\t\t\t\t\t<div class=\"elementor-toggle-item\">\n\t\t\t\t\t<div id=\"elementor-tab-title-2441\" class=\"elementor-tab-title\" data-tab=\"1\" role=\"button\" aria-controls=\"elementor-tab-content-2441\" aria-expanded=\"false\">\n\t\t\t\t\t\t\t\t\t\t\t\t<span class=\"elementor-toggle-icon elementor-toggle-icon-left\" aria-hidden=\"true\">\n\t\t\t\t\t\t\t\t\t\t\t\t\t\t\t<span class=\"elementor-toggle-icon-closed\"><svg class=\"e-font-icon-svg e-fas-caret-right\" viewBox=\"0 0 192 512\" xmlns=\"http:\/\/www.w3.org\/2000\/svg\"><path d=\"M0 384.662V127.338c0-17.818 21.543-26.741 34.142-14.142l128.662 128.662c7.81 7.81 7.81 20.474 0 28.284L34.142 398.804C21.543 411.404 0 402.48 0 384.662z\"><\/path><\/svg><\/span>\n\t\t\t\t\t\t\t\t<span class=\"elementor-toggle-icon-opened\"><svg class=\"elementor-toggle-icon-opened e-font-icon-svg e-fas-caret-up\" viewBox=\"0 0 320 512\" xmlns=\"http:\/\/www.w3.org\/2000\/svg\"><path d=\"M288.662 352H31.338c-17.818 0-26.741-21.543-14.142-34.142l128.662-128.662c7.81-7.81 20.474-7.81 28.284 0l128.662 128.662c12.6 12.599 3.676 34.142-14.142 34.142z\"><\/path><\/svg><\/span>\n\t\t\t\t\t\t\t\t\t\t\t\t\t<\/span>\n\t\t\t\t\t\t\t\t\t\t\t\t<a class=\"elementor-toggle-title\" tabindex=\"0\">Informations de base sur la protection des donn\u00e9es<\/a>\n\t\t\t\t\t<\/div>\n\n\t\t\t\t\t<div id=\"elementor-tab-content-2441\" class=\"elementor-tab-content elementor-clearfix\" data-tab=\"1\" role=\"region\" aria-labelledby=\"elementor-tab-title-2441\"><p>R<strong>esponsable<\/strong>: ALC\u00c1ZAR ABOGADOS Y CONSULTORES, S.L.U.<strong>Finalit\u00e9<\/strong>: g\u00e9rer les demandes formul\u00e9es dans le formulaire de contact<strong>L\u00e9gitimation<\/strong>: int\u00e9r\u00eat<strong>l\u00e9gitime<\/strong> du responsable et consentement de l&rsquo;int\u00e9ress\u00e9.<strong>Destinataires<\/strong>: les donn\u00e9es seront c\u00e9d\u00e9es en raison d&rsquo;une obligation l\u00e9gale, d&rsquo;une autorisation expresse de l&rsquo;int\u00e9ress\u00e9 ou pour la prestation d&rsquo;un service tel qu&rsquo;expliqu\u00e9 dans les informations compl\u00e9mentaires. <br \/><strong>Droits<\/strong>: Acc\u00e8s, rectification et suppression des donn\u00e9es, ainsi que d&rsquo;autres droits, comme expliqu\u00e9 dans les informations compl\u00e9mentaires.<\/p>\n<p>Vous pouvez consulter les informations compl\u00e9mentaires et d\u00e9taill\u00e9es sur la protection des donn\u00e9es dans notre politique de confidentialit\u00e9 en cliquant sur le <a href=\"https:\/\/grupoalcazar.net\/politica-de-privacidad\/\">lien<\/a> suivant.<\/p>\n<\/div>\n\t\t\t\t<\/div>\n\t\t\t\t\t\t\t\t<\/div>\n\t\t\t\t\t\t<\/div>\n\t\t\t\t<\/div>\n\t\t\t\t\t<\/div>\n\t\t\t\t<\/div>\n\t\t<div class=\"elementor-element elementor-element-eb17383 e-flex e-con-boxed e-con e-parent\" data-id=\"eb17383\" data-element_type=\"container\" data-e-type=\"container\" data-settings=\"{&quot;background_background&quot;:&quot;classic&quot;,&quot;jet_parallax_layout_list&quot;:[]}\">\n\t\t\t\t\t<div class=\"e-con-inner\">\n\t\t\t\t<div class=\"elementor-element elementor-element-33783f4 elementor-widget elementor-widget-heading\" data-id=\"33783f4\" data-element_type=\"widget\" data-e-type=\"widget\" data-widget_type=\"heading.default\">\n\t\t\t\t\t<span class=\"elementor-heading-title elementor-size-default\">Vous souhaitez travailler chez Alc\u00e1zar Abogados ?<\/span>\t\t\t\t<\/div>\n\t\t\t\t<div class=\"elementor-element elementor-element-1e1e30e elementor-widget__width-initial elementor-widget elementor-widget-text-editor\" data-id=\"1e1e30e\" data-element_type=\"widget\" data-e-type=\"widget\" id=\"trabaja-con-nosotros\" data-widget_type=\"text-editor.default\">\n\t\t\t\t\t\t\t\t\t<p>Si vous souhaitez faire partie de l&rsquo;\u00e9quipe de professionnels d&rsquo;ALC\u00c1ZAR, nous vous invitons \u00e0 consulter cette section. Nous vous informerons r\u00e9guli\u00e8rement des diff\u00e9rentes offres d&#8217;emploi qui se pr\u00e9sentent dans les diff\u00e9rents domaines et bureaux.<\/p>\n<p>Suivez nos offres d&#8217;emploi et envoyez-nous votre CV \u00e0 l&rsquo;adresse suivante : <a href=\"mailto:rrhh@grupoalcazar.net\">rrhh@grupoalcazar.net<\/a><\/p>\n\t\t\t\t\t\t\t\t<\/div>\n\t\t\t\t\t<\/div>\n\t\t\t\t<\/div>\n\t\t<div class=\"elementor-element elementor-element-86e3b95 e-flex e-con-boxed e-con e-parent\" data-id=\"86e3b95\" data-element_type=\"container\" data-e-type=\"container\" data-settings=\"{&quot;jet_parallax_layout_list&quot;:[]}\">\n\t\t\t\t\t<div class=\"e-con-inner\">\n\t\t\t\t<div class=\"elementor-element elementor-element-256 elementor-button-align-stretch elementor-widget elementor-widget-global elementor-global-7023 elementor-global-256 elementor-widget-form\" data-id=\"256\" data-element_type=\"widget\" data-e-type=\"widget\" data-settings=\"{&quot;button_width&quot;:&quot;30&quot;,&quot;step_next_label&quot;:&quot;Suivant&quot;,&quot;step_previous_label&quot;:&quot;Pr\\u00e9c\\u00e9dent&quot;,&quot;step_type&quot;:&quot;number_text&quot;,&quot;step_icon_shape&quot;:&quot;circle&quot;}\" data-widget_type=\"form.default\">\n\t\t\t\t\t\t\t<form class=\"elementor-form\" method=\"post\" name=\"Contact\" aria-label=\"Contact\">\n\t\t\t<input type=\"hidden\" name=\"post_id\" value=\"6956\"\/>\n\t\t\t<input type=\"hidden\" name=\"form_id\" value=\"256\"\/>\n\t\t\t<input type=\"hidden\" name=\"referer_title\" value=\"Alc\u00e1zar Abogados &#8211; Grupo Alc\u00e1zar\" \/>\n\n\t\t\t\n\t\t\t<div class=\"elementor-form-fields-wrapper elementor-labels-\">\n\t\t\t\t\t\t\t\t<div class=\"elementor-field-type-text elementor-field-group elementor-column elementor-field-group-nombre elementor-col-100 elementor-field-required\">\n\t\t\t\t\t\t\t\t\t\t\t\t<label for=\"form-field-nombre\" class=\"elementor-field-label elementor-screen-only\">\n\t\t\t\t\t\t\t\tNom\t\t\t\t\t\t\t<\/label>\n\t\t\t\t\t\t\t\t\t\t\t\t\t\t<input size=\"1\" type=\"text\" name=\"form_fields[nombre]\" id=\"form-field-nombre\" class=\"elementor-field elementor-size-sm  elementor-field-textual\" placeholder=\"Nom\" required=\"required\">\n\t\t\t\t\t\t\t\t\t\t\t<\/div>\n\t\t\t\t\t\t\t\t<div class=\"elementor-field-type-email elementor-field-group elementor-column elementor-field-group-email elementor-col-50 elementor-field-required\">\n\t\t\t\t\t\t\t\t\t\t\t\t<label for=\"form-field-email\" class=\"elementor-field-label elementor-screen-only\">\n\t\t\t\t\t\t\t\tAdresse \u00e9lectronique\t\t\t\t\t\t\t<\/label>\n\t\t\t\t\t\t\t\t\t\t\t\t\t\t<input size=\"1\" type=\"email\" name=\"form_fields[email]\" id=\"form-field-email\" class=\"elementor-field elementor-size-sm  elementor-field-textual\" placeholder=\"Adresse \u00e9lectronique\" required=\"required\">\n\t\t\t\t\t\t\t\t\t\t\t<\/div>\n\t\t\t\t\t\t\t\t<div class=\"elementor-field-type-tel elementor-field-group elementor-column elementor-field-group-telefono elementor-col-50\">\n\t\t\t\t\t\t\t\t\t\t\t\t<label for=\"form-field-telefono\" class=\"elementor-field-label elementor-screen-only\">\n\t\t\t\t\t\t\t\tT\u00e9l\u00e9phone\t\t\t\t\t\t\t<\/label>\n\t\t\t\t\t\t\t\t<input size=\"1\" type=\"tel\" name=\"form_fields[telefono]\" id=\"form-field-telefono\" class=\"elementor-field elementor-size-sm  elementor-field-textual\" placeholder=\"T\u00e9l\u00e9phone\" pattern=\"[0-9()#&amp;+*-=.]+\" title=\"Seuls les caract\u00e8res de num\u00e9ros de t\u00e9l\u00e9phone (#, -, *, etc.) sont accept\u00e9s.\">\n\n\t\t\t\t\t\t<\/div>\n\t\t\t\t\t\t\t\t<div class=\"elementor-field-type-text elementor-field-group elementor-column elementor-field-group-asunto elementor-col-100\">\n\t\t\t\t\t\t\t\t\t\t\t\t<label for=\"form-field-asunto\" class=\"elementor-field-label elementor-screen-only\">\n\t\t\t\t\t\t\t\tSujet\t\t\t\t\t\t\t<\/label>\n\t\t\t\t\t\t\t\t\t\t\t\t\t\t<input size=\"1\" type=\"text\" name=\"form_fields[asunto]\" id=\"form-field-asunto\" class=\"elementor-field elementor-size-sm  elementor-field-textual\" placeholder=\"Sujet\">\n\t\t\t\t\t\t\t\t\t\t\t<\/div>\n\t\t\t\t\t\t\t\t<div class=\"elementor-field-type-textarea elementor-field-group elementor-column elementor-field-group-mensaje elementor-col-100 elementor-field-required\">\n\t\t\t\t\t\t\t\t\t\t\t\t<label for=\"form-field-mensaje\" class=\"elementor-field-label elementor-screen-only\">\n\t\t\t\t\t\t\t\tMessage\t\t\t\t\t\t\t<\/label>\n\t\t\t\t\t\t<textarea class=\"elementor-field-textual elementor-field  elementor-size-sm\" name=\"form_fields[mensaje]\" id=\"form-field-mensaje\" rows=\"4\" placeholder=\"Message\" required=\"required\"><\/textarea>\t\t\t\t<\/div>\n\t\t\t\t\t\t\t\t<div class=\"elementor-field-type-acceptance elementor-field-group elementor-column elementor-field-group-privacidad elementor-col-100 elementor-field-required\">\n\t\t\t\t\t\t\t\t\t\t\t\t<label for=\"form-field-privacidad\" class=\"elementor-field-label elementor-screen-only\">\n\t\t\t\t\t\t\t\tVie priv\u00e9e\t\t\t\t\t\t\t<\/label>\n\t\t\t\t\t\t\t\t<div class=\"elementor-field-subgroup\">\n\t\t\t<span class=\"elementor-field-option\">\n\t\t\t\t<input type=\"checkbox\" name=\"form_fields[privacidad]\" id=\"form-field-privacidad\" class=\"elementor-field elementor-size-sm  elementor-acceptance-field\" required=\"required\">\n\t\t\t\t<label for=\"form-field-privacidad\">J'ai lu et j'accepte la <a href=\"https:\/\/grupoalcazar.net\/politica-de-privacidad\/\" target=\"_blank\">politique de confidentialit\u00e9<\/a><\/label>\t\t\t<\/span>\n\t\t<\/div>\n\t\t\t\t\t\t<\/div>\n\t\t\t\t\t\t\t\t<div class=\"elementor-field-type-recaptcha_v3 elementor-field-group elementor-column elementor-field-group-field_1451201 elementor-col-100 recaptcha_v3-inline\">\n\t\t\t\t\t<div class=\"elementor-field\" id=\"form-field-field_1451201\"><div class=\"elementor-g-recaptcha\" data-sitekey=\"6Lc-LxAqAAAAAFxkjBz107pAUNpi8ERITSbcBOv-\" data-type=\"v3\" data-action=\"Form\" data-badge=\"inline\" data-size=\"invisible\"><\/div><\/div>\t\t\t\t<\/div>\n\t\t\t\t\t\t\t\t<div class=\"elementor-field-group elementor-column elementor-field-type-submit elementor-col-30 e-form__buttons\">\n\t\t\t\t\t<button class=\"elementor-button elementor-size-sm\" type=\"submit\">\n\t\t\t\t\t\t<span class=\"elementor-button-content-wrapper\">\n\t\t\t\t\t\t\t\t\t\t\t\t\t\t\t\t\t\t\t\t\t\t<span class=\"elementor-button-text\">Envoyer<\/span>\n\t\t\t\t\t\t\t\t\t\t\t\t\t<\/span>\n\t\t\t\t\t<\/button>\n\t\t\t\t<\/div>\n\t\t\t<\/div>\n\t\t<\/form>\n\t\t\t\t\t\t<\/div>\n\t\t\t\t\t<\/div>\n\t\t\t\t<\/div>\n\t\t\t\t<\/div>\n\t\t","protected":false},"excerpt":{"rendered":"<p>Contact M\u00c1LAGAPaseo del cerrado del Calder\u00f3n, 4. 1\u00ba G29018 M\u00e1laga952 005 524 GRANADAReyes Cat\u00f3licos, 13, 1\u00ba B18001 Granada958 216 857 MADRIDAlcal\u00e1, 58 Izquierda28041 Madrid952 005 524 ZARAGOZAJoaqu\u00edn Costa, 3Ppal D. 50001 Zaragoza976 116 111 Contact Informations de base sur la protection des donn\u00e9es Responsable: ALC\u00c1ZAR ABOGADOS Y CONSULTORES, S.L.U.Finalit\u00e9: g\u00e9rer les demandes formul\u00e9es dans le [&hellip;]<\/p>\n","protected":false},"author":1,"featured_media":0,"parent":0,"menu_order":0,"comment_status":"closed","ping_status":"closed","template":"","meta":{"footnotes":""},"tipo-de-pagina":[],"class_list":["post-6956","page","type-page","status-publish","hentry"],"yoast_head":"<!-- This site is optimized with the Yoast SEO plugin v27.3 - https:\/\/yoast.com\/product\/yoast-seo-wordpress\/ -->\n<title>Contactez\u2011nous chez Alc\u00e1zar Avocats et Conseils<\/title>\n<meta name=\"description\" content=\"Contactez notre \u00e9quipe pour toute question juridique, rendez\u2011vous ou demande d\u2019assistance, et recevez une r\u00e9ponse rapide et personnalis\u00e9e.\" \/>\n<meta name=\"robots\" content=\"index, follow, max-snippet:-1, max-image-preview:large, max-video-preview:-1\" \/>\n<link rel=\"canonical\" href=\"https:\/\/grupoalcazar.net\/fr\/contact\/\" \/>\n<meta property=\"og:locale\" content=\"fr_FR\" \/>\n<meta property=\"og:type\" content=\"article\" \/>\n<meta property=\"og:title\" content=\"Contactez\u2011nous chez Alc\u00e1zar Avocats et Conseils\" \/>\n<meta property=\"og:description\" content=\"Contactez notre \u00e9quipe pour toute question juridique, rendez\u2011vous ou demande d\u2019assistance, et recevez une r\u00e9ponse rapide et personnalis\u00e9e.\" \/>\n<meta property=\"og:url\" content=\"https:\/\/grupoalcazar.net\/fr\/contact\/\" \/>\n<meta property=\"og:site_name\" content=\"Alc\u00e1zar Abogados - Grupo Alc\u00e1zar\" \/>\n<meta property=\"article:modified_time\" content=\"2026-02-18T17:00:59+00:00\" \/>\n<meta name=\"twitter:card\" content=\"summary_large_image\" \/>\n<meta name=\"twitter:label1\" content=\"Dur\u00e9e de lecture estim\u00e9e\" \/>\n\t<meta name=\"twitter:data1\" content=\"1 minute\" \/>\n<script type=\"application\/ld+json\" class=\"yoast-schema-graph\">{\"@context\":\"https:\\\/\\\/schema.org\",\"@graph\":[{\"@type\":\"WebPage\",\"@id\":\"https:\\\/\\\/grupoalcazar.net\\\/fr\\\/contact\\\/\",\"url\":\"https:\\\/\\\/grupoalcazar.net\\\/fr\\\/contact\\\/\",\"name\":\"Contactez\u2011nous chez Alc\u00e1zar Avocats et Conseils\",\"isPartOf\":{\"@id\":\"https:\\\/\\\/grupoalcazar.net\\\/fr\\\/#website\"},\"datePublished\":\"2024-05-21T05:16:22+00:00\",\"dateModified\":\"2026-02-18T17:00:59+00:00\",\"description\":\"Contactez notre \u00e9quipe pour toute question juridique, rendez\u2011vous ou demande d\u2019assistance, et recevez une r\u00e9ponse rapide et personnalis\u00e9e.\",\"breadcrumb\":{\"@id\":\"https:\\\/\\\/grupoalcazar.net\\\/fr\\\/contact\\\/#breadcrumb\"},\"inLanguage\":\"fr-FR\",\"potentialAction\":[{\"@type\":\"ReadAction\",\"target\":[\"https:\\\/\\\/grupoalcazar.net\\\/fr\\\/contact\\\/\"]}]},{\"@type\":\"BreadcrumbList\",\"@id\":\"https:\\\/\\\/grupoalcazar.net\\\/fr\\\/contact\\\/#breadcrumb\",\"itemListElement\":[{\"@type\":\"ListItem\",\"position\":1,\"name\":\"Portada\",\"item\":\"https:\\\/\\\/grupoalcazar.net\\\/fr\\\/\"},{\"@type\":\"ListItem\",\"position\":2,\"name\":\"Contact\"}]},{\"@type\":\"WebSite\",\"@id\":\"https:\\\/\\\/grupoalcazar.net\\\/fr\\\/#website\",\"url\":\"https:\\\/\\\/grupoalcazar.net\\\/fr\\\/\",\"name\":\"Alc\u00e1zar Abogados - Grupo Alc\u00e1zar\",\"description\":\"\",\"potentialAction\":[{\"@type\":\"SearchAction\",\"target\":{\"@type\":\"EntryPoint\",\"urlTemplate\":\"https:\\\/\\\/grupoalcazar.net\\\/fr\\\/?s={search_term_string}\"},\"query-input\":{\"@type\":\"PropertyValueSpecification\",\"valueRequired\":true,\"valueName\":\"search_term_string\"}}],\"inLanguage\":\"fr-FR\"}]}<\/script>\n<!-- \/ Yoast SEO plugin. -->","yoast_head_json":{"title":"Contactez\u2011nous chez Alc\u00e1zar Avocats et Conseils","description":"Contactez notre \u00e9quipe pour toute question juridique, rendez\u2011vous ou demande d\u2019assistance, et recevez une r\u00e9ponse rapide et personnalis\u00e9e.","robots":{"index":"index","follow":"follow","max-snippet":"max-snippet:-1","max-image-preview":"max-image-preview:large","max-video-preview":"max-video-preview:-1"},"canonical":"https:\/\/grupoalcazar.net\/fr\/contact\/","og_locale":"fr_FR","og_type":"article","og_title":"Contactez\u2011nous chez Alc\u00e1zar Avocats et Conseils","og_description":"Contactez notre \u00e9quipe pour toute question juridique, rendez\u2011vous ou demande d\u2019assistance, et recevez une r\u00e9ponse rapide et personnalis\u00e9e.","og_url":"https:\/\/grupoalcazar.net\/fr\/contact\/","og_site_name":"Alc\u00e1zar Abogados - Grupo Alc\u00e1zar","article_modified_time":"2026-02-18T17:00:59+00:00","twitter_card":"summary_large_image","twitter_misc":{"Dur\u00e9e de lecture estim\u00e9e":"1 minute"},"schema":{"@context":"https:\/\/schema.org","@graph":[{"@type":"WebPage","@id":"https:\/\/grupoalcazar.net\/fr\/contact\/","url":"https:\/\/grupoalcazar.net\/fr\/contact\/","name":"Contactez\u2011nous chez Alc\u00e1zar Avocats et Conseils","isPartOf":{"@id":"https:\/\/grupoalcazar.net\/fr\/#website"},"datePublished":"2024-05-21T05:16:22+00:00","dateModified":"2026-02-18T17:00:59+00:00","description":"Contactez notre \u00e9quipe pour toute question juridique, rendez\u2011vous ou demande d\u2019assistance, et recevez une r\u00e9ponse rapide et personnalis\u00e9e.","breadcrumb":{"@id":"https:\/\/grupoalcazar.net\/fr\/contact\/#breadcrumb"},"inLanguage":"fr-FR","potentialAction":[{"@type":"ReadAction","target":["https:\/\/grupoalcazar.net\/fr\/contact\/"]}]},{"@type":"BreadcrumbList","@id":"https:\/\/grupoalcazar.net\/fr\/contact\/#breadcrumb","itemListElement":[{"@type":"ListItem","position":1,"name":"Portada","item":"https:\/\/grupoalcazar.net\/fr\/"},{"@type":"ListItem","position":2,"name":"Contact"}]},{"@type":"WebSite","@id":"https:\/\/grupoalcazar.net\/fr\/#website","url":"https:\/\/grupoalcazar.net\/fr\/","name":"Alc\u00e1zar Abogados - Grupo Alc\u00e1zar","description":"","potentialAction":[{"@type":"SearchAction","target":{"@type":"EntryPoint","urlTemplate":"https:\/\/grupoalcazar.net\/fr\/?s={search_term_string}"},"query-input":{"@type":"PropertyValueSpecification","valueRequired":true,"valueName":"search_term_string"}}],"inLanguage":"fr-FR"}]}},"_links":{"self":[{"href":"https:\/\/grupoalcazar.net\/fr\/wp-json\/wp\/v2\/pages\/6956","targetHints":{"allow":["GET"]}}],"collection":[{"href":"https:\/\/grupoalcazar.net\/fr\/wp-json\/wp\/v2\/pages"}],"about":[{"href":"https:\/\/grupoalcazar.net\/fr\/wp-json\/wp\/v2\/types\/page"}],"author":[{"embeddable":true,"href":"https:\/\/grupoalcazar.net\/fr\/wp-json\/wp\/v2\/users\/1"}],"replies":[{"embeddable":true,"href":"https:\/\/grupoalcazar.net\/fr\/wp-json\/wp\/v2\/comments?post=6956"}],"version-history":[{"count":5,"href":"https:\/\/grupoalcazar.net\/fr\/wp-json\/wp\/v2\/pages\/6956\/revisions"}],"predecessor-version":[{"id":7692,"href":"https:\/\/grupoalcazar.net\/fr\/wp-json\/wp\/v2\/pages\/6956\/revisions\/7692"}],"wp:attachment":[{"href":"https:\/\/grupoalcazar.net\/fr\/wp-json\/wp\/v2\/media?parent=6956"}],"wp:term":[{"taxonomy":"tipo-de-pagina","embeddable":true,"href":"https:\/\/grupoalcazar.net\/fr\/wp-json\/wp\/v2\/tipo-de-pagina?post=6956"}],"curies":[{"name":"wp","href":"https:\/\/api.w.org\/{rel}","templated":true}]}}