{"id":6591,"date":"2024-05-21T07:15:51","date_gmt":"2024-05-21T05:15:51","guid":{"rendered":"https:\/\/grupoalcazar.net\/blog\/"},"modified":"2026-02-18T16:57:01","modified_gmt":"2026-02-18T15:57:01","slug":"blog","status":"publish","type":"page","link":"https:\/\/grupoalcazar.net\/en\/blog\/","title":{"rendered":"Blog"},"content":{"rendered":"\t\t<div data-elementor-type=\"wp-page\" data-elementor-id=\"6591\" class=\"elementor elementor-6591 elementor-17\" data-elementor-post-type=\"page\">\n\t\t\t\t<div class=\"elementor-element elementor-element-85310c3 e-flex e-con-boxed e-con e-parent\" data-id=\"85310c3\" data-element_type=\"container\" data-e-type=\"container\" data-settings=\"{&quot;background_background&quot;:&quot;classic&quot;,&quot;jet_parallax_layout_list&quot;:[]}\">\n\t\t\t\t\t<div class=\"e-con-inner\">\n\t\t\t\t<div class=\"elementor-element elementor-element-1484e57 elementor-invisible elementor-widget elementor-widget-heading\" data-id=\"1484e57\" data-element_type=\"widget\" data-e-type=\"widget\" data-settings=\"{&quot;_animation&quot;:&quot;fadeInUp&quot;}\" data-widget_type=\"heading.default\">\n\t\t\t\t\t<h1 class=\"elementor-heading-title elementor-size-default\">Blog<\/h1>\t\t\t\t<\/div>\n\t\t\t\t\t<\/div>\n\t\t\t\t<\/div>\n\t\t<div class=\"elementor-element elementor-element-5ac5d30 e-flex e-con-boxed e-con e-parent\" data-id=\"5ac5d30\" data-element_type=\"container\" data-e-type=\"container\" data-settings=\"{&quot;jet_parallax_layout_list&quot;:[]}\">\n\t\t\t\t\t<div class=\"e-con-inner\">\n\t\t\t\t<div class=\"elementor-element elementor-element-1940be9 elementor-widget__width-initial elementor-widget elementor-widget-heading\" data-id=\"1940be9\" data-element_type=\"widget\" data-e-type=\"widget\" data-widget_type=\"heading.default\">\n\t\t\t\t\t<span class=\"elementor-heading-title elementor-size-default\">They say that knowledge is expensive, but we believe that ignorance is much more expensive.<\/span>\t\t\t\t<\/div>\n\t\t\t\t<div class=\"elementor-element elementor-element-9e03a79 elementor-grid-4 elementor-grid-tablet-2 elementor-grid-mobile-1 elementor-widget elementor-widget-loop-grid\" data-id=\"9e03a79\" data-element_type=\"widget\" data-e-type=\"widget\" data-settings=\"{&quot;template_id&quot;:6510,&quot;columns&quot;:4,&quot;pagination_type&quot;:&quot;numbers_and_prev_next&quot;,&quot;row_gap&quot;:{&quot;unit&quot;:&quot;px&quot;,&quot;size&quot;:30,&quot;sizes&quot;:[]},&quot;_skin&quot;:&quot;post&quot;,&quot;columns_tablet&quot;:&quot;2&quot;,&quot;columns_mobile&quot;:&quot;1&quot;,&quot;edit_handle_selector&quot;:&quot;[data-elementor-type=\\&quot;loop-item\\&quot;]&quot;,&quot;pagination_load_type&quot;:&quot;page_reload&quot;,&quot;row_gap_laptop&quot;:{&quot;unit&quot;:&quot;px&quot;,&quot;size&quot;:&quot;&quot;,&quot;sizes&quot;:[]},&quot;row_gap_tablet&quot;:{&quot;unit&quot;:&quot;px&quot;,&quot;size&quot;:&quot;&quot;,&quot;sizes&quot;:[]},&quot;row_gap_mobile&quot;:{&quot;unit&quot;:&quot;px&quot;,&quot;size&quot;:&quot;&quot;,&quot;sizes&quot;:[]}}\" data-widget_type=\"loop-grid.post\">\n\t\t\t\t<div class=\"elementor-widget-container\">\n\t\t\t\t\t\t\t<div class=\"elementor-loop-container elementor-grid\" role=\"list\">\n\t\t<style id=\"loop-6510\">.elementor-6510 .elementor-element.elementor-element-16af51a{--display:flex;--flex-direction:column;--container-widget-width:100%;--container-widget-height:initial;--container-widget-flex-grow:0;--container-widget-align-self:initial;--flex-wrap-mobile:wrap;--gap:0px 0px;--row-gap:0px;--column-gap:0px;border-style:solid;--border-style:solid;border-width:1px 1px 1px 1px;--border-top-width:1px;--border-right-width:1px;--border-bottom-width:1px;--border-left-width:1px;border-color:#E0E0E0;--border-color:#E0E0E0;--padding-top:0px;--padding-bottom:0px;--padding-left:0px;--padding-right:0px;}.elementor-widget-theme-post-featured-image .widget-image-caption{color:var( --e-global-color-text );font-family:var( --e-global-typography-text-font-family ), Sans-serif;font-weight:var( --e-global-typography-text-font-weight );}.elementor-6510 .elementor-element.elementor-element-8172e21 img{width:100%;height:282px;object-fit:cover;object-position:center center;}.elementor-6510 .elementor-element.elementor-element-65b5700{--display:flex;--padding-top:35px;--padding-bottom:35px;--padding-left:35px;--padding-right:35px;}.elementor-widget-theme-post-title .elementor-heading-title{font-family:var( --e-global-typography-primary-font-family ), Sans-serif;font-weight:var( --e-global-typography-primary-font-weight );color:var( --e-global-color-primary );}.elementor-6510 .elementor-element.elementor-element-20dbd58 .elementor-heading-title{font-family:\"Mulish\", Sans-serif;font-size:20px;font-weight:400;line-height:25px;letter-spacing:2px;}.elementor-6510 .elementor-element.elementor-element-8acf2c5{--display:flex;--flex-direction:row;--container-widget-width:initial;--container-widget-height:100%;--container-widget-flex-grow:1;--container-widget-align-self:stretch;--flex-wrap-mobile:wrap;--padding-top:0px;--padding-bottom:0px;--padding-left:0px;--padding-right:0px;}.elementor-widget-icon-list .elementor-icon-list-item:not(:last-child):after{border-color:var( --e-global-color-text );}.elementor-widget-icon-list .elementor-icon-list-icon i{color:var( --e-global-color-primary );}.elementor-widget-icon-list .elementor-icon-list-icon svg{fill:var( --e-global-color-primary );}.elementor-widget-icon-list .elementor-icon-list-item > .elementor-icon-list-text, .elementor-widget-icon-list .elementor-icon-list-item > a{font-family:var( --e-global-typography-text-font-family ), Sans-serif;font-weight:var( --e-global-typography-text-font-weight );}.elementor-widget-icon-list .elementor-icon-list-text{color:var( --e-global-color-secondary );}.elementor-6510 .elementor-element.elementor-element-f7a8cf9 .elementor-icon-list-icon i{color:var( --e-global-color-secondary );transition:color 0.3s;}.elementor-6510 .elementor-element.elementor-element-f7a8cf9 .elementor-icon-list-icon svg{fill:var( --e-global-color-secondary );transition:fill 0.3s;}.elementor-6510 .elementor-element.elementor-element-f7a8cf9{--e-icon-list-icon-size:14px;--icon-vertical-offset:0px;}.elementor-6510 .elementor-element.elementor-element-f7a8cf9 .elementor-icon-list-item > .elementor-icon-list-text, .elementor-6510 .elementor-element.elementor-element-f7a8cf9 .elementor-icon-list-item > a{font-family:\"Mulish\", Sans-serif;font-size:14px;font-weight:400;letter-spacing:1.4px;}.elementor-6510 .elementor-element.elementor-element-f7a8cf9 .elementor-icon-list-text{transition:color 0.3s;}<\/style>\t\t<div data-elementor-type=\"loop-item\" data-elementor-id=\"6510\" class=\"elementor elementor-6510 elementor-141 elementor-141 e-loop-item e-loop-item-6597 post-6597 post type-post status-publish format-standard has-post-thumbnail hentry category-uncategorized\" data-elementor-post-type=\"elementor_library\" data-custom-edit-handle=\"1\">\n\t\t\t<div class=\"elementor-element elementor-element-16af51a e-flex e-con-boxed e-con e-parent\" data-id=\"16af51a\" data-element_type=\"container\" data-e-type=\"container\" data-settings=\"{&quot;jet_parallax_layout_list&quot;:[]}\">\n\t\t\t\t\t<div class=\"e-con-inner\">\n\t\t\t\t<div class=\"elementor-element elementor-element-8172e21 elementor-widget elementor-widget-theme-post-featured-image elementor-widget-image\" data-id=\"8172e21\" data-element_type=\"widget\" data-e-type=\"widget\" data-widget_type=\"theme-post-featured-image.default\">\n\t\t\t\t\t\t\t\t\t\t\t\t\t\t\t\t<a href=\"https:\/\/grupoalcazar.net\/en\/the-partners-right-to-information\/\">\n\t\t\t\t\t\t\t<img fetchpriority=\"high\" decoding=\"async\" width=\"750\" height=\"420\" src=\"https:\/\/grupoalcazar.net\/wp-content\/uploads\/2024\/07\/5.webp\" class=\"attachment-large size-large wp-image-6541\" alt=\"\" srcset=\"https:\/\/grupoalcazar.net\/wp-content\/uploads\/2024\/07\/5.webp 750w, https:\/\/grupoalcazar.net\/wp-content\/uploads\/2024\/07\/5-300x168.webp 300w\" sizes=\"(max-width: 750px) 100vw, 750px\" \/>\t\t\t\t\t\t\t\t<\/a>\n\t\t\t\t\t\t\t\t\t\t\t\t\t\t\t<\/div>\n\t\t<div class=\"elementor-element elementor-element-65b5700 e-flex e-con-boxed e-con e-child\" data-id=\"65b5700\" data-element_type=\"container\" data-e-type=\"container\" data-settings=\"{&quot;jet_parallax_layout_list&quot;:[]}\">\n\t\t\t\t\t<div class=\"e-con-inner\">\n\t\t\t\t<div class=\"elementor-element elementor-element-20dbd58 elementor-widget elementor-widget-theme-post-title elementor-page-title elementor-widget-heading\" data-id=\"20dbd58\" data-element_type=\"widget\" data-e-type=\"widget\" data-widget_type=\"theme-post-title.default\">\n\t\t\t\t\t<h3 class=\"elementor-heading-title elementor-size-default\"><a href=\"https:\/\/grupoalcazar.net\/en\/the-partners-right-to-information\/\">THE PARTNER&#8217;S RIGHT TO INFORMATION<\/a><\/h3>\t\t\t\t<\/div>\n\t\t<div class=\"elementor-element elementor-element-8acf2c5 e-flex e-con-boxed e-con e-child\" data-id=\"8acf2c5\" data-element_type=\"container\" data-e-type=\"container\" data-settings=\"{&quot;jet_parallax_layout_list&quot;:[]}\">\n\t\t\t\t\t<div class=\"e-con-inner\">\n\t\t\t\t<div class=\"elementor-element elementor-element-f7a8cf9 elementor-icon-list--layout-traditional elementor-list-item-link-full_width elementor-widget elementor-widget-icon-list\" data-id=\"f7a8cf9\" data-element_type=\"widget\" data-e-type=\"widget\" data-widget_type=\"icon-list.default\">\n\t\t\t\t\t\t\t<ul class=\"elementor-icon-list-items\">\n\t\t\t\t\t\t\t<li class=\"elementor-icon-list-item\">\n\t\t\t\t\t\t\t\t\t\t\t<span class=\"elementor-icon-list-icon\">\n\t\t\t\t\t\t\t<svg aria-hidden=\"true\" class=\"e-font-icon-svg e-fas-clock\" viewBox=\"0 0 512 512\" xmlns=\"http:\/\/www.w3.org\/2000\/svg\"><path d=\"M256,8C119,8,8,119,8,256S119,504,256,504,504,393,504,256,393,8,256,8Zm92.49,313h0l-20,25a16,16,0,0,1-22.49,2.5h0l-67-49.72a40,40,0,0,1-15-31.23V112a16,16,0,0,1,16-16h32a16,16,0,0,1,16,16V256l58,42.5A16,16,0,0,1,348.49,321Z\"><\/path><\/svg>\t\t\t\t\t\t<\/span>\n\t\t\t\t\t\t\t\t\t\t<span class=\"elementor-icon-list-text\">5 de July de 2024<\/span>\n\t\t\t\t\t\t\t\t\t<\/li>\n\t\t\t\t\t\t<\/ul>\n\t\t\t\t\t\t<\/div>\n\t\t\t\t\t<\/div>\n\t\t\t\t<\/div>\n\t\t\t\t\t<\/div>\n\t\t\t\t<\/div>\n\t\t\t\t\t<\/div>\n\t\t\t\t<\/div>\n\t\t\t\t<\/div>\n\t\t\t\t<div data-elementor-type=\"loop-item\" data-elementor-id=\"6510\" class=\"elementor elementor-6510 elementor-141 elementor-141 e-loop-item e-loop-item-6599 post-6599 post type-post status-publish format-standard has-post-thumbnail hentry category-uncategorized\" data-elementor-post-type=\"elementor_library\" data-custom-edit-handle=\"1\">\n\t\t\t<div class=\"elementor-element elementor-element-16af51a e-flex e-con-boxed e-con e-parent\" data-id=\"16af51a\" data-element_type=\"container\" data-e-type=\"container\" data-settings=\"{&quot;jet_parallax_layout_list&quot;:[]}\">\n\t\t\t\t\t<div class=\"e-con-inner\">\n\t\t\t\t<div class=\"elementor-element elementor-element-8172e21 elementor-widget elementor-widget-theme-post-featured-image elementor-widget-image\" data-id=\"8172e21\" data-element_type=\"widget\" data-e-type=\"widget\" data-widget_type=\"theme-post-featured-image.default\">\n\t\t\t\t\t\t\t\t\t\t\t\t\t\t\t\t<a href=\"https:\/\/grupoalcazar.net\/en\/the-institute-of-forfeiture-in-contract-liquidation-proceedings\/\">\n\t\t\t\t\t\t\t<img decoding=\"async\" width=\"750\" height=\"420\" src=\"https:\/\/grupoalcazar.net\/wp-content\/uploads\/2024\/07\/4.webp\" class=\"attachment-large size-large wp-image-6537\" alt=\"\" srcset=\"https:\/\/grupoalcazar.net\/wp-content\/uploads\/2024\/07\/4.webp 750w, https:\/\/grupoalcazar.net\/wp-content\/uploads\/2024\/07\/4-300x168.webp 300w\" sizes=\"(max-width: 750px) 100vw, 750px\" \/>\t\t\t\t\t\t\t\t<\/a>\n\t\t\t\t\t\t\t\t\t\t\t\t\t\t\t<\/div>\n\t\t<div class=\"elementor-element elementor-element-65b5700 e-flex e-con-boxed e-con e-child\" data-id=\"65b5700\" data-element_type=\"container\" data-e-type=\"container\" data-settings=\"{&quot;jet_parallax_layout_list&quot;:[]}\">\n\t\t\t\t\t<div class=\"e-con-inner\">\n\t\t\t\t<div class=\"elementor-element elementor-element-20dbd58 elementor-widget elementor-widget-theme-post-title elementor-page-title elementor-widget-heading\" data-id=\"20dbd58\" data-element_type=\"widget\" data-e-type=\"widget\" data-widget_type=\"theme-post-title.default\">\n\t\t\t\t\t<h3 class=\"elementor-heading-title elementor-size-default\"><a href=\"https:\/\/grupoalcazar.net\/en\/the-institute-of-forfeiture-in-contract-liquidation-proceedings\/\">THE INSTITUTE OF FORFEITURE IN CONTRACT LIQUIDATION PROCEEDINGS<\/a><\/h3>\t\t\t\t<\/div>\n\t\t<div class=\"elementor-element elementor-element-8acf2c5 e-flex e-con-boxed e-con e-child\" data-id=\"8acf2c5\" data-element_type=\"container\" data-e-type=\"container\" data-settings=\"{&quot;jet_parallax_layout_list&quot;:[]}\">\n\t\t\t\t\t<div class=\"e-con-inner\">\n\t\t\t\t<div class=\"elementor-element elementor-element-f7a8cf9 elementor-icon-list--layout-traditional elementor-list-item-link-full_width elementor-widget elementor-widget-icon-list\" data-id=\"f7a8cf9\" data-element_type=\"widget\" data-e-type=\"widget\" data-widget_type=\"icon-list.default\">\n\t\t\t\t\t\t\t<ul class=\"elementor-icon-list-items\">\n\t\t\t\t\t\t\t<li class=\"elementor-icon-list-item\">\n\t\t\t\t\t\t\t\t\t\t\t<span class=\"elementor-icon-list-icon\">\n\t\t\t\t\t\t\t<svg aria-hidden=\"true\" class=\"e-font-icon-svg e-fas-clock\" viewBox=\"0 0 512 512\" xmlns=\"http:\/\/www.w3.org\/2000\/svg\"><path d=\"M256,8C119,8,8,119,8,256S119,504,256,504,504,393,504,256,393,8,256,8Zm92.49,313h0l-20,25a16,16,0,0,1-22.49,2.5h0l-67-49.72a40,40,0,0,1-15-31.23V112a16,16,0,0,1,16-16h32a16,16,0,0,1,16,16V256l58,42.5A16,16,0,0,1,348.49,321Z\"><\/path><\/svg>\t\t\t\t\t\t<\/span>\n\t\t\t\t\t\t\t\t\t\t<span class=\"elementor-icon-list-text\">28 de June de 2024<\/span>\n\t\t\t\t\t\t\t\t\t<\/li>\n\t\t\t\t\t\t<\/ul>\n\t\t\t\t\t\t<\/div>\n\t\t\t\t\t<\/div>\n\t\t\t\t<\/div>\n\t\t\t\t\t<\/div>\n\t\t\t\t<\/div>\n\t\t\t\t\t<\/div>\n\t\t\t\t<\/div>\n\t\t\t\t<\/div>\n\t\t\t\t<div data-elementor-type=\"loop-item\" data-elementor-id=\"6510\" class=\"elementor elementor-6510 elementor-141 elementor-141 e-loop-item e-loop-item-6612 post-6612 post type-post status-publish format-standard has-post-thumbnail hentry category-uncategorized\" data-elementor-post-type=\"elementor_library\" data-custom-edit-handle=\"1\">\n\t\t\t<div class=\"elementor-element elementor-element-16af51a e-flex e-con-boxed e-con e-parent\" data-id=\"16af51a\" data-element_type=\"container\" data-e-type=\"container\" data-settings=\"{&quot;jet_parallax_layout_list&quot;:[]}\">\n\t\t\t\t\t<div class=\"e-con-inner\">\n\t\t\t\t<div class=\"elementor-element elementor-element-8172e21 elementor-widget elementor-widget-theme-post-featured-image elementor-widget-image\" data-id=\"8172e21\" data-element_type=\"widget\" data-e-type=\"widget\" data-widget_type=\"theme-post-featured-image.default\">\n\t\t\t\t\t\t\t\t\t\t\t\t\t\t\t\t<a href=\"https:\/\/grupoalcazar.net\/en\/registration-of-legal-defaults-boosts-success-rate-of-legal-advice-and-advocacy\/\">\n\t\t\t\t\t\t\t<img decoding=\"async\" width=\"750\" height=\"420\" src=\"https:\/\/grupoalcazar.net\/wp-content\/uploads\/2024\/07\/2.webp\" class=\"attachment-large size-large wp-image-6529\" alt=\"\" srcset=\"https:\/\/grupoalcazar.net\/wp-content\/uploads\/2024\/07\/2.webp 750w, https:\/\/grupoalcazar.net\/wp-content\/uploads\/2024\/07\/2-300x168.webp 300w\" sizes=\"(max-width: 750px) 100vw, 750px\" \/>\t\t\t\t\t\t\t\t<\/a>\n\t\t\t\t\t\t\t\t\t\t\t\t\t\t\t<\/div>\n\t\t<div class=\"elementor-element elementor-element-65b5700 e-flex e-con-boxed e-con e-child\" data-id=\"65b5700\" data-element_type=\"container\" data-e-type=\"container\" data-settings=\"{&quot;jet_parallax_layout_list&quot;:[]}\">\n\t\t\t\t\t<div class=\"e-con-inner\">\n\t\t\t\t<div class=\"elementor-element elementor-element-20dbd58 elementor-widget elementor-widget-theme-post-title elementor-page-title elementor-widget-heading\" data-id=\"20dbd58\" data-element_type=\"widget\" data-e-type=\"widget\" data-widget_type=\"theme-post-title.default\">\n\t\t\t\t\t<h3 class=\"elementor-heading-title elementor-size-default\"><a href=\"https:\/\/grupoalcazar.net\/en\/registration-of-legal-defaults-boosts-success-rate-of-legal-advice-and-advocacy\/\">REGISTRATION OF LEGAL DEFAULTS BOOSTS SUCCESS RATE OF LEGAL ADVICE AND ADVOCACY<\/a><\/h3>\t\t\t\t<\/div>\n\t\t<div class=\"elementor-element elementor-element-8acf2c5 e-flex e-con-boxed e-con e-child\" data-id=\"8acf2c5\" data-element_type=\"container\" data-e-type=\"container\" data-settings=\"{&quot;jet_parallax_layout_list&quot;:[]}\">\n\t\t\t\t\t<div class=\"e-con-inner\">\n\t\t\t\t<div class=\"elementor-element elementor-element-f7a8cf9 elementor-icon-list--layout-traditional elementor-list-item-link-full_width elementor-widget elementor-widget-icon-list\" data-id=\"f7a8cf9\" data-element_type=\"widget\" data-e-type=\"widget\" data-widget_type=\"icon-list.default\">\n\t\t\t\t\t\t\t<ul class=\"elementor-icon-list-items\">\n\t\t\t\t\t\t\t<li class=\"elementor-icon-list-item\">\n\t\t\t\t\t\t\t\t\t\t\t<span class=\"elementor-icon-list-icon\">\n\t\t\t\t\t\t\t<svg aria-hidden=\"true\" class=\"e-font-icon-svg e-fas-clock\" viewBox=\"0 0 512 512\" xmlns=\"http:\/\/www.w3.org\/2000\/svg\"><path d=\"M256,8C119,8,8,119,8,256S119,504,256,504,504,393,504,256,393,8,256,8Zm92.49,313h0l-20,25a16,16,0,0,1-22.49,2.5h0l-67-49.72a40,40,0,0,1-15-31.23V112a16,16,0,0,1,16-16h32a16,16,0,0,1,16,16V256l58,42.5A16,16,0,0,1,348.49,321Z\"><\/path><\/svg>\t\t\t\t\t\t<\/span>\n\t\t\t\t\t\t\t\t\t\t<span class=\"elementor-icon-list-text\">7 de June de 2024<\/span>\n\t\t\t\t\t\t\t\t\t<\/li>\n\t\t\t\t\t\t<\/ul>\n\t\t\t\t\t\t<\/div>\n\t\t\t\t\t<\/div>\n\t\t\t\t<\/div>\n\t\t\t\t\t<\/div>\n\t\t\t\t<\/div>\n\t\t\t\t\t<\/div>\n\t\t\t\t<\/div>\n\t\t\t\t<\/div>\n\t\t\t\t<\/div>\n\t\t\n\t\t\t\t\t\t<\/div>\n\t\t\t\t<\/div>\n\t\t\t\t\t<\/div>\n\t\t\t\t<\/div>\n\t\t\t\t<\/div>\n\t\t","protected":false},"excerpt":{"rendered":"<p>Blog They say that knowledge is expensive, but we believe that ignorance is much more expensive.<\/p>\n","protected":false},"author":1,"featured_media":0,"parent":0,"menu_order":0,"comment_status":"closed","ping_status":"closed","template":"","meta":{"footnotes":""},"tipo-de-pagina":[],"class_list":["post-6591","page","type-page","status-publish","hentry"],"yoast_head":"<!-- This site is optimized with the Yoast SEO plugin v27.3 - https:\/\/yoast.com\/product\/yoast-seo-wordpress\/ -->\n<title>Blog jur\u00eddico de Grupo Alc\u00e1zar: noticias y art\u00edculos<\/title>\n<meta name=\"description\" content=\"Explora el blog jur\u00eddico de Grupo Alc\u00e1zar con an\u00e1lisis, gu\u00edas y actualizaciones legales sobre derecho, procesos, compliance y asuntos corporativos.\" \/>\n<meta name=\"robots\" content=\"index, follow, max-snippet:-1, max-image-preview:large, max-video-preview:-1\" \/>\n<link rel=\"canonical\" href=\"https:\/\/grupoalcazar.net\/en\/blog\/\" \/>\n<meta property=\"og:locale\" content=\"en_US\" \/>\n<meta property=\"og:type\" content=\"article\" \/>\n<meta property=\"og:title\" content=\"Blog jur\u00eddico de Grupo Alc\u00e1zar: noticias y art\u00edculos\" \/>\n<meta property=\"og:description\" content=\"Explora el blog jur\u00eddico de Grupo Alc\u00e1zar con an\u00e1lisis, gu\u00edas y actualizaciones legales sobre derecho, procesos, compliance y asuntos corporativos.\" \/>\n<meta property=\"og:url\" content=\"https:\/\/grupoalcazar.net\/en\/blog\/\" \/>\n<meta property=\"og:site_name\" content=\"Alc\u00e1zar Abogados - Grupo Alc\u00e1zar\" \/>\n<meta property=\"article:modified_time\" content=\"2026-02-18T15:57:01+00:00\" \/>\n<meta name=\"twitter:card\" content=\"summary_large_image\" \/>\n<meta name=\"twitter:label1\" content=\"Est. reading time\" \/>\n\t<meta name=\"twitter:data1\" content=\"1 minute\" \/>\n<script type=\"application\/ld+json\" class=\"yoast-schema-graph\">{\"@context\":\"https:\\\/\\\/schema.org\",\"@graph\":[{\"@type\":\"WebPage\",\"@id\":\"https:\\\/\\\/grupoalcazar.net\\\/en\\\/blog\\\/\",\"url\":\"https:\\\/\\\/grupoalcazar.net\\\/en\\\/blog\\\/\",\"name\":\"Blog jur\u00eddico de Grupo Alc\u00e1zar: noticias y art\u00edculos\",\"isPartOf\":{\"@id\":\"https:\\\/\\\/grupoalcazar.net\\\/en\\\/#website\"},\"datePublished\":\"2024-05-21T05:15:51+00:00\",\"dateModified\":\"2026-02-18T15:57:01+00:00\",\"description\":\"Explora el blog jur\u00eddico de Grupo Alc\u00e1zar con an\u00e1lisis, gu\u00edas y actualizaciones legales sobre derecho, procesos, compliance y asuntos corporativos.\",\"breadcrumb\":{\"@id\":\"https:\\\/\\\/grupoalcazar.net\\\/en\\\/blog\\\/#breadcrumb\"},\"inLanguage\":\"en-US\",\"potentialAction\":[{\"@type\":\"ReadAction\",\"target\":[\"https:\\\/\\\/grupoalcazar.net\\\/en\\\/blog\\\/\"]}]},{\"@type\":\"BreadcrumbList\",\"@id\":\"https:\\\/\\\/grupoalcazar.net\\\/en\\\/blog\\\/#breadcrumb\",\"itemListElement\":[{\"@type\":\"ListItem\",\"position\":1,\"name\":\"Portada\",\"item\":\"https:\\\/\\\/grupoalcazar.net\\\/en\\\/\"},{\"@type\":\"ListItem\",\"position\":2,\"name\":\"Blog\"}]},{\"@type\":\"WebSite\",\"@id\":\"https:\\\/\\\/grupoalcazar.net\\\/en\\\/#website\",\"url\":\"https:\\\/\\\/grupoalcazar.net\\\/en\\\/\",\"name\":\"Alc\u00e1zar Abogados - Grupo Alc\u00e1zar\",\"description\":\"\",\"potentialAction\":[{\"@type\":\"SearchAction\",\"target\":{\"@type\":\"EntryPoint\",\"urlTemplate\":\"https:\\\/\\\/grupoalcazar.net\\\/en\\\/?s={search_term_string}\"},\"query-input\":{\"@type\":\"PropertyValueSpecification\",\"valueRequired\":true,\"valueName\":\"search_term_string\"}}],\"inLanguage\":\"en-US\"}]}<\/script>\n<!-- \/ Yoast SEO plugin. -->","yoast_head_json":{"title":"Blog jur\u00eddico de Grupo Alc\u00e1zar: noticias y art\u00edculos","description":"Explora el blog jur\u00eddico de Grupo Alc\u00e1zar con an\u00e1lisis, gu\u00edas y actualizaciones legales sobre derecho, procesos, compliance y asuntos corporativos.","robots":{"index":"index","follow":"follow","max-snippet":"max-snippet:-1","max-image-preview":"max-image-preview:large","max-video-preview":"max-video-preview:-1"},"canonical":"https:\/\/grupoalcazar.net\/en\/blog\/","og_locale":"en_US","og_type":"article","og_title":"Blog jur\u00eddico de Grupo Alc\u00e1zar: noticias y art\u00edculos","og_description":"Explora el blog jur\u00eddico de Grupo Alc\u00e1zar con an\u00e1lisis, gu\u00edas y actualizaciones legales sobre derecho, procesos, compliance y asuntos corporativos.","og_url":"https:\/\/grupoalcazar.net\/en\/blog\/","og_site_name":"Alc\u00e1zar Abogados - Grupo Alc\u00e1zar","article_modified_time":"2026-02-18T15:57:01+00:00","twitter_card":"summary_large_image","twitter_misc":{"Est. reading time":"1 minute"},"schema":{"@context":"https:\/\/schema.org","@graph":[{"@type":"WebPage","@id":"https:\/\/grupoalcazar.net\/en\/blog\/","url":"https:\/\/grupoalcazar.net\/en\/blog\/","name":"Blog jur\u00eddico de Grupo Alc\u00e1zar: noticias y art\u00edculos","isPartOf":{"@id":"https:\/\/grupoalcazar.net\/en\/#website"},"datePublished":"2024-05-21T05:15:51+00:00","dateModified":"2026-02-18T15:57:01+00:00","description":"Explora el blog jur\u00eddico de Grupo Alc\u00e1zar con an\u00e1lisis, gu\u00edas y actualizaciones legales sobre derecho, procesos, compliance y asuntos corporativos.","breadcrumb":{"@id":"https:\/\/grupoalcazar.net\/en\/blog\/#breadcrumb"},"inLanguage":"en-US","potentialAction":[{"@type":"ReadAction","target":["https:\/\/grupoalcazar.net\/en\/blog\/"]}]},{"@type":"BreadcrumbList","@id":"https:\/\/grupoalcazar.net\/en\/blog\/#breadcrumb","itemListElement":[{"@type":"ListItem","position":1,"name":"Portada","item":"https:\/\/grupoalcazar.net\/en\/"},{"@type":"ListItem","position":2,"name":"Blog"}]},{"@type":"WebSite","@id":"https:\/\/grupoalcazar.net\/en\/#website","url":"https:\/\/grupoalcazar.net\/en\/","name":"Alc\u00e1zar Abogados - Grupo Alc\u00e1zar","description":"","potentialAction":[{"@type":"SearchAction","target":{"@type":"EntryPoint","urlTemplate":"https:\/\/grupoalcazar.net\/en\/?s={search_term_string}"},"query-input":{"@type":"PropertyValueSpecification","valueRequired":true,"valueName":"search_term_string"}}],"inLanguage":"en-US"}]}},"_links":{"self":[{"href":"https:\/\/grupoalcazar.net\/en\/wp-json\/wp\/v2\/pages\/6591","targetHints":{"allow":["GET"]}}],"collection":[{"href":"https:\/\/grupoalcazar.net\/en\/wp-json\/wp\/v2\/pages"}],"about":[{"href":"https:\/\/grupoalcazar.net\/en\/wp-json\/wp\/v2\/types\/page"}],"author":[{"embeddable":true,"href":"https:\/\/grupoalcazar.net\/en\/wp-json\/wp\/v2\/users\/1"}],"replies":[{"embeddable":true,"href":"https:\/\/grupoalcazar.net\/en\/wp-json\/wp\/v2\/comments?post=6591"}],"version-history":[{"count":4,"href":"https:\/\/grupoalcazar.net\/en\/wp-json\/wp\/v2\/pages\/6591\/revisions"}],"predecessor-version":[{"id":7675,"href":"https:\/\/grupoalcazar.net\/en\/wp-json\/wp\/v2\/pages\/6591\/revisions\/7675"}],"wp:attachment":[{"href":"https:\/\/grupoalcazar.net\/en\/wp-json\/wp\/v2\/media?parent=6591"}],"wp:term":[{"taxonomy":"tipo-de-pagina","embeddable":true,"href":"https:\/\/grupoalcazar.net\/en\/wp-json\/wp\/v2\/tipo-de-pagina?post=6591"}],"curies":[{"name":"wp","href":"https:\/\/api.w.org\/{rel}","templated":true}]}}