{"id":6581,"date":"2024-05-21T07:16:22","date_gmt":"2024-05-21T05:16:22","guid":{"rendered":"https:\/\/grupoalcazar.net\/contact\/"},"modified":"2026-02-18T16:57:45","modified_gmt":"2026-02-18T15:57:45","slug":"contact","status":"publish","type":"page","link":"https:\/\/grupoalcazar.net\/en\/contact\/","title":{"rendered":"Contact"},"content":{"rendered":"\t\t<div data-elementor-type=\"wp-page\" data-elementor-id=\"6581\" class=\"elementor elementor-6581 elementor-21\" data-elementor-post-type=\"page\">\n\t\t\t\t<div class=\"elementor-element elementor-element-0d9f999 e-flex e-con-boxed e-con e-parent\" data-id=\"0d9f999\" data-element_type=\"container\" data-e-type=\"container\" data-settings=\"{&quot;background_background&quot;:&quot;classic&quot;,&quot;jet_parallax_layout_list&quot;:[]}\">\n\t\t\t\t\t<div class=\"e-con-inner\">\n\t\t\t\t<div class=\"elementor-element elementor-element-9fde944 elementor-invisible elementor-widget elementor-widget-heading\" data-id=\"9fde944\" data-element_type=\"widget\" data-e-type=\"widget\" data-settings=\"{&quot;_animation&quot;:&quot;fadeInUp&quot;}\" data-widget_type=\"heading.default\">\n\t\t\t\t\t<h1 class=\"elementor-heading-title elementor-size-default\">Contact<\/h1>\t\t\t\t<\/div>\n\t\t\t\t\t<\/div>\n\t\t\t\t<\/div>\n\t\t<div class=\"elementor-element elementor-element-cebe7d6 e-flex e-con-boxed e-con e-parent\" data-id=\"cebe7d6\" data-element_type=\"container\" data-e-type=\"container\" data-settings=\"{&quot;jet_parallax_layout_list&quot;:[]}\">\n\t\t\t\t\t<div class=\"e-con-inner\">\n\t\t<div class=\"elementor-element elementor-element-8b0afb8 e-con-full e-flex e-con e-child\" data-id=\"8b0afb8\" data-element_type=\"container\" data-e-type=\"container\" data-settings=\"{&quot;jet_parallax_layout_list&quot;:[]}\">\n\t\t\t\t<div class=\"elementor-element elementor-element-aaf4d6c elementor-widget elementor-widget-text-editor\" data-id=\"aaf4d6c\" data-element_type=\"widget\" data-e-type=\"widget\" data-widget_type=\"text-editor.default\">\n\t\t\t\t\t\t\t\t\t<p><strong>M\u00c1LAGA<\/strong><br \/>Paseo del cerrado del Calder\u00f3n, 4. 1\u00ba G<br \/>29018 M\u00e1laga<br \/>952 005 524 <\/p>\n<p><strong>GRANADA<br \/><\/strong>Reyes Cat\u00f3licos, 13, 1\u00ba B<br \/>18001 Granada<br \/>958 216 857<\/p>\n<p><strong>MADRID<br \/><\/strong>Alcal\u00e1, 58 Izquierda<br \/>28041 Madrid<br \/>952 005 524<\/p>\n<div class=\"elementor-element elementor-element-6721f23 elementor-widget elementor-widget-text-editor\" data-id=\"6721f23\" data-element_type=\"widget\" data-widget_type=\"text-editor.default\">\n<div class=\"elementor-widget-container\">\n<p><strong>ZARAGOZA<br \/><\/strong>Joaqu\u00edn Costa, 3<br \/>Ppal D. 50001 Zaragoza<br \/>976 116 111<strong><br \/><\/strong><\/p>\n<\/div>\n<\/div>\n\t\t\t\t\t\t\t\t<\/div>\n\t\t\t\t<\/div>\n\t\t<div class=\"elementor-element elementor-element-2ace181 e-con-full e-flex e-con e-child\" data-id=\"2ace181\" data-element_type=\"container\" data-e-type=\"container\" data-settings=\"{&quot;jet_parallax_layout_list&quot;:[]}\">\n\t\t\t\t<div class=\"elementor-element elementor-element-aa6dd08 elementor-widget elementor-widget-heading\" data-id=\"aa6dd08\" data-element_type=\"widget\" data-e-type=\"widget\" data-widget_type=\"heading.default\">\n\t\t\t\t\t<h2 class=\"elementor-heading-title elementor-size-default\">Contact<\/h2>\t\t\t\t<\/div>\n\t\t\t\t<div class=\"elementor-element elementor-element-45a16fa elementor-button-align-stretch elementor-widget elementor-widget-global elementor-global-6518 elementor-global-256 elementor-widget-form\" data-id=\"45a16fa\" data-element_type=\"widget\" data-e-type=\"widget\" data-settings=\"{&quot;button_width&quot;:&quot;30&quot;,&quot;step_next_label&quot;:&quot;Next&quot;,&quot;step_previous_label&quot;:&quot;Previous&quot;,&quot;step_type&quot;:&quot;number_text&quot;,&quot;step_icon_shape&quot;:&quot;circle&quot;}\" data-widget_type=\"form.default\">\n\t\t\t\t\t\t\t<form class=\"elementor-form\" method=\"post\" name=\"Contact\" aria-label=\"Contact\">\n\t\t\t<input type=\"hidden\" name=\"post_id\" value=\"6581\"\/>\n\t\t\t<input type=\"hidden\" name=\"form_id\" value=\"45a16fa\"\/>\n\t\t\t<input type=\"hidden\" name=\"referer_title\" value=\"Alc\u00e1zar Abogados &#8211; Grupo Alc\u00e1zar\" \/>\n\n\t\t\t\n\t\t\t<div class=\"elementor-form-fields-wrapper elementor-labels-\">\n\t\t\t\t\t\t\t\t<div class=\"elementor-field-type-text elementor-field-group elementor-column elementor-field-group-nombre elementor-col-100 elementor-field-required\">\n\t\t\t\t\t\t\t\t\t\t\t\t<label for=\"form-field-nombre\" class=\"elementor-field-label elementor-screen-only\">\n\t\t\t\t\t\t\t\tName\t\t\t\t\t\t\t<\/label>\n\t\t\t\t\t\t\t\t\t\t\t\t\t\t<input size=\"1\" type=\"text\" name=\"form_fields[nombre]\" id=\"form-field-nombre\" class=\"elementor-field elementor-size-sm  elementor-field-textual\" placeholder=\"Name\" required=\"required\">\n\t\t\t\t\t\t\t\t\t\t\t<\/div>\n\t\t\t\t\t\t\t\t<div class=\"elementor-field-type-email elementor-field-group elementor-column elementor-field-group-email elementor-col-50 elementor-field-required\">\n\t\t\t\t\t\t\t\t\t\t\t\t<label for=\"form-field-email\" class=\"elementor-field-label elementor-screen-only\">\n\t\t\t\t\t\t\t\tEmail\t\t\t\t\t\t\t<\/label>\n\t\t\t\t\t\t\t\t\t\t\t\t\t\t<input size=\"1\" type=\"email\" name=\"form_fields[email]\" id=\"form-field-email\" class=\"elementor-field elementor-size-sm  elementor-field-textual\" placeholder=\"Email\" required=\"required\">\n\t\t\t\t\t\t\t\t\t\t\t<\/div>\n\t\t\t\t\t\t\t\t<div class=\"elementor-field-type-tel elementor-field-group elementor-column elementor-field-group-telefono elementor-col-50\">\n\t\t\t\t\t\t\t\t\t\t\t\t<label for=\"form-field-telefono\" class=\"elementor-field-label elementor-screen-only\">\n\t\t\t\t\t\t\t\tPhone\t\t\t\t\t\t\t<\/label>\n\t\t\t\t\t\t\t\t<input size=\"1\" type=\"tel\" name=\"form_fields[telefono]\" id=\"form-field-telefono\" class=\"elementor-field elementor-size-sm  elementor-field-textual\" placeholder=\"Phone\" pattern=\"[0-9()#&amp;+*-=.]+\" title=\"Only numbers and phone characters (#, -, *, etc) are accepted.\">\n\n\t\t\t\t\t\t<\/div>\n\t\t\t\t\t\t\t\t<div class=\"elementor-field-type-text elementor-field-group elementor-column elementor-field-group-asunto elementor-col-100\">\n\t\t\t\t\t\t\t\t\t\t\t\t<label for=\"form-field-asunto\" class=\"elementor-field-label elementor-screen-only\">\n\t\t\t\t\t\t\t\tSubject\t\t\t\t\t\t\t<\/label>\n\t\t\t\t\t\t\t\t\t\t\t\t\t\t<input size=\"1\" type=\"text\" name=\"form_fields[asunto]\" id=\"form-field-asunto\" class=\"elementor-field elementor-size-sm  elementor-field-textual\" placeholder=\"Subject\">\n\t\t\t\t\t\t\t\t\t\t\t<\/div>\n\t\t\t\t\t\t\t\t<div class=\"elementor-field-type-textarea elementor-field-group elementor-column elementor-field-group-mensaje elementor-col-100 elementor-field-required\">\n\t\t\t\t\t\t\t\t\t\t\t\t<label for=\"form-field-mensaje\" class=\"elementor-field-label elementor-screen-only\">\n\t\t\t\t\t\t\t\tMessage\t\t\t\t\t\t\t<\/label>\n\t\t\t\t\t\t<textarea class=\"elementor-field-textual elementor-field  elementor-size-sm\" name=\"form_fields[mensaje]\" id=\"form-field-mensaje\" rows=\"4\" placeholder=\"Message\" required=\"required\"><\/textarea>\t\t\t\t<\/div>\n\t\t\t\t\t\t\t\t<div class=\"elementor-field-type-acceptance elementor-field-group elementor-column elementor-field-group-privacidad elementor-col-100 elementor-field-required\">\n\t\t\t\t\t\t\t\t\t\t\t\t<label for=\"form-field-privacidad\" class=\"elementor-field-label elementor-screen-only\">\n\t\t\t\t\t\t\t\tPrivacy\t\t\t\t\t\t\t<\/label>\n\t\t\t\t\t\t\t\t<div class=\"elementor-field-subgroup\">\n\t\t\t<span class=\"elementor-field-option\">\n\t\t\t\t<input type=\"checkbox\" name=\"form_fields[privacidad]\" id=\"form-field-privacidad\" class=\"elementor-field elementor-size-sm  elementor-acceptance-field\" required=\"required\">\n\t\t\t\t<label for=\"form-field-privacidad\">I have read and accept the <a href=\"https:\/\/grupoalcazar.net\/politica-de-privacidad\/\" target=\"_blank\">privacy policy<\/a><\/label>\t\t\t<\/span>\n\t\t<\/div>\n\t\t\t\t\t\t<\/div>\n\t\t\t\t\t\t\t\t<div class=\"elementor-field-type-recaptcha_v3 elementor-field-group elementor-column elementor-field-group-field_1451201 elementor-col-100 recaptcha_v3-inline\">\n\t\t\t\t\t<div class=\"elementor-field\" id=\"form-field-field_1451201\"><div class=\"elementor-g-recaptcha\" data-sitekey=\"6Lc-LxAqAAAAAFxkjBz107pAUNpi8ERITSbcBOv-\" data-type=\"v3\" data-action=\"Form\" data-badge=\"inline\" data-size=\"invisible\"><\/div><\/div>\t\t\t\t<\/div>\n\t\t\t\t\t\t\t\t<div class=\"elementor-field-group elementor-column elementor-field-type-submit elementor-col-30 e-form__buttons\">\n\t\t\t\t\t<button class=\"elementor-button elementor-size-sm\" type=\"submit\">\n\t\t\t\t\t\t<span class=\"elementor-button-content-wrapper\">\n\t\t\t\t\t\t\t\t\t\t\t\t\t\t\t\t\t\t\t\t\t\t<span class=\"elementor-button-text\">Send<\/span>\n\t\t\t\t\t\t\t\t\t\t\t\t\t<\/span>\n\t\t\t\t\t<\/button>\n\t\t\t\t<\/div>\n\t\t\t<\/div>\n\t\t<\/form>\n\t\t\t\t\t\t<\/div>\n\t\t\t\t<div class=\"elementor-element elementor-element-175a10d elementor-widget elementor-widget-toggle\" data-id=\"175a10d\" data-element_type=\"widget\" data-e-type=\"widget\" data-widget_type=\"toggle.default\">\n\t\t\t\t\t\t\t<div class=\"elementor-toggle\">\n\t\t\t\t\t\t\t<div class=\"elementor-toggle-item\">\n\t\t\t\t\t<div id=\"elementor-tab-title-2441\" class=\"elementor-tab-title\" data-tab=\"1\" role=\"button\" aria-controls=\"elementor-tab-content-2441\" aria-expanded=\"false\">\n\t\t\t\t\t\t\t\t\t\t\t\t<span class=\"elementor-toggle-icon elementor-toggle-icon-left\" aria-hidden=\"true\">\n\t\t\t\t\t\t\t\t\t\t\t\t\t\t\t<span class=\"elementor-toggle-icon-closed\"><svg class=\"e-font-icon-svg e-fas-caret-right\" viewBox=\"0 0 192 512\" xmlns=\"http:\/\/www.w3.org\/2000\/svg\"><path d=\"M0 384.662V127.338c0-17.818 21.543-26.741 34.142-14.142l128.662 128.662c7.81 7.81 7.81 20.474 0 28.284L34.142 398.804C21.543 411.404 0 402.48 0 384.662z\"><\/path><\/svg><\/span>\n\t\t\t\t\t\t\t\t<span class=\"elementor-toggle-icon-opened\"><svg class=\"elementor-toggle-icon-opened e-font-icon-svg e-fas-caret-up\" viewBox=\"0 0 320 512\" xmlns=\"http:\/\/www.w3.org\/2000\/svg\"><path d=\"M288.662 352H31.338c-17.818 0-26.741-21.543-14.142-34.142l128.662-128.662c7.81-7.81 20.474-7.81 28.284 0l128.662 128.662c12.6 12.599 3.676 34.142-14.142 34.142z\"><\/path><\/svg><\/span>\n\t\t\t\t\t\t\t\t\t\t\t\t\t<\/span>\n\t\t\t\t\t\t\t\t\t\t\t\t<a class=\"elementor-toggle-title\" tabindex=\"0\">Basic information about privacy<\/a>\n\t\t\t\t\t<\/div>\n\n\t\t\t\t\t<div id=\"elementor-tab-content-2441\" class=\"elementor-tab-content elementor-clearfix\" data-tab=\"1\" role=\"region\" aria-labelledby=\"elementor-tab-title-2441\"><p><strong>Responsible:<\/strong> ALC\u00c1ZAR ABOGADOS Y CONSULTORES, S.L.U.<br \/><strong>Purpose:<\/strong> To manage the queries raised in the contact form.<br \/><strong>Legitimation:<\/strong> Legitimate interest of the Responsible and consent of the interested party.<br \/><strong>Recipients:<\/strong> Data will be transferred due to legal obligation, express authorisation of the interested party or to provide a service as explained in the additional information.<br \/><strong>Rights:<\/strong> Access, rectify and delete data, as well as other rights, as explained in the additional information.<br \/>Translated with DeepL.com (free version)<\/p>\n<p>You can consult additional and detailed information on Data Protection set out in our privacy policy at the following <a href=\"https:\/\/grupoalcazar.net\/politica-de-privacidad\/\">link<\/a>.<\/p>\n<\/div>\n\t\t\t\t<\/div>\n\t\t\t\t\t\t\t\t<\/div>\n\t\t\t\t\t\t<\/div>\n\t\t\t\t<\/div>\n\t\t\t\t\t<\/div>\n\t\t\t\t<\/div>\n\t\t<div class=\"elementor-element elementor-element-eb17383 e-flex e-con-boxed e-con e-parent\" data-id=\"eb17383\" data-element_type=\"container\" data-e-type=\"container\" data-settings=\"{&quot;background_background&quot;:&quot;classic&quot;,&quot;jet_parallax_layout_list&quot;:[]}\">\n\t\t\t\t\t<div class=\"e-con-inner\">\n\t\t\t\t<div class=\"elementor-element elementor-element-33783f4 elementor-widget elementor-widget-heading\" data-id=\"33783f4\" data-element_type=\"widget\" data-e-type=\"widget\" data-widget_type=\"heading.default\">\n\t\t\t\t\t<span class=\"elementor-heading-title elementor-size-default\">Do you want to work at Alcazar Abogados?<\/span>\t\t\t\t<\/div>\n\t\t\t\t<div class=\"elementor-element elementor-element-1e1e30e elementor-widget__width-initial elementor-widget elementor-widget-text-editor\" data-id=\"1e1e30e\" data-element_type=\"widget\" data-e-type=\"widget\" id=\"trabaja-con-nosotros\" data-widget_type=\"text-editor.default\">\n\t\t\t\t\t\t\t\t\t<p>If you want to be part of ALC\u00c1ZAR&#8217;s team of professionals, you must pay attention to this section, we will regularly inform you of the different job offers that arise in the different areas and offices.<\/p>\n<p>Follow our job offers and send us your CV to the following address: <a href=\"mailto:rrhh@grupoalcazar.net\">rrhh@grupoalcazar.net<\/a><\/p>\n\t\t\t\t\t\t\t\t<\/div>\n\t\t\t\t\t<\/div>\n\t\t\t\t<\/div>\n\t\t\t\t<\/div>\n\t\t","protected":false},"excerpt":{"rendered":"<p>Contact M\u00c1LAGAPaseo del cerrado del Calder\u00f3n, 4. 1\u00ba G29018 M\u00e1laga952 005 524 GRANADAReyes Cat\u00f3licos, 13, 1\u00ba B18001 Granada958 216 857 MADRIDAlcal\u00e1, 58 Izquierda28041 Madrid952 005 524 ZARAGOZAJoaqu\u00edn Costa, 3Ppal D. 50001 Zaragoza976 116 111 Contact Basic information about privacy Responsible: ALC\u00c1ZAR ABOGADOS Y CONSULTORES, S.L.U.Purpose: To manage the queries raised in the contact form.Legitimation: Legitimate [&hellip;]<\/p>\n","protected":false},"author":1,"featured_media":0,"parent":0,"menu_order":0,"comment_status":"closed","ping_status":"closed","template":"","meta":{"footnotes":""},"tipo-de-pagina":[],"class_list":["post-6581","page","type-page","status-publish","hentry"],"yoast_head":"<!-- This site is optimized with the Yoast SEO plugin v27.3 - https:\/\/yoast.com\/product\/yoast-seo-wordpress\/ -->\n<title>Contacto | Grupo Alc\u00e1zar \u2013 Asesor\u00eda Jur\u00eddica<\/title>\n<meta name=\"description\" content=\"Contacta con Grupo Alc\u00e1zar para soluciones jur\u00eddicas profesionales: consultas, asesoramiento, representaci\u00f3n legal y atenci\u00f3n personalizada para tu caso.\" \/>\n<meta name=\"robots\" content=\"index, follow, max-snippet:-1, max-image-preview:large, max-video-preview:-1\" \/>\n<link rel=\"canonical\" href=\"https:\/\/grupoalcazar.net\/en\/contact\/\" \/>\n<meta property=\"og:locale\" content=\"en_US\" \/>\n<meta property=\"og:type\" content=\"article\" \/>\n<meta property=\"og:title\" content=\"Contacto | Grupo Alc\u00e1zar \u2013 Asesor\u00eda Jur\u00eddica\" \/>\n<meta property=\"og:description\" content=\"Contacta con Grupo Alc\u00e1zar para soluciones jur\u00eddicas profesionales: consultas, asesoramiento, representaci\u00f3n legal y atenci\u00f3n personalizada para tu caso.\" \/>\n<meta property=\"og:url\" content=\"https:\/\/grupoalcazar.net\/en\/contact\/\" \/>\n<meta property=\"og:site_name\" content=\"Alc\u00e1zar Abogados - Grupo Alc\u00e1zar\" \/>\n<meta property=\"article:modified_time\" content=\"2026-02-18T15:57:45+00:00\" \/>\n<meta name=\"twitter:card\" content=\"summary_large_image\" \/>\n<meta name=\"twitter:label1\" content=\"Est. reading time\" \/>\n\t<meta name=\"twitter:data1\" content=\"1 minute\" \/>\n<script type=\"application\/ld+json\" class=\"yoast-schema-graph\">{\"@context\":\"https:\\\/\\\/schema.org\",\"@graph\":[{\"@type\":\"WebPage\",\"@id\":\"https:\\\/\\\/grupoalcazar.net\\\/en\\\/contact\\\/\",\"url\":\"https:\\\/\\\/grupoalcazar.net\\\/en\\\/contact\\\/\",\"name\":\"Contacto | Grupo Alc\u00e1zar \u2013 Asesor\u00eda Jur\u00eddica\",\"isPartOf\":{\"@id\":\"https:\\\/\\\/grupoalcazar.net\\\/en\\\/#website\"},\"datePublished\":\"2024-05-21T05:16:22+00:00\",\"dateModified\":\"2026-02-18T15:57:45+00:00\",\"description\":\"Contacta con Grupo Alc\u00e1zar para soluciones jur\u00eddicas profesionales: consultas, asesoramiento, representaci\u00f3n legal y atenci\u00f3n personalizada para tu caso.\",\"breadcrumb\":{\"@id\":\"https:\\\/\\\/grupoalcazar.net\\\/en\\\/contact\\\/#breadcrumb\"},\"inLanguage\":\"en-US\",\"potentialAction\":[{\"@type\":\"ReadAction\",\"target\":[\"https:\\\/\\\/grupoalcazar.net\\\/en\\\/contact\\\/\"]}]},{\"@type\":\"BreadcrumbList\",\"@id\":\"https:\\\/\\\/grupoalcazar.net\\\/en\\\/contact\\\/#breadcrumb\",\"itemListElement\":[{\"@type\":\"ListItem\",\"position\":1,\"name\":\"Portada\",\"item\":\"https:\\\/\\\/grupoalcazar.net\\\/en\\\/\"},{\"@type\":\"ListItem\",\"position\":2,\"name\":\"Contact\"}]},{\"@type\":\"WebSite\",\"@id\":\"https:\\\/\\\/grupoalcazar.net\\\/en\\\/#website\",\"url\":\"https:\\\/\\\/grupoalcazar.net\\\/en\\\/\",\"name\":\"Alc\u00e1zar Abogados - Grupo Alc\u00e1zar\",\"description\":\"\",\"potentialAction\":[{\"@type\":\"SearchAction\",\"target\":{\"@type\":\"EntryPoint\",\"urlTemplate\":\"https:\\\/\\\/grupoalcazar.net\\\/en\\\/?s={search_term_string}\"},\"query-input\":{\"@type\":\"PropertyValueSpecification\",\"valueRequired\":true,\"valueName\":\"search_term_string\"}}],\"inLanguage\":\"en-US\"}]}<\/script>\n<!-- \/ Yoast SEO plugin. -->","yoast_head_json":{"title":"Contacto | Grupo Alc\u00e1zar \u2013 Asesor\u00eda Jur\u00eddica","description":"Contacta con Grupo Alc\u00e1zar para soluciones jur\u00eddicas profesionales: consultas, asesoramiento, representaci\u00f3n legal y atenci\u00f3n personalizada para tu caso.","robots":{"index":"index","follow":"follow","max-snippet":"max-snippet:-1","max-image-preview":"max-image-preview:large","max-video-preview":"max-video-preview:-1"},"canonical":"https:\/\/grupoalcazar.net\/en\/contact\/","og_locale":"en_US","og_type":"article","og_title":"Contacto | Grupo Alc\u00e1zar \u2013 Asesor\u00eda Jur\u00eddica","og_description":"Contacta con Grupo Alc\u00e1zar para soluciones jur\u00eddicas profesionales: consultas, asesoramiento, representaci\u00f3n legal y atenci\u00f3n personalizada para tu caso.","og_url":"https:\/\/grupoalcazar.net\/en\/contact\/","og_site_name":"Alc\u00e1zar Abogados - Grupo Alc\u00e1zar","article_modified_time":"2026-02-18T15:57:45+00:00","twitter_card":"summary_large_image","twitter_misc":{"Est. reading time":"1 minute"},"schema":{"@context":"https:\/\/schema.org","@graph":[{"@type":"WebPage","@id":"https:\/\/grupoalcazar.net\/en\/contact\/","url":"https:\/\/grupoalcazar.net\/en\/contact\/","name":"Contacto | Grupo Alc\u00e1zar \u2013 Asesor\u00eda Jur\u00eddica","isPartOf":{"@id":"https:\/\/grupoalcazar.net\/en\/#website"},"datePublished":"2024-05-21T05:16:22+00:00","dateModified":"2026-02-18T15:57:45+00:00","description":"Contacta con Grupo Alc\u00e1zar para soluciones jur\u00eddicas profesionales: consultas, asesoramiento, representaci\u00f3n legal y atenci\u00f3n personalizada para tu caso.","breadcrumb":{"@id":"https:\/\/grupoalcazar.net\/en\/contact\/#breadcrumb"},"inLanguage":"en-US","potentialAction":[{"@type":"ReadAction","target":["https:\/\/grupoalcazar.net\/en\/contact\/"]}]},{"@type":"BreadcrumbList","@id":"https:\/\/grupoalcazar.net\/en\/contact\/#breadcrumb","itemListElement":[{"@type":"ListItem","position":1,"name":"Portada","item":"https:\/\/grupoalcazar.net\/en\/"},{"@type":"ListItem","position":2,"name":"Contact"}]},{"@type":"WebSite","@id":"https:\/\/grupoalcazar.net\/en\/#website","url":"https:\/\/grupoalcazar.net\/en\/","name":"Alc\u00e1zar Abogados - Grupo Alc\u00e1zar","description":"","potentialAction":[{"@type":"SearchAction","target":{"@type":"EntryPoint","urlTemplate":"https:\/\/grupoalcazar.net\/en\/?s={search_term_string}"},"query-input":{"@type":"PropertyValueSpecification","valueRequired":true,"valueName":"search_term_string"}}],"inLanguage":"en-US"}]}},"_links":{"self":[{"href":"https:\/\/grupoalcazar.net\/en\/wp-json\/wp\/v2\/pages\/6581","targetHints":{"allow":["GET"]}}],"collection":[{"href":"https:\/\/grupoalcazar.net\/en\/wp-json\/wp\/v2\/pages"}],"about":[{"href":"https:\/\/grupoalcazar.net\/en\/wp-json\/wp\/v2\/types\/page"}],"author":[{"embeddable":true,"href":"https:\/\/grupoalcazar.net\/en\/wp-json\/wp\/v2\/users\/1"}],"replies":[{"embeddable":true,"href":"https:\/\/grupoalcazar.net\/en\/wp-json\/wp\/v2\/comments?post=6581"}],"version-history":[{"count":5,"href":"https:\/\/grupoalcazar.net\/en\/wp-json\/wp\/v2\/pages\/6581\/revisions"}],"predecessor-version":[{"id":7678,"href":"https:\/\/grupoalcazar.net\/en\/wp-json\/wp\/v2\/pages\/6581\/revisions\/7678"}],"wp:attachment":[{"href":"https:\/\/grupoalcazar.net\/en\/wp-json\/wp\/v2\/media?parent=6581"}],"wp:term":[{"taxonomy":"tipo-de-pagina","embeddable":true,"href":"https:\/\/grupoalcazar.net\/en\/wp-json\/wp\/v2\/tipo-de-pagina?post=6581"}],"curies":[{"name":"wp","href":"https:\/\/api.w.org\/{rel}","templated":true}]}}